{"id":21,"date":"2024-03-04T08:15:15","date_gmt":"2024-03-04T08:15:15","guid":{"rendered":"https:\/\/www.clearsky-network.com\/?page_id=21"},"modified":"2024-09-23T07:57:19","modified_gmt":"2024-09-23T07:57:19","slug":"articles","status":"publish","type":"page","link":"https:\/\/www.clearsky-network.com\/es\/articles\/","title":{"rendered":"Art\u00edculos"},"content":{"rendered":"<div data-elementor-type=\"wp-page\" data-elementor-id=\"21\" class=\"elementor elementor-21\" data-elementor-post-type=\"page\">\n\t\t\t\t\t\t<section class=\"elementor-section elementor-top-section elementor-element elementor-element-442268a9 elementor-section-boxed elementor-section-height-default elementor-section-height-default\" data-id=\"442268a9\" data-element_type=\"section\" data-e-type=\"section\">\n\t\t\t\t\t\t<div class=\"elementor-container elementor-column-gap-default\">\n\t\t\t\t\t<div class=\"elementor-column elementor-col-100 elementor-top-column elementor-element elementor-element-48dc34b7\" data-id=\"48dc34b7\" data-element_type=\"column\" data-e-type=\"column\">\n\t\t\t<div class=\"elementor-widget-wrap elementor-element-populated\">\n\t\t\t\t\t\t<div class=\"elementor-element elementor-element-fe08abf elementor-invisible elementor-widget elementor-widget-heading\" data-id=\"fe08abf\" data-element_type=\"widget\" data-e-type=\"widget\" data-settings=\"{&quot;_animation&quot;:&quot;fadeInUp&quot;}\" data-widget_type=\"heading.default\">\n\t\t\t\t\t<h1 class=\"elementor-heading-title elementor-size-default\">\u00daltimas noticias y art\u00edculos<\/h1>\t\t\t\t<\/div>\n\t\t\t\t<div class=\"elementor-element elementor-element-e2623fa elementor-posts--thumbnail-none elementor-grid-3 elementor-grid-tablet-2 elementor-grid-mobile-1 elementor-posts__hover-gradient load-more-align-center elementor-invisible elementor-widget elementor-widget-posts\" data-id=\"e2623fa\" data-element_type=\"widget\" data-e-type=\"widget\" data-settings=\"{&quot;_animation&quot;:&quot;fadeInUp&quot;,&quot;pagination_type&quot;:&quot;load_more_on_click&quot;,&quot;cards_columns&quot;:&quot;3&quot;,&quot;cards_columns_tablet&quot;:&quot;2&quot;,&quot;cards_columns_mobile&quot;:&quot;1&quot;,&quot;cards_row_gap&quot;:{&quot;unit&quot;:&quot;px&quot;,&quot;size&quot;:35,&quot;sizes&quot;:[]},&quot;cards_row_gap_widescreen&quot;:{&quot;unit&quot;:&quot;px&quot;,&quot;size&quot;:&quot;&quot;,&quot;sizes&quot;:[]},&quot;cards_row_gap_tablet&quot;:{&quot;unit&quot;:&quot;px&quot;,&quot;size&quot;:&quot;&quot;,&quot;sizes&quot;:[]},&quot;cards_row_gap_mobile&quot;:{&quot;unit&quot;:&quot;px&quot;,&quot;size&quot;:&quot;&quot;,&quot;sizes&quot;:[]},&quot;load_more_spinner&quot;:{&quot;value&quot;:&quot;fas fa-spinner&quot;,&quot;library&quot;:&quot;fa-solid&quot;}}\" data-widget_type=\"posts.cards\">\n\t\t\t\t<div class=\"elementor-widget-container\">\n\t\t\t\t\t\t\t<div class=\"elementor-posts-container elementor-posts elementor-posts--skin-cards elementor-grid\" role=\"list\">\n\t\t\t\t<article class=\"elementor-post elementor-grid-item post-8955 post type-post status-publish format-standard has-post-thumbnail hentry category-uncategorized\" role=\"listitem\">\n\t\t\t<div class=\"elementor-post__card\">\n\t\t\t\t<div class=\"elementor-post__text\">\n\t\t\t\t<h3 class=\"elementor-post__title\">\n\t\t\t<a href=\"https:\/\/www.clearsky-network.com\/es\/2025-online-gaming-shake-up-a-dramatic-year-of-change-in-four-key-markets\/\" >\n\t\t\t\t2025: La crisis del juego en l\u00ednea: Un a\u00f1o dram\u00e1tico de cambios en cuatro mercados clave\t\t\t<\/a>\n\t\t<\/h3>\n\t\t\t\t<div class=\"elementor-post__excerpt\">\n\t\t\t<p>A medida que nos acercamos a las \u00faltimas horas de 2025, el mundo de los juegos en l\u00ednea tiene un aspecto muy diferente del que ten\u00eda al principio. Cuatro<\/p>\n\t\t<\/div>\n\t\t\t\t<\/div>\n\t\t\t\t<div class=\"elementor-post__meta-data\">\n\t\t\t\t\t<span class=\"elementor-post-date\">\n\t\t\t6 de enero de 2026\t\t<\/span>\n\t\t\t\t<\/div>\n\t\t\t\t\t<\/div>\n\t\t<\/article>\n\t\t\t\t<article class=\"elementor-post elementor-grid-item post-8933 post type-post status-publish format-standard has-post-thumbnail hentry category-cryptocurrency\" role=\"listitem\">\n\t\t\t<div class=\"elementor-post__card\">\n\t\t\t\t<div class=\"elementor-post__text\">\n\t\t\t\t<h3 class=\"elementor-post__title\">\n\t\t\t<a href=\"https:\/\/www.clearsky-network.com\/es\/navigating-the-vasp-licensing-landscape-in-argentina\/\" >\n\t\t\t\tNavegar por el panorama de las licencias VASP en Argentina\t\t\t<\/a>\n\t\t<\/h3>\n\t\t\t\t<div class=\"elementor-post__excerpt\">\n\t\t\t<p>Am\u00e9rica Latina ha surgido como una de las regiones de m\u00e1s r\u00e1pido crecimiento para la actividad de activos digitales, con pa\u00edses como Brasil,<\/p>\n\t\t<\/div>\n\t\t\t\t<\/div>\n\t\t\t\t<div class=\"elementor-post__meta-data\">\n\t\t\t\t\t<span class=\"elementor-post-date\">\n\t\t\t7 de diciembre de 2025\t\t<\/span>\n\t\t\t\t<\/div>\n\t\t\t\t\t<\/div>\n\t\t<\/article>\n\t\t\t\t<article class=\"elementor-post elementor-grid-item post-8841 post type-post status-publish format-standard has-post-thumbnail hentry category-uncategorized\" role=\"listitem\">\n\t\t\t<div class=\"elementor-post__card\">\n\t\t\t\t<div class=\"elementor-post__text\">\n\t\t\t\t<h3 class=\"elementor-post__title\">\n\t\t\t<a href=\"https:\/\/www.clearsky-network.com\/es\/tuvalu-launches-a-new-offshore-gaming-license\/\" >\n\t\t\t\tTuvalu lanza una nueva licencia de juego offshore\t\t\t<\/a>\n\t\t<\/h3>\n\t\t\t\t<div class=\"elementor-post__excerpt\">\n\t\t\t<p>En un movimiento estrat\u00e9gico para apoyar su creciente econom\u00eda digital, Tuvalu, la naci\u00f3n insular del Pac\u00edfico conocida por su enfoque progresista<\/p>\n\t\t<\/div>\n\t\t\t\t<\/div>\n\t\t\t\t<div class=\"elementor-post__meta-data\">\n\t\t\t\t\t<span class=\"elementor-post-date\">\n\t\t\t7 de septiembre de 2025\t\t<\/span>\n\t\t\t\t<\/div>\n\t\t\t\t\t<\/div>\n\t\t<\/article>\n\t\t\t\t<article class=\"elementor-post elementor-grid-item post-8803 post type-post status-publish format-standard has-post-thumbnail hentry category-uncategorized\" role=\"listitem\">\n\t\t\t<div class=\"elementor-post__card\">\n\t\t\t\t<div class=\"elementor-post__text\">\n\t\t\t\t<h3 class=\"elementor-post__title\">\n\t\t\t<a href=\"https:\/\/www.clearsky-network.com\/es\/the-new-crypto-licensing-regime-in-saint-vincent\/\" >\n\t\t\t\tEl nuevo r\u00e9gimen de licencias de criptomonedas en San Vicente\t\t\t<\/a>\n\t\t<\/h3>\n\t\t\t\t<div class=\"elementor-post__excerpt\">\n\t\t\t<p>El sector de los activos digitales sigue madurando y, con \u00e9l, los marcos normativos evolucionan para ponerse al d\u00eda. En un importante<\/p>\n\t\t<\/div>\n\t\t\t\t<\/div>\n\t\t\t\t<div class=\"elementor-post__meta-data\">\n\t\t\t\t\t<span class=\"elementor-post-date\">\n\t\t\t13 de agosto de 2025\t\t<\/span>\n\t\t\t\t<\/div>\n\t\t\t\t\t<\/div>\n\t\t<\/article>\n\t\t\t\t<article class=\"elementor-post elementor-grid-item post-8717 post type-post status-publish format-standard has-post-thumbnail hentry category-uncategorized\" role=\"listitem\">\n\t\t\t<div class=\"elementor-post__card\">\n\t\t\t\t<div class=\"elementor-post__text\">\n\t\t\t\t<h3 class=\"elementor-post__title\">\n\t\t\t<a href=\"https:\/\/www.clearsky-network.com\/es\/mauritius-vs-seychelles-choosing-the-right-jurisdiction-for-your-brokerage-license\/\" >\n\t\t\t\tMauricio vs Seychelles: Elecci\u00f3n de la jurisdicci\u00f3n adecuada para su licencia de corretaje\t\t\t<\/a>\n\t\t<\/h3>\n\t\t\t\t<div class=\"elementor-post__excerpt\">\n\t\t\t<p>&nbsp; Cuando se estudia la concesi\u00f3n de licencias extraterritoriales para operaciones con divisas y CFD, dos jurisdicciones encabezan sistem\u00e1ticamente la lista: Mauricio y Seychelles. Mientras que<\/p>\n\t\t<\/div>\n\t\t\t\t<\/div>\n\t\t\t\t<div class=\"elementor-post__meta-data\">\n\t\t\t\t\t<span class=\"elementor-post-date\">\n\t\t\t1 de julio de 2025\t\t<\/span>\n\t\t\t\t<\/div>\n\t\t\t\t\t<\/div>\n\t\t<\/article>\n\t\t\t\t<article class=\"elementor-post elementor-grid-item post-8434 post type-post status-publish format-standard has-post-thumbnail hentry category-uncategorized\" role=\"listitem\">\n\t\t\t<div class=\"elementor-post__card\">\n\t\t\t\t<div class=\"elementor-post__text\">\n\t\t\t\t<h3 class=\"elementor-post__title\">\n\t\t\t<a href=\"https:\/\/www.clearsky-network.com\/es\/money-service-business-msb-in-canada-a-cost-effective-path-for-crypto-exchange-operators\/\" >\n\t\t\t\tNegocios de Servicios Monetarios (MSB) en Canad\u00e1 - Un camino rentable para los operadores de criptointercambio\t\t\t<\/a>\n\t\t<\/h3>\n\t\t\t\t<div class=\"elementor-post__excerpt\">\n\t\t\t<p>&nbsp; Las empresas de servicios monetarios (MSB) son parte integrante del sector financiero, ya que ofrecen alternativas a los servicios bancarios tradicionales, tales como<\/p>\n\t\t<\/div>\n\t\t\t\t<\/div>\n\t\t\t\t<div class=\"elementor-post__meta-data\">\n\t\t\t\t\t<span class=\"elementor-post-date\">\n\t\t\t25 de marzo de 2025\t\t<\/span>\n\t\t\t\t<\/div>\n\t\t\t\t\t<\/div>\n\t\t<\/article>\n\t\t\t\t<article class=\"elementor-post elementor-grid-item post-8355 post type-post status-publish format-standard has-post-thumbnail hentry category-igaming\" role=\"listitem\">\n\t\t\t<div class=\"elementor-post__card\">\n\t\t\t\t<div class=\"elementor-post__text\">\n\t\t\t\t<h3 class=\"elementor-post__title\">\n\t\t\t<a href=\"https:\/\/www.clearsky-network.com\/es\/curacaos-gaming-license-transition-expected-regulatory-changes\/\" >\n\t\t\t\tTransici\u00f3n de la licencia de juego de Cura\u00e7ao: Cambios normativos previstos\t\t\t<\/a>\n\t\t<\/h3>\n\t\t\t\t<div class=\"elementor-post__excerpt\">\n\t\t\t<p>A medida que Cura\u00e7ao avanza en la aplicaci\u00f3n de la Ordenanza Nacional sobre Juegos de Azar (LOK), ciertos requisitos reglamentarios para los operadores de juegos de azar<\/p>\n\t\t<\/div>\n\t\t\t\t<\/div>\n\t\t\t\t<div class=\"elementor-post__meta-data\">\n\t\t\t\t\t<span class=\"elementor-post-date\">\n\t\t\t19 de febrero de 2025\t\t<\/span>\n\t\t\t\t<\/div>\n\t\t\t\t\t<\/div>\n\t\t<\/article>\n\t\t\t\t<article class=\"elementor-post elementor-grid-item post-8080 post type-post status-publish format-standard has-post-thumbnail hentry category-cryptocurrency\" role=\"listitem\">\n\t\t\t<div class=\"elementor-post__card\">\n\t\t\t\t<div class=\"elementor-post__text\">\n\t\t\t\t<h3 class=\"elementor-post__title\">\n\t\t\t<a href=\"https:\/\/www.clearsky-network.com\/es\/el-salvador-crafting-the-future-of-cryptocurrency\/\" >\n\t\t\t\tEl Salvador: El futuro de las criptomonedas\t\t\t<\/a>\n\t\t<\/h3>\n\t\t\t\t<div class=\"elementor-post__excerpt\">\n\t\t\t<p>Imagine una tierra en la que la historia y la innovaci\u00f3n se dan la mano, donde las ruinas antiguas conviven con una nueva y audaz frontera econ\u00f3mica. Esa tierra<\/p>\n\t\t<\/div>\n\t\t\t\t<\/div>\n\t\t\t\t<div class=\"elementor-post__meta-data\">\n\t\t\t\t\t<span class=\"elementor-post-date\">\n\t\t\t23 de enero de 2025\t\t<\/span>\n\t\t\t\t<\/div>\n\t\t\t\t\t<\/div>\n\t\t<\/article>\n\t\t\t\t<article class=\"elementor-post elementor-grid-item post-7853 post type-post status-publish format-standard has-post-thumbnail hentry category-uncategorized\" role=\"listitem\">\n\t\t\t<div class=\"elementor-post__card\">\n\t\t\t\t<div class=\"elementor-post__text\">\n\t\t\t\t<h3 class=\"elementor-post__title\">\n\t\t\t<a href=\"https:\/\/www.clearsky-network.com\/es\/why-labuan-is-not-a-go-to-jurisdiction-anymore-for-fx-brokers\/\" >\n\t\t\t\t\u00bfPor qu\u00e9 Labuan ya no es una jurisdicci\u00f3n a la que acudan los corredores de divisas?\t\t\t<\/a>\n\t\t<\/h3>\n\t\t\t\t<div class=\"elementor-post__excerpt\">\n\t\t\t<p>Labuan es un interesante caso de prueba para el sector de las divisas. Algunos argumentar\u00e1n que no era una jurisdicci\u00f3n a la que acudir.<\/p>\n\t\t<\/div>\n\t\t\t\t<\/div>\n\t\t\t\t<div class=\"elementor-post__meta-data\">\n\t\t\t\t\t<span class=\"elementor-post-date\">\n\t\t\t17 de diciembre de 2024\t\t<\/span>\n\t\t\t\t<\/div>\n\t\t\t\t\t<\/div>\n\t\t<\/article>\n\t\t\t\t<article class=\"elementor-post elementor-grid-item post-7841 post type-post status-publish format-standard has-post-thumbnail hentry category-igaming\" role=\"listitem\">\n\t\t\t<div class=\"elementor-post__card\">\n\t\t\t\t<div class=\"elementor-post__text\">\n\t\t\t\t<h3 class=\"elementor-post__title\">\n\t\t\t<a href=\"https:\/\/www.clearsky-network.com\/es\/navigating-the-evolving-uk-online-gaming-industry-in-2024\/\" >\n\t\t\t\tLa evoluci\u00f3n del sector del juego en l\u00ednea en el Reino Unido en 2024\t\t\t<\/a>\n\t\t<\/h3>\n\t\t\t\t<div class=\"elementor-post__excerpt\">\n\t\t\t<p>Navegando por la industria del juego online en el Reino Unido en 2024 La industria del juego online en el Reino Unido es conocida por su naturaleza din\u00e1mica,<\/p>\n\t\t<\/div>\n\t\t\t\t<\/div>\n\t\t\t\t<div class=\"elementor-post__meta-data\">\n\t\t\t\t\t<span class=\"elementor-post-date\">\n\t\t\t8 de diciembre de 2024\t\t<\/span>\n\t\t\t\t<\/div>\n\t\t\t\t\t<\/div>\n\t\t<\/article>\n\t\t\t\t<article class=\"elementor-post elementor-grid-item post-7746 post type-post status-publish format-standard has-post-thumbnail hentry category-igaming\" role=\"listitem\">\n\t\t\t<div class=\"elementor-post__card\">\n\t\t\t\t<div class=\"elementor-post__text\">\n\t\t\t\t<h3 class=\"elementor-post__title\">\n\t\t\t<a href=\"https:\/\/www.clearsky-network.com\/es\/unlock-greeces-growing-online-gaming-market-with-a-hellenic-gaming-license\/\" >\n\t\t\t\tLibere el creciente mercado griego del juego en l\u00ednea con una licencia de juego hel\u00e9nica\t\t\t<\/a>\n\t\t<\/h3>\n\t\t\t\t<div class=\"elementor-post__excerpt\">\n\t\t\t<p>&nbsp; El sector griego del juego en l\u00ednea evoluciona con rapidez y ofrece grandes oportunidades a las empresas que desean entrar en un mercado din\u00e1mico y regulado.<\/p>\n\t\t<\/div>\n\t\t\t\t<\/div>\n\t\t\t\t<div class=\"elementor-post__meta-data\">\n\t\t\t\t\t<span class=\"elementor-post-date\">\n\t\t\t18 de noviembre de 2024\t\t<\/span>\n\t\t\t\t<\/div>\n\t\t\t\t\t<\/div>\n\t\t<\/article>\n\t\t\t\t<article class=\"elementor-post elementor-grid-item post-873 post type-post status-publish format-standard has-post-thumbnail hentry category-uncategorized\" role=\"listitem\">\n\t\t\t<div class=\"elementor-post__card\">\n\t\t\t\t<div class=\"elementor-post__text\">\n\t\t\t\t<h3 class=\"elementor-post__title\">\n\t\t\t<a href=\"https:\/\/www.clearsky-network.com\/es\/clearsky-networks-new-website-has-been-launched\/\" >\n\t\t\t\tLanzamiento del nuevo sitio web de ClearSky Network\t\t\t<\/a>\n\t\t<\/h3>\n\t\t\t\t<div class=\"elementor-post__excerpt\">\n\t\t\t<p>ClearSky Network se enorgullece de anunciar el lanzamiento de su nuevo sitio web, que incluye, entre otras cosas, un nuevo mercado<\/p>\n\t\t<\/div>\n\t\t\t\t<\/div>\n\t\t\t\t<div class=\"elementor-post__meta-data\">\n\t\t\t\t\t<span class=\"elementor-post-date\">\n\t\t\t19 de septiembre de 2024\t\t<\/span>\n\t\t\t\t<\/div>\n\t\t\t\t\t<\/div>\n\t\t<\/article>\n\t\t\t\t<\/div>\n\t\t\t\t\t<span class=\"e-load-more-spinner\">\n\t\t\t\t<svg aria-hidden=\"true\" class=\"e-font-icon-svg e-fas-spinner\" viewbox=\"0 0 512 512\" xmlns=\"http:\/\/www.w3.org\/2000\/svg\"><path d=\"M304 48c0 26.51-21.49 48-48 48s-48-21.49-48-48 21.49-48 48-48 48 21.49 48 48zm-48 368c-26.51 0-48 21.49-48 48s21.49 48 48 48 48-21.49 48-48-21.49-48-48-48zm208-208c-26.51 0-48 21.49-48 48s21.49 48 48 48 48-21.49 48-48-21.49-48-48-48zM96 256c0-26.51-21.49-48-48-48S0 229.49 0 256s21.49 48 48 48 48-21.49 48-48zm12.922 99.078c-26.51 0-48 21.49-48 48s21.49 48 48 48 48-21.49 48-48c0-26.509-21.491-48-48-48zm294.156 0c-26.51 0-48 21.49-48 48s21.49 48 48 48 48-21.49 48-48c0-26.509-21.49-48-48-48zM108.922 60.922c-26.51 0-48 21.49-48 48s21.49 48 48 48 48-21.49 48-48-21.491-48-48-48z\"><\/path><\/svg>\t\t\t<\/span>\n\t\t\n\t\t\t\t<div class=\"e-load-more-anchor\" data-page=\"1\" data-max-page=\"5\" data-next-page=\"https:\/\/www.clearsky-network.com\/es\/wp-json\/wp\/v2\/pages\/21\/page\/2\/\"><\/div>\n\t\t\t\t<div class=\"elementor-button-wrapper\">\n\t\t\t<a class=\"elementor-button elementor-size-sm\" role=\"button\">\n\t\t\t\t\t\t<span class=\"elementor-button-content-wrapper\">\n\t\t\t\t\t\t\t\t\t<span class=\"elementor-button-text\">M\u00e1s informaci\u00f3n<\/span>\n\t\t\t\t\t<\/span>\n\t\t\t\t\t<\/a>\n\t\t<\/div>\n\t\t\t\t<div class=\"e-load-more-message\"><\/div>\n\t\t\t\t\t\t<\/div>\n\t\t\t\t<\/div>\n\t\t\t\t\t<\/div>\n\t\t<\/div>\n\t\t\t\t\t<\/div>\n\t\t<\/section>\n\t\t\t\t<\/div>","protected":false},"excerpt":{"rendered":"<p>\u00daltimas noticias y art\u00edculos<\/p>","protected":false},"author":1,"featured_media":0,"parent":0,"menu_order":0,"comment_status":"closed","ping_status":"closed","template":"elementor_header_footer","meta":{"_acf_changed":false,"footnotes":""},"class_list":["post-21","page","type-page","status-publish","hentry"],"acf":[],"yoast_head":"<!-- This site is optimized with the Yoast SEO plugin v27.3 - https:\/\/yoast.com\/product\/yoast-seo-wordpress\/ -->\n<title>Articles - Clearsky Network<\/title>\n<meta name=\"robots\" content=\"index, follow, max-snippet:-1, max-image-preview:large, max-video-preview:-1\" \/>\n<link rel=\"canonical\" href=\"https:\/\/www.clearsky-network.com\/es\/articles\/\" \/>\n<meta property=\"og:locale\" content=\"es_ES\" \/>\n<meta property=\"og:type\" content=\"article\" \/>\n<meta property=\"og:title\" content=\"Articles - Clearsky Network\" \/>\n<meta property=\"og:description\" content=\"Latest News &amp; Articles\" \/>\n<meta property=\"og:url\" content=\"https:\/\/www.clearsky-network.com\/es\/articles\/\" \/>\n<meta property=\"og:site_name\" content=\"Clearsky Network\" \/>\n<meta property=\"article:publisher\" content=\"https:\/\/www.facebook.com\/clearskynetwork\" \/>\n<meta property=\"article:modified_time\" content=\"2024-09-23T07:57:19+00:00\" \/>\n<meta name=\"twitter:card\" content=\"summary_large_image\" \/>\n<script type=\"application\/ld+json\" class=\"yoast-schema-graph\">{\"@context\":\"https:\\\/\\\/schema.org\",\"@graph\":[{\"@type\":\"WebPage\",\"@id\":\"https:\\\/\\\/www.clearsky-network.com\\\/articles\\\/\",\"url\":\"https:\\\/\\\/www.clearsky-network.com\\\/articles\\\/\",\"name\":\"Articles - Clearsky Network\",\"isPartOf\":{\"@id\":\"https:\\\/\\\/www.clearsky-network.com\\\/#website\"},\"datePublished\":\"2024-03-04T08:15:15+00:00\",\"dateModified\":\"2024-09-23T07:57:19+00:00\",\"breadcrumb\":{\"@id\":\"https:\\\/\\\/www.clearsky-network.com\\\/articles\\\/#breadcrumb\"},\"inLanguage\":\"es\",\"potentialAction\":[{\"@type\":\"ReadAction\",\"target\":[\"https:\\\/\\\/www.clearsky-network.com\\\/articles\\\/\"]}]},{\"@type\":\"BreadcrumbList\",\"@id\":\"https:\\\/\\\/www.clearsky-network.com\\\/articles\\\/#breadcrumb\",\"itemListElement\":[{\"@type\":\"ListItem\",\"position\":1,\"name\":\"Home\",\"item\":\"https:\\\/\\\/www.clearsky-network.com\\\/\"},{\"@type\":\"ListItem\",\"position\":2,\"name\":\"Articles\"}]},{\"@type\":\"WebSite\",\"@id\":\"https:\\\/\\\/www.clearsky-network.com\\\/#website\",\"url\":\"https:\\\/\\\/www.clearsky-network.com\\\/\",\"name\":\"Clearsky Network\",\"description\":\"Global Business Solutions\",\"publisher\":{\"@id\":\"https:\\\/\\\/www.clearsky-network.com\\\/#organization\"},\"potentialAction\":[{\"@type\":\"SearchAction\",\"target\":{\"@type\":\"EntryPoint\",\"urlTemplate\":\"https:\\\/\\\/www.clearsky-network.com\\\/?s={search_term_string}\"},\"query-input\":{\"@type\":\"PropertyValueSpecification\",\"valueRequired\":true,\"valueName\":\"search_term_string\"}}],\"inLanguage\":\"es\"},{\"@type\":\"Organization\",\"@id\":\"https:\\\/\\\/www.clearsky-network.com\\\/#organization\",\"name\":\"Clearsky Network\",\"url\":\"https:\\\/\\\/www.clearsky-network.com\\\/\",\"logo\":{\"@type\":\"ImageObject\",\"inLanguage\":\"es\",\"@id\":\"https:\\\/\\\/www.clearsky-network.com\\\/#\\\/schema\\\/logo\\\/image\\\/\",\"url\":\"https:\\\/\\\/www.clearsky-network.com\\\/wp-content\\\/uploads\\\/2024\\\/03\\\/CSN_Long_no-slogan-black.png\",\"contentUrl\":\"https:\\\/\\\/www.clearsky-network.com\\\/wp-content\\\/uploads\\\/2024\\\/03\\\/CSN_Long_no-slogan-black.png\",\"width\":2474,\"height\":648,\"caption\":\"Clearsky Network\"},\"image\":{\"@id\":\"https:\\\/\\\/www.clearsky-network.com\\\/#\\\/schema\\\/logo\\\/image\\\/\"},\"sameAs\":[\"https:\\\/\\\/www.facebook.com\\\/clearskynetwork\",\"https:\\\/\\\/t.me\\\/Clearsky_Network\",\"https:\\\/\\\/www.linkedin.com\\\/company\\\/clearsky-network\\\/\"]}]}<\/script>\n<!-- \/ Yoast SEO plugin. -->","yoast_head_json":{"title":"Art\u00edculos - Clearsky Network","robots":{"index":"index","follow":"follow","max-snippet":"max-snippet:-1","max-image-preview":"max-image-preview:large","max-video-preview":"max-video-preview:-1"},"canonical":"https:\/\/www.clearsky-network.com\/es\/articles\/","og_locale":"es_ES","og_type":"article","og_title":"Articles - Clearsky Network","og_description":"Latest News &amp; Articles","og_url":"https:\/\/www.clearsky-network.com\/es\/articles\/","og_site_name":"Clearsky Network","article_publisher":"https:\/\/www.facebook.com\/clearskynetwork","article_modified_time":"2024-09-23T07:57:19+00:00","twitter_card":"summary_large_image","schema":{"@context":"https:\/\/schema.org","@graph":[{"@type":"WebPage","@id":"https:\/\/www.clearsky-network.com\/articles\/","url":"https:\/\/www.clearsky-network.com\/articles\/","name":"Art\u00edculos - Clearsky Network","isPartOf":{"@id":"https:\/\/www.clearsky-network.com\/#website"},"datePublished":"2024-03-04T08:15:15+00:00","dateModified":"2024-09-23T07:57:19+00:00","breadcrumb":{"@id":"https:\/\/www.clearsky-network.com\/articles\/#breadcrumb"},"inLanguage":"es","potentialAction":[{"@type":"ReadAction","target":["https:\/\/www.clearsky-network.com\/articles\/"]}]},{"@type":"BreadcrumbList","@id":"https:\/\/www.clearsky-network.com\/articles\/#breadcrumb","itemListElement":[{"@type":"ListItem","position":1,"name":"Home","item":"https:\/\/www.clearsky-network.com\/"},{"@type":"ListItem","position":2,"name":"Articles"}]},{"@type":"WebSite","@id":"https:\/\/www.clearsky-network.com\/#website","url":"https:\/\/www.clearsky-network.com\/","name":"Red Clearsky","description":"Soluciones empresariales globales","publisher":{"@id":"https:\/\/www.clearsky-network.com\/#organization"},"potentialAction":[{"@type":"SearchAction","target":{"@type":"EntryPoint","urlTemplate":"https:\/\/www.clearsky-network.com\/?s={search_term_string}"},"query-input":{"@type":"PropertyValueSpecification","valueRequired":true,"valueName":"search_term_string"}}],"inLanguage":"es"},{"@type":"Organization","@id":"https:\/\/www.clearsky-network.com\/#organization","name":"Red Clearsky","url":"https:\/\/www.clearsky-network.com\/","logo":{"@type":"ImageObject","inLanguage":"es","@id":"https:\/\/www.clearsky-network.com\/#\/schema\/logo\/image\/","url":"https:\/\/www.clearsky-network.com\/wp-content\/uploads\/2024\/03\/CSN_Long_no-slogan-black.png","contentUrl":"https:\/\/www.clearsky-network.com\/wp-content\/uploads\/2024\/03\/CSN_Long_no-slogan-black.png","width":2474,"height":648,"caption":"Clearsky Network"},"image":{"@id":"https:\/\/www.clearsky-network.com\/#\/schema\/logo\/image\/"},"sameAs":["https:\/\/www.facebook.com\/clearskynetwork","https:\/\/t.me\/Clearsky_Network","https:\/\/www.linkedin.com\/company\/clearsky-network\/"]}]}},"_links":{"self":[{"href":"https:\/\/www.clearsky-network.com\/es\/wp-json\/wp\/v2\/pages\/21","targetHints":{"allow":["GET"]}}],"collection":[{"href":"https:\/\/www.clearsky-network.com\/es\/wp-json\/wp\/v2\/pages"}],"about":[{"href":"https:\/\/www.clearsky-network.com\/es\/wp-json\/wp\/v2\/types\/page"}],"author":[{"embeddable":true,"href":"https:\/\/www.clearsky-network.com\/es\/wp-json\/wp\/v2\/users\/1"}],"replies":[{"embeddable":true,"href":"https:\/\/www.clearsky-network.com\/es\/wp-json\/wp\/v2\/comments?post=21"}],"version-history":[{"count":109,"href":"https:\/\/www.clearsky-network.com\/es\/wp-json\/wp\/v2\/pages\/21\/revisions"}],"predecessor-version":[{"id":6830,"href":"https:\/\/www.clearsky-network.com\/es\/wp-json\/wp\/v2\/pages\/21\/revisions\/6830"}],"wp:attachment":[{"href":"https:\/\/www.clearsky-network.com\/es\/wp-json\/wp\/v2\/media?parent=21"}],"curies":[{"name":"wp","href":"https:\/\/api.w.org\/{rel}","templated":true}]}}