{"id":3765,"date":"2024-07-05T08:47:02","date_gmt":"2024-07-05T08:47:02","guid":{"rendered":"https:\/\/www.clearsky-network.com\/?page_id=3765"},"modified":"2024-11-06T08:30:46","modified_gmt":"2024-11-06T08:30:46","slug":"affiliate","status":"publish","type":"page","link":"https:\/\/www.clearsky-network.com\/es\/affiliate\/","title":{"rendered":"Marketing de afiliaci\u00f3n"},"content":{"rendered":"<div data-elementor-type=\"wp-page\" data-elementor-id=\"3765\" class=\"elementor elementor-3765\" data-elementor-post-type=\"page\">\n\t\t\t\t<div class=\"elementor-element elementor-element-bd7ce29 e-flex e-con-boxed e-con e-parent\" data-id=\"bd7ce29\" data-element_type=\"container\" data-e-type=\"container\">\n\t\t\t\t\t<div class=\"e-con-inner\">\n\t\t<div class=\"elementor-element elementor-element-55fdccd e-con-full e-flex e-con e-child\" data-id=\"55fdccd\" data-element_type=\"container\" data-e-type=\"container\">\n\t\t\t\t<div class=\"elementor-element elementor-element-3fee0e0 elementor-icon-list--layout-inline elementor-list-item-link-full_width elementor-widget elementor-widget-icon-list\" data-id=\"3fee0e0\" data-element_type=\"widget\" data-e-type=\"widget\" data-widget_type=\"icon-list.default\">\n\t\t\t\t\t\t\t<ul class=\"elementor-icon-list-items elementor-inline-items\">\n\t\t\t\t\t\t\t<li class=\"elementor-icon-list-item elementor-inline-item\">\n\t\t\t\t\t\t\t\t\t\t\t<a href=\"https:\/\/www.clearsky-network.com\/es\/licensing-regulation\/\">\n\n\t\t\t\t\t\t\t\t\t\t\t<span class=\"elementor-icon-list-text\">Licencias y normativa<\/span>\n\t\t\t\t\t\t\t\t\t\t\t<\/a>\n\t\t\t\t\t\t\t\t\t<\/li>\n\t\t\t\t\t\t\t\t<li class=\"elementor-icon-list-item elementor-inline-item\">\n\t\t\t\t\t\t\t\t\t\t\t<span class=\"elementor-icon-list-icon\">\n\t\t\t\t\t\t\t<svg aria-hidden=\"true\" class=\"e-font-icon-svg e-fas-chevron-right\" viewbox=\"0 0 320 512\" xmlns=\"http:\/\/www.w3.org\/2000\/svg\"><path d=\"M285.476 272.971L91.132 467.314c-9.373 9.373-24.569 9.373-33.941 0l-22.667-22.667c-9.357-9.357-9.375-24.522-.04-33.901L188.505 256 34.484 101.255c-9.335-9.379-9.317-24.544.04-33.901l22.667-22.667c9.373-9.373 24.569-9.373 33.941 0L285.475 239.03c9.373 9.372 9.373 24.568.001 33.941z\"><\/path><\/svg>\t\t\t\t\t\t<\/span>\n\t\t\t\t\t\t\t\t\t\t<span class=\"elementor-icon-list-text\">Marketing de afiliaci\u00f3n<\/span>\n\t\t\t\t\t\t\t\t\t<\/li>\n\t\t\t\t\t\t<\/ul>\n\t\t\t\t\t\t<\/div>\n\t\t\t\t<div class=\"elementor-element elementor-element-7327bf3 elementor-widget elementor-widget-heading\" data-id=\"7327bf3\" data-element_type=\"widget\" data-e-type=\"widget\" data-widget_type=\"heading.default\">\n\t\t\t\t\t<h2 class=\"elementor-heading-title elementor-size-default\">Marketing de afiliaci\u00f3n<\/h2>\t\t\t\t<\/div>\n\t\t\t\t<div class=\"elementor-element elementor-element-f98a2bb elementor-widget elementor-widget-text-editor\" data-id=\"f98a2bb\" data-element_type=\"widget\" data-e-type=\"widget\" data-widget_type=\"text-editor.default\">\n\t\t\t\t\t\t\t\t\t<p>En el din\u00e1mico y creciente mundo del juego y las apuestas en l\u00ednea, el marketing de afiliaci\u00f3n se ha convertido en una poderosa herramienta para atraer tr\u00e1fico y generar ingresos. A medida que m\u00e1s estados se abran al mundo de las apuestas deportivas reguladas, el marketing de afiliaci\u00f3n se convertir\u00e1 en una fuerza motriz para la captaci\u00f3n de jugadores. Sin embargo, navegar por el panorama normativo para los afiliados de juego puede ser complejo y desafiante. Nuestros servicios de Licencias y Regulaci\u00f3n de Afiliados de Juego est\u00e1n dise\u00f1ados para ayudar a su negocio a cumplir con la normativa, maximizar las oportunidades y prosperar en este entorno competitivo. En Clearsky, estamos especializados en ofrecer soluciones integrales adaptadas a las necesidades espec\u00edficas de los afiliados de juego. Desde la obtenci\u00f3n de las licencias necesarias hasta garantizar el cumplimiento de las normas reguladoras en varias jurisdicciones, nuestro equipo de expertos est\u00e1 aqu\u00ed para guiarle en cada paso del camino. Gracias a nuestros profundos conocimientos y a nuestra probada trayectoria, le permitimos centrarse en lo que mejor sabe hacer: crear asociaciones de afiliados de \u00e9xito y hacer crecer su negocio.<\/p>\t\t\t\t\t\t\t\t<\/div>\n\t\t\t\t<div class=\"elementor-element elementor-element-c0f127b elementor-widget elementor-widget-text-editor\" data-id=\"c0f127b\" data-element_type=\"widget\" data-e-type=\"widget\" data-widget_type=\"text-editor.default\">\n\t\t\t\t\t\t\t\t\t<p>P\u00f3ngase en contacto con nosotros hoy mismo para descubrir c\u00f3mo podemos ayudarle a establecer su actividad de Instituci\u00f3n de pago.<\/p>\t\t\t\t\t\t\t\t<\/div>\n\t\t\t\t<div class=\"elementor-element elementor-element-6e203cd elementor-widget elementor-widget-button\" data-id=\"6e203cd\" data-element_type=\"widget\" data-e-type=\"widget\" data-widget_type=\"button.default\">\n\t\t\t\t\t\t\t\t\t\t<a class=\"elementor-button elementor-button-link elementor-size-sm\" href=\"#elementor-action%3Aaction%3Dpopup%3Aopen%26settings%3DeyJpZCI6Ijc1NTkiLCJ0b2dnbGUiOmZhbHNlfQ%3D%3D\">\n\t\t\t\t\t\t<span class=\"elementor-button-content-wrapper\">\n\t\t\t\t\t\t\t\t\t<span class=\"elementor-button-text\">P\u00f3ngase en contacto con nosotros<\/span>\n\t\t\t\t\t<\/span>\n\t\t\t\t\t<\/a>\n\t\t\t\t\t\t\t\t<\/div>\n\t\t\t\t<\/div>\n\t\t\t\t\t<\/div>\n\t\t\t\t<\/div>\n\t\t\t\t<\/div>","protected":false},"excerpt":{"rendered":"<p>Licensing &#038; Regulation In the dynamic and ever-growing world of online gaming and betting, affiliate marketing has become a powerful tool for driving traffic and generating revenue. As more states open up to the world of regulated sports betting, affiliate marketing is going to become a driving force for player acquisition. However, navigating the regulatory [&hellip;]<\/p>\n","protected":false},"author":1,"featured_media":0,"parent":0,"menu_order":0,"comment_status":"closed","ping_status":"closed","template":"elementor_header_footer","meta":{"_acf_changed":false,"footnotes":""},"class_list":["post-3765","page","type-page","status-publish","hentry"],"acf":[],"yoast_head":"<!-- This site is optimized with the Yoast SEO plugin v27.4 - https:\/\/yoast.com\/product\/yoast-seo-wordpress\/ -->\n<title>Affiliate Marketing - Clearsky Network<\/title>\n<meta name=\"robots\" content=\"index, follow, max-snippet:-1, max-image-preview:large, max-video-preview:-1\" \/>\n<link rel=\"canonical\" href=\"https:\/\/www.clearsky-network.com\/es\/affiliate\/\" \/>\n<meta property=\"og:locale\" content=\"es_ES\" \/>\n<meta property=\"og:type\" content=\"article\" \/>\n<meta property=\"og:title\" content=\"Affiliate Marketing - Clearsky Network\" \/>\n<meta property=\"og:description\" content=\"Licensing &#038; Regulation In the dynamic and ever-growing world of online gaming and betting, affiliate marketing has become a powerful tool for driving traffic and generating revenue. As more states open up to the world of regulated sports betting, affiliate marketing is going to become a driving force for player acquisition. However, navigating the regulatory [&hellip;]\" \/>\n<meta property=\"og:url\" content=\"https:\/\/www.clearsky-network.com\/es\/affiliate\/\" \/>\n<meta property=\"og:site_name\" content=\"Clearsky Network\" \/>\n<meta property=\"article:publisher\" content=\"https:\/\/www.facebook.com\/clearskynetwork\" \/>\n<meta property=\"article:modified_time\" content=\"2024-11-06T08:30:46+00:00\" \/>\n<meta name=\"twitter:card\" content=\"summary_large_image\" \/>\n<meta name=\"twitter:label1\" content=\"Tiempo de lectura\" \/>\n\t<meta name=\"twitter:data1\" content=\"1 minuto\" \/>\n<script type=\"application\/ld+json\" class=\"yoast-schema-graph\">{\"@context\":\"https:\\\/\\\/schema.org\",\"@graph\":[{\"@type\":\"WebPage\",\"@id\":\"https:\\\/\\\/www.clearsky-network.com\\\/affiliate\\\/\",\"url\":\"https:\\\/\\\/www.clearsky-network.com\\\/affiliate\\\/\",\"name\":\"Affiliate Marketing - Clearsky Network\",\"isPartOf\":{\"@id\":\"https:\\\/\\\/www.clearsky-network.com\\\/#website\"},\"datePublished\":\"2024-07-05T08:47:02+00:00\",\"dateModified\":\"2024-11-06T08:30:46+00:00\",\"breadcrumb\":{\"@id\":\"https:\\\/\\\/www.clearsky-network.com\\\/affiliate\\\/#breadcrumb\"},\"inLanguage\":\"es\",\"potentialAction\":[{\"@type\":\"ReadAction\",\"target\":[\"https:\\\/\\\/www.clearsky-network.com\\\/affiliate\\\/\"]}]},{\"@type\":\"BreadcrumbList\",\"@id\":\"https:\\\/\\\/www.clearsky-network.com\\\/affiliate\\\/#breadcrumb\",\"itemListElement\":[{\"@type\":\"ListItem\",\"position\":1,\"name\":\"Home\",\"item\":\"https:\\\/\\\/www.clearsky-network.com\\\/\"},{\"@type\":\"ListItem\",\"position\":2,\"name\":\"Affiliate Marketing\"}]},{\"@type\":\"WebSite\",\"@id\":\"https:\\\/\\\/www.clearsky-network.com\\\/#website\",\"url\":\"https:\\\/\\\/www.clearsky-network.com\\\/\",\"name\":\"Clearsky Network\",\"description\":\"Global Business Solutions\",\"publisher\":{\"@id\":\"https:\\\/\\\/www.clearsky-network.com\\\/#organization\"},\"potentialAction\":[{\"@type\":\"SearchAction\",\"target\":{\"@type\":\"EntryPoint\",\"urlTemplate\":\"https:\\\/\\\/www.clearsky-network.com\\\/?s={search_term_string}\"},\"query-input\":{\"@type\":\"PropertyValueSpecification\",\"valueRequired\":true,\"valueName\":\"search_term_string\"}}],\"inLanguage\":\"es\"},{\"@type\":\"Organization\",\"@id\":\"https:\\\/\\\/www.clearsky-network.com\\\/#organization\",\"name\":\"Clearsky Network\",\"url\":\"https:\\\/\\\/www.clearsky-network.com\\\/\",\"logo\":{\"@type\":\"ImageObject\",\"inLanguage\":\"es\",\"@id\":\"https:\\\/\\\/www.clearsky-network.com\\\/#\\\/schema\\\/logo\\\/image\\\/\",\"url\":\"https:\\\/\\\/www.clearsky-network.com\\\/wp-content\\\/uploads\\\/2024\\\/03\\\/CSN_Long_no-slogan-black.png\",\"contentUrl\":\"https:\\\/\\\/www.clearsky-network.com\\\/wp-content\\\/uploads\\\/2024\\\/03\\\/CSN_Long_no-slogan-black.png\",\"width\":2474,\"height\":648,\"caption\":\"Clearsky Network\"},\"image\":{\"@id\":\"https:\\\/\\\/www.clearsky-network.com\\\/#\\\/schema\\\/logo\\\/image\\\/\"},\"sameAs\":[\"https:\\\/\\\/www.facebook.com\\\/clearskynetwork\",\"https:\\\/\\\/t.me\\\/Clearsky_Network\",\"https:\\\/\\\/www.linkedin.com\\\/company\\\/clearsky-network\\\/\"]}]}<\/script>\n<!-- \/ Yoast SEO plugin. -->","yoast_head_json":{"title":"Marketing de afiliaci\u00f3n - Clearsky Network","robots":{"index":"index","follow":"follow","max-snippet":"max-snippet:-1","max-image-preview":"max-image-preview:large","max-video-preview":"max-video-preview:-1"},"canonical":"https:\/\/www.clearsky-network.com\/es\/affiliate\/","og_locale":"es_ES","og_type":"article","og_title":"Affiliate Marketing - Clearsky Network","og_description":"Licensing &#038; Regulation In the dynamic and ever-growing world of online gaming and betting, affiliate marketing has become a powerful tool for driving traffic and generating revenue. As more states open up to the world of regulated sports betting, affiliate marketing is going to become a driving force for player acquisition. However, navigating the regulatory [&hellip;]","og_url":"https:\/\/www.clearsky-network.com\/es\/affiliate\/","og_site_name":"Clearsky Network","article_publisher":"https:\/\/www.facebook.com\/clearskynetwork","article_modified_time":"2024-11-06T08:30:46+00:00","twitter_card":"summary_large_image","twitter_misc":{"Tiempo de lectura":"1 minuto"},"schema":{"@context":"https:\/\/schema.org","@graph":[{"@type":"WebPage","@id":"https:\/\/www.clearsky-network.com\/affiliate\/","url":"https:\/\/www.clearsky-network.com\/affiliate\/","name":"Marketing de afiliaci\u00f3n - Clearsky Network","isPartOf":{"@id":"https:\/\/www.clearsky-network.com\/#website"},"datePublished":"2024-07-05T08:47:02+00:00","dateModified":"2024-11-06T08:30:46+00:00","breadcrumb":{"@id":"https:\/\/www.clearsky-network.com\/affiliate\/#breadcrumb"},"inLanguage":"es","potentialAction":[{"@type":"ReadAction","target":["https:\/\/www.clearsky-network.com\/affiliate\/"]}]},{"@type":"BreadcrumbList","@id":"https:\/\/www.clearsky-network.com\/affiliate\/#breadcrumb","itemListElement":[{"@type":"ListItem","position":1,"name":"Home","item":"https:\/\/www.clearsky-network.com\/"},{"@type":"ListItem","position":2,"name":"Affiliate Marketing"}]},{"@type":"WebSite","@id":"https:\/\/www.clearsky-network.com\/#website","url":"https:\/\/www.clearsky-network.com\/","name":"Red Clearsky","description":"Soluciones empresariales globales","publisher":{"@id":"https:\/\/www.clearsky-network.com\/#organization"},"potentialAction":[{"@type":"SearchAction","target":{"@type":"EntryPoint","urlTemplate":"https:\/\/www.clearsky-network.com\/?s={search_term_string}"},"query-input":{"@type":"PropertyValueSpecification","valueRequired":true,"valueName":"search_term_string"}}],"inLanguage":"es"},{"@type":"Organization","@id":"https:\/\/www.clearsky-network.com\/#organization","name":"Red Clearsky","url":"https:\/\/www.clearsky-network.com\/","logo":{"@type":"ImageObject","inLanguage":"es","@id":"https:\/\/www.clearsky-network.com\/#\/schema\/logo\/image\/","url":"https:\/\/www.clearsky-network.com\/wp-content\/uploads\/2024\/03\/CSN_Long_no-slogan-black.png","contentUrl":"https:\/\/www.clearsky-network.com\/wp-content\/uploads\/2024\/03\/CSN_Long_no-slogan-black.png","width":2474,"height":648,"caption":"Clearsky Network"},"image":{"@id":"https:\/\/www.clearsky-network.com\/#\/schema\/logo\/image\/"},"sameAs":["https:\/\/www.facebook.com\/clearskynetwork","https:\/\/t.me\/Clearsky_Network","https:\/\/www.linkedin.com\/company\/clearsky-network\/"]}]}},"_links":{"self":[{"href":"https:\/\/www.clearsky-network.com\/es\/wp-json\/wp\/v2\/pages\/3765","targetHints":{"allow":["GET"]}}],"collection":[{"href":"https:\/\/www.clearsky-network.com\/es\/wp-json\/wp\/v2\/pages"}],"about":[{"href":"https:\/\/www.clearsky-network.com\/es\/wp-json\/wp\/v2\/types\/page"}],"author":[{"embeddable":true,"href":"https:\/\/www.clearsky-network.com\/es\/wp-json\/wp\/v2\/users\/1"}],"replies":[{"embeddable":true,"href":"https:\/\/www.clearsky-network.com\/es\/wp-json\/wp\/v2\/comments?post=3765"}],"version-history":[{"count":15,"href":"https:\/\/www.clearsky-network.com\/es\/wp-json\/wp\/v2\/pages\/3765\/revisions"}],"predecessor-version":[{"id":7605,"href":"https:\/\/www.clearsky-network.com\/es\/wp-json\/wp\/v2\/pages\/3765\/revisions\/7605"}],"wp:attachment":[{"href":"https:\/\/www.clearsky-network.com\/es\/wp-json\/wp\/v2\/media?parent=3765"}],"curies":[{"name":"wp","href":"https:\/\/api.w.org\/{rel}","templated":true}]}}