{"id":8183,"date":"2025-02-05T11:44:13","date_gmt":"2025-02-05T11:44:13","guid":{"rendered":"https:\/\/www.clearsky-network.com\/?page_id=8183"},"modified":"2025-03-24T10:07:35","modified_gmt":"2025-03-24T10:07:35","slug":"tech-by-clearsky","status":"publish","type":"page","link":"https:\/\/www.clearsky-network.com\/es\/tech-by-clearsky\/","title":{"rendered":"Tecnolog\u00eda de Clearsky"},"content":{"rendered":"<div data-elementor-type=\"wp-page\" data-elementor-id=\"8183\" class=\"elementor elementor-8183\" data-elementor-post-type=\"page\">\n\t\t\t\t\t\t<section class=\"elementor-section elementor-top-section elementor-element elementor-element-4fd9009 elementor-section-boxed elementor-section-height-default elementor-section-height-default\" data-id=\"4fd9009\" data-element_type=\"section\" data-e-type=\"section\" data-settings=\"{&quot;background_background&quot;:&quot;classic&quot;}\">\n\t\t\t\t\t\t<div class=\"elementor-container elementor-column-gap-default\">\n\t\t\t\t\t<div class=\"elementor-column elementor-col-100 elementor-top-column elementor-element elementor-element-427f854\" data-id=\"427f854\" data-element_type=\"column\" data-e-type=\"column\">\n\t\t\t<div class=\"elementor-widget-wrap elementor-element-populated\">\n\t\t\t\t\t\t<div class=\"elementor-element elementor-element-928c313 elementor-invisible elementor-widget elementor-widget-heading\" data-id=\"928c313\" data-element_type=\"widget\" data-e-type=\"widget\" data-settings=\"{&quot;_animation&quot;:&quot;fadeInUp&quot;}\" data-widget_type=\"heading.default\">\n\t\t\t\t\t<h1 class=\"elementor-heading-title elementor-size-default\">Tecnolog\u00eda de Clearsky<\/h1>\t\t\t\t<\/div>\n\t\t\t\t<div class=\"elementor-element elementor-element-da64aa1 elementor-widget elementor-widget-text-editor\" data-id=\"da64aa1\" data-element_type=\"widget\" data-e-type=\"widget\" data-widget_type=\"text-editor.default\">\n\t\t\t\t\t\t\t\t\t<p style=\"font-weight: 400;\">En el vertiginoso y din\u00e1mico mundo de los servicios de comercio electr\u00f3nico, la tecnolog\u00eda punta es la clave del \u00e9xito. Estamos especializados en aprovechar una amplia red de socios, proveedores de servicios locales, proveedores, consultores y clientes para proporcionar a nuestros clientes un acceso sin igual a valiosas conexiones empresariales. Estas conexiones abren las puertas a nuevas oportunidades, facilitan la colaboraci\u00f3n y refuerzan el alcance global de su empresa en diversos sectores y jurisdicciones.<\/p><p style=\"font-weight: 400;\"><strong>Descubra c\u00f3mo podemos hacer que la tecnolog\u00eda y las conexiones globales trabajen para usted.<\/strong><\/p>\t\t\t\t\t\t\t\t<\/div>\n\t\t\t\t\t<\/div>\n\t\t<\/div>\n\t\t\t\t\t<\/div>\n\t\t<\/section>\n\t\t\t\t<section class=\"elementor-section elementor-top-section elementor-element elementor-element-49a8ce4 elementor-section-boxed elementor-section-height-default elementor-section-height-default\" data-id=\"49a8ce4\" data-element_type=\"section\" data-e-type=\"section\" id=\"deals\" data-settings=\"{&quot;background_background&quot;:&quot;classic&quot;}\">\n\t\t\t\t\t\t<div class=\"elementor-container elementor-column-gap-default\">\n\t\t\t\t\t<div class=\"elementor-column elementor-col-100 elementor-top-column elementor-element elementor-element-3180be3\" data-id=\"3180be3\" data-element_type=\"column\" data-e-type=\"column\">\n\t\t\t<div class=\"elementor-widget-wrap elementor-element-populated\">\n\t\t\t\t\t\t<div class=\"elementor-element elementor-element-acdd9a4 elementor-invisible elementor-widget elementor-widget-heading\" data-id=\"acdd9a4\" data-element_type=\"widget\" data-e-type=\"widget\" data-settings=\"{&quot;_animation&quot;:&quot;fadeInUp&quot;}\" data-widget_type=\"heading.default\">\n\t\t\t\t\t<h2 class=\"elementor-heading-title elementor-size-default\">Ver soluciones<\/h2>\t\t\t\t<\/div>\n\t\t\t\t<section class=\"elementor-section elementor-inner-section elementor-element elementor-element-baca2e9 elementor-section-boxed elementor-section-height-default elementor-section-height-default elementor-invisible\" data-id=\"baca2e9\" data-element_type=\"section\" data-e-type=\"section\" id=\"offer\" data-settings=\"{&quot;animation&quot;:&quot;fadeInUp&quot;}\">\n\t\t\t\t\t\t<div class=\"elementor-container elementor-column-gap-default\">\n\t\t\t\t\t<div class=\"elementor-column elementor-col-100 elementor-inner-column elementor-element elementor-element-2bf4f56\" data-id=\"2bf4f56\" data-element_type=\"column\" data-e-type=\"column\">\n\t\t\t<div class=\"elementor-widget-wrap elementor-element-populated\">\n\t\t\t\t<div class=\"elementor-element elementor-element-80b0ac2 e-flex e-con-boxed e-con e-parent\" data-id=\"80b0ac2\" data-element_type=\"container\" data-e-type=\"container\">\n\t\t\t\t\t<div class=\"e-con-inner\">\n\t\t\t\t\t<\/div>\n\t\t\t\t<\/div>\n\t\t\t\t\t<\/div>\n\t\t<\/div>\n\t\t\t\t\t<\/div>\n\t\t<\/section>\n\t\t\t\t\t<\/div>\n\t\t<\/div>\n\t\t\t\t\t<\/div>\n\t\t<\/section>\n\t\t\t\t<\/div>","protected":false},"excerpt":{"rendered":"<p>Tech by Clearsky In the fast-paced and dynamic world of E-Business services, cutting-edge technology is the key to success. We specialize in leverage a wide-ranging network of partners, local service providers, suppliers, consultants, and clients to provide our customers with unparalleled access to valuable business connections. These connections open doors to new opportunities, facilitate collaborations, [&hellip;]<\/p>\n","protected":false},"author":1,"featured_media":0,"parent":0,"menu_order":0,"comment_status":"closed","ping_status":"closed","template":"elementor_header_footer","meta":{"_acf_changed":false,"footnotes":""},"class_list":["post-8183","page","type-page","status-publish","hentry"],"acf":[],"yoast_head":"<!-- This site is optimized with the Yoast SEO plugin v27.3 - https:\/\/yoast.com\/product\/yoast-seo-wordpress\/ -->\n<title>Tech by Clearsky - Clearsky Network<\/title>\n<meta name=\"robots\" content=\"index, follow, max-snippet:-1, max-image-preview:large, max-video-preview:-1\" \/>\n<link rel=\"canonical\" href=\"https:\/\/www.clearsky-network.com\/es\/tech-by-clearsky\/\" \/>\n<meta property=\"og:locale\" content=\"es_ES\" \/>\n<meta property=\"og:type\" content=\"article\" \/>\n<meta property=\"og:title\" content=\"Tech by Clearsky - Clearsky Network\" \/>\n<meta property=\"og:description\" content=\"Tech by Clearsky In the fast-paced and dynamic world of E-Business services, cutting-edge technology is the key to success. We specialize in leverage a wide-ranging network of partners, local service providers, suppliers, consultants, and clients to provide our customers with unparalleled access to valuable business connections. These connections open doors to new opportunities, facilitate collaborations, [&hellip;]\" \/>\n<meta property=\"og:url\" content=\"https:\/\/www.clearsky-network.com\/es\/tech-by-clearsky\/\" \/>\n<meta property=\"og:site_name\" content=\"Clearsky Network\" \/>\n<meta property=\"article:publisher\" content=\"https:\/\/www.facebook.com\/clearskynetwork\" \/>\n<meta property=\"article:modified_time\" content=\"2025-03-24T10:07:35+00:00\" \/>\n<meta name=\"twitter:card\" content=\"summary_large_image\" \/>\n<meta name=\"twitter:label1\" content=\"Tiempo de lectura\" \/>\n\t<meta name=\"twitter:data1\" content=\"1 minuto\" \/>\n<script type=\"application\/ld+json\" class=\"yoast-schema-graph\">{\"@context\":\"https:\\\/\\\/schema.org\",\"@graph\":[{\"@type\":\"WebPage\",\"@id\":\"https:\\\/\\\/www.clearsky-network.com\\\/tech-by-clearsky\\\/\",\"url\":\"https:\\\/\\\/www.clearsky-network.com\\\/tech-by-clearsky\\\/\",\"name\":\"Tech by Clearsky - Clearsky Network\",\"isPartOf\":{\"@id\":\"https:\\\/\\\/www.clearsky-network.com\\\/#website\"},\"datePublished\":\"2025-02-05T11:44:13+00:00\",\"dateModified\":\"2025-03-24T10:07:35+00:00\",\"breadcrumb\":{\"@id\":\"https:\\\/\\\/www.clearsky-network.com\\\/tech-by-clearsky\\\/#breadcrumb\"},\"inLanguage\":\"es\",\"potentialAction\":[{\"@type\":\"ReadAction\",\"target\":[\"https:\\\/\\\/www.clearsky-network.com\\\/tech-by-clearsky\\\/\"]}]},{\"@type\":\"BreadcrumbList\",\"@id\":\"https:\\\/\\\/www.clearsky-network.com\\\/tech-by-clearsky\\\/#breadcrumb\",\"itemListElement\":[{\"@type\":\"ListItem\",\"position\":1,\"name\":\"Home\",\"item\":\"https:\\\/\\\/www.clearsky-network.com\\\/\"},{\"@type\":\"ListItem\",\"position\":2,\"name\":\"Tech by Clearsky\"}]},{\"@type\":\"WebSite\",\"@id\":\"https:\\\/\\\/www.clearsky-network.com\\\/#website\",\"url\":\"https:\\\/\\\/www.clearsky-network.com\\\/\",\"name\":\"Clearsky Network\",\"description\":\"Global Business Solutions\",\"publisher\":{\"@id\":\"https:\\\/\\\/www.clearsky-network.com\\\/#organization\"},\"potentialAction\":[{\"@type\":\"SearchAction\",\"target\":{\"@type\":\"EntryPoint\",\"urlTemplate\":\"https:\\\/\\\/www.clearsky-network.com\\\/?s={search_term_string}\"},\"query-input\":{\"@type\":\"PropertyValueSpecification\",\"valueRequired\":true,\"valueName\":\"search_term_string\"}}],\"inLanguage\":\"es\"},{\"@type\":\"Organization\",\"@id\":\"https:\\\/\\\/www.clearsky-network.com\\\/#organization\",\"name\":\"Clearsky Network\",\"url\":\"https:\\\/\\\/www.clearsky-network.com\\\/\",\"logo\":{\"@type\":\"ImageObject\",\"inLanguage\":\"es\",\"@id\":\"https:\\\/\\\/www.clearsky-network.com\\\/#\\\/schema\\\/logo\\\/image\\\/\",\"url\":\"https:\\\/\\\/www.clearsky-network.com\\\/wp-content\\\/uploads\\\/2024\\\/03\\\/CSN_Long_no-slogan-black.png\",\"contentUrl\":\"https:\\\/\\\/www.clearsky-network.com\\\/wp-content\\\/uploads\\\/2024\\\/03\\\/CSN_Long_no-slogan-black.png\",\"width\":2474,\"height\":648,\"caption\":\"Clearsky Network\"},\"image\":{\"@id\":\"https:\\\/\\\/www.clearsky-network.com\\\/#\\\/schema\\\/logo\\\/image\\\/\"},\"sameAs\":[\"https:\\\/\\\/www.facebook.com\\\/clearskynetwork\",\"https:\\\/\\\/t.me\\\/Clearsky_Network\",\"https:\\\/\\\/www.linkedin.com\\\/company\\\/clearsky-network\\\/\"]}]}<\/script>\n<!-- \/ Yoast SEO plugin. -->","yoast_head_json":{"title":"Tecnolog\u00eda de Clearsky - Clearsky Network","robots":{"index":"index","follow":"follow","max-snippet":"max-snippet:-1","max-image-preview":"max-image-preview:large","max-video-preview":"max-video-preview:-1"},"canonical":"https:\/\/www.clearsky-network.com\/es\/tech-by-clearsky\/","og_locale":"es_ES","og_type":"article","og_title":"Tech by Clearsky - Clearsky Network","og_description":"Tech by Clearsky In the fast-paced and dynamic world of E-Business services, cutting-edge technology is the key to success. We specialize in leverage a wide-ranging network of partners, local service providers, suppliers, consultants, and clients to provide our customers with unparalleled access to valuable business connections. These connections open doors to new opportunities, facilitate collaborations, [&hellip;]","og_url":"https:\/\/www.clearsky-network.com\/es\/tech-by-clearsky\/","og_site_name":"Clearsky Network","article_publisher":"https:\/\/www.facebook.com\/clearskynetwork","article_modified_time":"2025-03-24T10:07:35+00:00","twitter_card":"summary_large_image","twitter_misc":{"Tiempo de lectura":"1 minuto"},"schema":{"@context":"https:\/\/schema.org","@graph":[{"@type":"WebPage","@id":"https:\/\/www.clearsky-network.com\/tech-by-clearsky\/","url":"https:\/\/www.clearsky-network.com\/tech-by-clearsky\/","name":"Tecnolog\u00eda de Clearsky - Clearsky Network","isPartOf":{"@id":"https:\/\/www.clearsky-network.com\/#website"},"datePublished":"2025-02-05T11:44:13+00:00","dateModified":"2025-03-24T10:07:35+00:00","breadcrumb":{"@id":"https:\/\/www.clearsky-network.com\/tech-by-clearsky\/#breadcrumb"},"inLanguage":"es","potentialAction":[{"@type":"ReadAction","target":["https:\/\/www.clearsky-network.com\/tech-by-clearsky\/"]}]},{"@type":"BreadcrumbList","@id":"https:\/\/www.clearsky-network.com\/tech-by-clearsky\/#breadcrumb","itemListElement":[{"@type":"ListItem","position":1,"name":"Home","item":"https:\/\/www.clearsky-network.com\/"},{"@type":"ListItem","position":2,"name":"Tech by Clearsky"}]},{"@type":"WebSite","@id":"https:\/\/www.clearsky-network.com\/#website","url":"https:\/\/www.clearsky-network.com\/","name":"Red Clearsky","description":"Soluciones empresariales globales","publisher":{"@id":"https:\/\/www.clearsky-network.com\/#organization"},"potentialAction":[{"@type":"SearchAction","target":{"@type":"EntryPoint","urlTemplate":"https:\/\/www.clearsky-network.com\/?s={search_term_string}"},"query-input":{"@type":"PropertyValueSpecification","valueRequired":true,"valueName":"search_term_string"}}],"inLanguage":"es"},{"@type":"Organization","@id":"https:\/\/www.clearsky-network.com\/#organization","name":"Red Clearsky","url":"https:\/\/www.clearsky-network.com\/","logo":{"@type":"ImageObject","inLanguage":"es","@id":"https:\/\/www.clearsky-network.com\/#\/schema\/logo\/image\/","url":"https:\/\/www.clearsky-network.com\/wp-content\/uploads\/2024\/03\/CSN_Long_no-slogan-black.png","contentUrl":"https:\/\/www.clearsky-network.com\/wp-content\/uploads\/2024\/03\/CSN_Long_no-slogan-black.png","width":2474,"height":648,"caption":"Clearsky Network"},"image":{"@id":"https:\/\/www.clearsky-network.com\/#\/schema\/logo\/image\/"},"sameAs":["https:\/\/www.facebook.com\/clearskynetwork","https:\/\/t.me\/Clearsky_Network","https:\/\/www.linkedin.com\/company\/clearsky-network\/"]}]}},"_links":{"self":[{"href":"https:\/\/www.clearsky-network.com\/es\/wp-json\/wp\/v2\/pages\/8183","targetHints":{"allow":["GET"]}}],"collection":[{"href":"https:\/\/www.clearsky-network.com\/es\/wp-json\/wp\/v2\/pages"}],"about":[{"href":"https:\/\/www.clearsky-network.com\/es\/wp-json\/wp\/v2\/types\/page"}],"author":[{"embeddable":true,"href":"https:\/\/www.clearsky-network.com\/es\/wp-json\/wp\/v2\/users\/1"}],"replies":[{"embeddable":true,"href":"https:\/\/www.clearsky-network.com\/es\/wp-json\/wp\/v2\/comments?post=8183"}],"version-history":[{"count":12,"href":"https:\/\/www.clearsky-network.com\/es\/wp-json\/wp\/v2\/pages\/8183\/revisions"}],"predecessor-version":[{"id":8195,"href":"https:\/\/www.clearsky-network.com\/es\/wp-json\/wp\/v2\/pages\/8183\/revisions\/8195"}],"wp:attachment":[{"href":"https:\/\/www.clearsky-network.com\/es\/wp-json\/wp\/v2\/media?parent=8183"}],"curies":[{"name":"wp","href":"https:\/\/api.w.org\/{rel}","templated":true}]}}