{"id":911,"date":"2024-03-25T11:08:55","date_gmt":"2024-03-25T11:08:55","guid":{"rendered":"https:\/\/www.clearsky-network.com\/?page_id=911"},"modified":"2024-10-09T11:06:51","modified_gmt":"2024-10-09T11:06:51","slug":"corporate-services","status":"publish","type":"page","link":"https:\/\/www.clearsky-network.com\/es\/corporate-services\/","title":{"rendered":"Servicios corporativos"},"content":{"rendered":"<div data-elementor-type=\"wp-page\" data-elementor-id=\"911\" class=\"elementor elementor-911\" data-elementor-post-type=\"page\">\n\t\t\t\t<div class=\"elementor-element elementor-element-9e098bd e-flex e-con-boxed e-con e-parent\" data-id=\"9e098bd\" data-element_type=\"container\" data-e-type=\"container\" data-settings=\"{&quot;background_background&quot;:&quot;classic&quot;}\">\n\t\t\t\t\t<div class=\"e-con-inner\">\n\t\t\t\t\t<\/div>\n\t\t\t\t<\/div>\n\t\t<div class=\"elementor-element elementor-element-bbbd00d e-flex e-con-boxed e-con e-parent\" data-id=\"bbbd00d\" data-element_type=\"container\" data-e-type=\"container\">\n\t\t\t\t\t<div class=\"e-con-inner\">\n\t\t\t\t<div class=\"elementor-element elementor-element-11ee840 elementor-widget elementor-widget-heading\" data-id=\"11ee840\" data-element_type=\"widget\" data-e-type=\"widget\" data-widget_type=\"heading.default\">\n\t\t\t\t\t<h2 class=\"elementor-heading-title elementor-size-default\">Servicios para empresas: Un punto de contacto, infinitas oportunidades de desarrollo empresarial<\/h2>\t\t\t\t<\/div>\n\t\t\t\t<div class=\"elementor-element elementor-element-5ff3f5e elementor-widget elementor-widget-text-editor\" data-id=\"5ff3f5e\" data-element_type=\"widget\" data-e-type=\"widget\" data-widget_type=\"text-editor.default\">\n\t\t\t\t\t\t\t\t\t<p>Aumente la independencia de su empresa y siga explorando su potencial en un marco normativo totalmente conforme. Sea testigo del abanico de posibilidades que ofrece la cartera de soluciones corporativas personalizadas de ClearSky Network y a\u00f1ada una transformaci\u00f3n empresarial de \u00e9xito a sus operaciones diarias.<\/p><p>Cada vez es m\u00e1s habitual que las empresas busquen proveedores de servicios corporativos profesionales, ya que el marco normativo de muchas jurisdicciones es cada vez m\u00e1s complejo. Un proveedor profesional de servicios corporativos, como ClearSky Network, se asegura de que su empresa cumpla con todo lo necesario, adem\u00e1s de ayudarle a agilizar sus operaciones, asegur\u00e1ndose al mismo tiempo de proteger y promocionar su marca.<\/p><p>En otras palabras, la mayor\u00eda de las empresas pueden beneficiarse realmente de la experiencia profesional de un proveedor de servicios corporativos profesionales para reducir al m\u00ednimo el tiempo dedicado al cumplimiento y la normativa, as\u00ed como a los asuntos administrativos y estrat\u00e9gicos, y ayudar a que la empresa funcione mejor.<\/p>\t\t\t\t\t\t\t\t<\/div>\n\t\t\t\t<div class=\"elementor-element elementor-element-7c09d81 elementor-widget elementor-widget-heading\" data-id=\"7c09d81\" data-element_type=\"widget\" data-e-type=\"widget\" data-widget_type=\"heading.default\">\n\t\t\t\t\t<h2 class=\"elementor-heading-title elementor-size-default\">\u00bfQu\u00e9 servicios corporativos ofrece ClearSky Network?<\/h2>\t\t\t\t<\/div>\n\t\t\t\t<div class=\"elementor-element elementor-element-49c76ea list elementor-widget elementor-widget-text-editor\" data-id=\"49c76ea\" data-element_type=\"widget\" data-e-type=\"widget\" data-widget_type=\"text-editor.default\">\n\t\t\t\t\t\t\t\t\t<p>En funci\u00f3n de las necesidades, planes de futuro y expectativas de cada cliente, ClearSky Network puede recomendar uno o varios de los siguientes servicios:<\/p><ul><li>Reglamento<\/li><li>Cumplir la legislaci\u00f3n vigente y las normas de un determinado regulador en una jurisdicci\u00f3n espec\u00edfica.<\/li><li>Cumplir la legislaci\u00f3n espec\u00edfica del sector.<\/li><li>Cumplir la legislaci\u00f3n contra el blanqueo de dinero y la financiaci\u00f3n del terrorismo.<\/li><li>Tratar cuestiones de Derecho laboral.<\/li><li>Cumplimiento de las obligaciones fiscales.<\/li><li>Asesoramiento jur\u00eddico y en materia de cumplimiento de la normativa.<\/li><li>Estructuraci\u00f3n y reestructuraci\u00f3n de empresas.<\/li><li>Toda la orientaci\u00f3n estrat\u00e9gica necesaria para crear y gestionar una empresa de \u00e9xito, de acuerdo con las necesidades y requisitos espec\u00edficos de la empresa.<\/li><li>Optimizaci\u00f3n de las estructuras empresariales, para empresas nuevas o ya existentes, con el fin de aprovechar plenamente cualquier ventaja fiscal posible o ajustarse a sus necesidades de desarrollo.<\/li><li>Estructuraci\u00f3n offshore\/onshore.<\/li><li>Estructuras y necesidades de los accionistas.<\/li><li>Registro de empresas, incluida la preparaci\u00f3n de toda la documentaci\u00f3n necesaria, su presentaci\u00f3n y la respuesta a cualquier consulta del regulador y las autoridades en cuesti\u00f3n.<\/li><li>Fideicomisarios nominales y fiduciarios<\/li><\/ul><p>Seg\u00fan lo exigido en el pa\u00eds de inter\u00e9s, incluido:<\/p><ul><li>Servicios de direcci\u00f3n y secretar\u00eda;<\/li><li>Disposici\u00f3n del domicilio social;<\/li><li>Servicios de gesti\u00f3n profesional en el extranjero;<\/li><li>Apertura y gesti\u00f3n de cuentas bancarias;<\/li><li>Servicios de firma de cuentas offshore;<\/li><li>Servicios de terceros nominados de protecci\u00f3n extraterritorial;<\/li><li>Representaci\u00f3n local en relaci\u00f3n con las instituciones o asociaciones pertinentes.<\/li><\/ul>\t\t\t\t\t\t\t\t<\/div>\n\t\t\t\t<div class=\"elementor-element elementor-element-359cac0 elementor-widget elementor-widget-heading\" data-id=\"359cac0\" data-element_type=\"widget\" data-e-type=\"widget\" data-widget_type=\"heading.default\">\n\t\t\t\t\t<h2 class=\"elementor-heading-title elementor-size-default\">Gesti\u00f3n de traslados de empresas<\/h2>\t\t\t\t<\/div>\n\t\t\t\t<div class=\"elementor-element elementor-element-dac0bb7 list elementor-widget elementor-widget-text-editor\" data-id=\"dac0bb7\" data-element_type=\"widget\" data-e-type=\"widget\" data-widget_type=\"text-editor.default\">\n\t\t\t\t\t\t\t\t\t<ul><li>Garantizar el cumplimiento de todos los requisitos legales (constituci\u00f3n, estructuraci\u00f3n, licencias, etc.)<\/li><li>Encontrar nuevas oficinas.<\/li><li>Dotar de personal clave a las posibles nuevas oficinas.<\/li><li>Optimizar de diversas formas las operaciones cotidianas en la nueva ubicaci\u00f3n.<\/li><\/ul>\t\t\t\t\t\t\t\t<\/div>\n\t\t\t\t<div class=\"elementor-element elementor-element-87ff675 elementor-widget elementor-widget-heading\" data-id=\"87ff675\" data-element_type=\"widget\" data-e-type=\"widget\" data-widget_type=\"heading.default\">\n\t\t\t\t\t<h2 class=\"elementor-heading-title elementor-size-default\">\u00bfQui\u00e9nes son nuestros clientes?<\/h2>\t\t\t\t<\/div>\n\t\t\t\t<div class=\"elementor-element elementor-element-0d551e6 elementor-widget elementor-widget-text-editor\" data-id=\"0d551e6\" data-element_type=\"widget\" data-e-type=\"widget\" data-widget_type=\"text-editor.default\">\n\t\t\t\t\t\t\t\t\t<p>Los clientes de ClearSky Network son tanto startups, ya que es importante que las empresas emergentes adopten una posici\u00f3n estrat\u00e9gica desde una fase temprana para garantizar la capacidad de la empresa de penetrar en el mercado, como empresas medianas y establecidas, y multinacionales, grandes corporaciones.<\/p><p>Nuestros clientes est\u00e1n repartidos por todo el mundo, y el hecho de contar con m\u00faltiples oficinas en todo el planeta no s\u00f3lo nos ha dado la capacidad de empatizar pr\u00e1cticamente con los inevitables problemas a los que se enfrentan las empresas al constituirse en un pa\u00eds de habla no inglesa, as\u00ed como con todas las limitaciones y ventajas que se derivan de tal decisi\u00f3n, sino que tambi\u00e9n nos ha facultado para crear equipos locales de profesionales que pueden ayudarle y guiarle a lo largo de todo el proceso. Esta es la principal ventaja de ClearSky Network: nuestro equipo y nuestros representantes tambi\u00e9n est\u00e1n donde usted y su empresa se encuentran.<\/p>\t\t\t\t\t\t\t\t<\/div>\n\t\t\t\t<div class=\"elementor-element elementor-element-864fb43 elementor-widget elementor-widget-text-editor\" data-id=\"864fb43\" data-element_type=\"widget\" data-e-type=\"widget\" data-widget_type=\"text-editor.default\">\n\t\t\t\t\t\t\t\t\t<p>Una iniciativa empresarial destacada conlleva muchos retos, pero no tiene por qu\u00e9 afrontarlos usted solo. En ClearSky Network encontrar\u00e1 un socio e innumerables problemas empresariales resueltos. P\u00f3ngase en contacto con nosotros para empezar, y eleve su negocio al siguiente nivel.<\/p>\t\t\t\t\t\t\t\t<\/div>\n\t\t\t\t\t<\/div>\n\t\t\t\t<\/div>\n\t\t\t\t<\/div>","protected":false},"excerpt":{"rendered":"<p>Corporate Services: One Contact Point, Infinite Business Development Opportunities Elevate your business\u2019s independence and further explore its potential in a fully compliant regulatory framework. Witness the realm of possibilities provided by ClearSky Network\u2019s personalized corporate solutions portfolio and add successful business transformation into your daily operations. It is becoming increasingly common for businesses to seek [&hellip;]<\/p>\n","protected":false},"author":1,"featured_media":0,"parent":0,"menu_order":0,"comment_status":"closed","ping_status":"closed","template":"elementor_header_footer","meta":{"_acf_changed":false,"footnotes":""},"class_list":["post-911","page","type-page","status-publish","hentry"],"acf":[],"yoast_head":"<!-- This site is optimized with the Yoast SEO plugin v27.5 - https:\/\/yoast.com\/product\/yoast-seo-wordpress\/ -->\n<title>International Corporate Services Provider That Helps You Streamline Your Business<\/title>\n<meta name=\"description\" content=\"We are an international business consultancy firm that provides a range of corporate services (registration, incorporation, structuring, etc.) to companies all over the world.\" \/>\n<meta name=\"robots\" content=\"index, follow, max-snippet:-1, max-image-preview:large, max-video-preview:-1\" \/>\n<link rel=\"canonical\" href=\"https:\/\/www.clearsky-network.com\/es\/corporate-services\/\" \/>\n<meta property=\"og:locale\" content=\"es_ES\" \/>\n<meta property=\"og:type\" content=\"article\" \/>\n<meta property=\"og:title\" content=\"International Corporate Services Provider That Helps You Streamline Your Business\" \/>\n<meta property=\"og:description\" content=\"We are an international business consultancy firm that provides a range of corporate services (registration, incorporation, structuring, etc.) to companies all over the world.\" \/>\n<meta property=\"og:url\" content=\"https:\/\/www.clearsky-network.com\/es\/corporate-services\/\" \/>\n<meta property=\"og:site_name\" content=\"Clearsky Network\" \/>\n<meta property=\"article:publisher\" content=\"https:\/\/www.facebook.com\/clearskynetwork\" \/>\n<meta property=\"article:modified_time\" content=\"2024-10-09T11:06:51+00:00\" \/>\n<meta name=\"twitter:card\" content=\"summary_large_image\" \/>\n<meta name=\"twitter:label1\" content=\"Tiempo de lectura\" \/>\n\t<meta name=\"twitter:data1\" content=\"3 minutos\" \/>\n<script type=\"application\/ld+json\" class=\"yoast-schema-graph\">{\"@context\":\"https:\\\/\\\/schema.org\",\"@graph\":[{\"@type\":\"WebPage\",\"@id\":\"https:\\\/\\\/www.clearsky-network.com\\\/corporate-services\\\/\",\"url\":\"https:\\\/\\\/www.clearsky-network.com\\\/corporate-services\\\/\",\"name\":\"International Corporate Services Provider That Helps You Streamline Your Business\",\"isPartOf\":{\"@id\":\"https:\\\/\\\/www.clearsky-network.com\\\/zh\\\/#website\"},\"datePublished\":\"2024-03-25T11:08:55+00:00\",\"dateModified\":\"2024-10-09T11:06:51+00:00\",\"description\":\"We are an international business consultancy firm that provides a range of corporate services (registration, incorporation, structuring, etc.) to companies all over the world.\",\"breadcrumb\":{\"@id\":\"https:\\\/\\\/www.clearsky-network.com\\\/corporate-services\\\/#breadcrumb\"},\"inLanguage\":\"es\",\"potentialAction\":[{\"@type\":\"ReadAction\",\"target\":[\"https:\\\/\\\/www.clearsky-network.com\\\/corporate-services\\\/\"]}]},{\"@type\":\"BreadcrumbList\",\"@id\":\"https:\\\/\\\/www.clearsky-network.com\\\/corporate-services\\\/#breadcrumb\",\"itemListElement\":[{\"@type\":\"ListItem\",\"position\":1,\"name\":\"Home\",\"item\":\"https:\\\/\\\/www.clearsky-network.com\\\/zh\\\/\"},{\"@type\":\"ListItem\",\"position\":2,\"name\":\"Corporate Services\"}]},{\"@type\":\"WebSite\",\"@id\":\"https:\\\/\\\/www.clearsky-network.com\\\/zh\\\/#website\",\"url\":\"https:\\\/\\\/www.clearsky-network.com\\\/zh\\\/\",\"name\":\"Clearsky Network\",\"description\":\"Global Business Solutions\",\"publisher\":{\"@id\":\"https:\\\/\\\/www.clearsky-network.com\\\/zh\\\/#organization\"},\"potentialAction\":[{\"@type\":\"SearchAction\",\"target\":{\"@type\":\"EntryPoint\",\"urlTemplate\":\"https:\\\/\\\/www.clearsky-network.com\\\/zh\\\/?s={search_term_string}\"},\"query-input\":{\"@type\":\"PropertyValueSpecification\",\"valueRequired\":true,\"valueName\":\"search_term_string\"}}],\"inLanguage\":\"es\"},{\"@type\":\"Organization\",\"@id\":\"https:\\\/\\\/www.clearsky-network.com\\\/zh\\\/#organization\",\"name\":\"Clearsky Network\",\"url\":\"https:\\\/\\\/www.clearsky-network.com\\\/zh\\\/\",\"logo\":{\"@type\":\"ImageObject\",\"inLanguage\":\"es\",\"@id\":\"https:\\\/\\\/www.clearsky-network.com\\\/zh\\\/#\\\/schema\\\/logo\\\/image\\\/\",\"url\":\"https:\\\/\\\/www.clearsky-network.com\\\/wp-content\\\/uploads\\\/2024\\\/03\\\/CSN_Long_no-slogan-black.png\",\"contentUrl\":\"https:\\\/\\\/www.clearsky-network.com\\\/wp-content\\\/uploads\\\/2024\\\/03\\\/CSN_Long_no-slogan-black.png\",\"width\":2474,\"height\":648,\"caption\":\"Clearsky Network\"},\"image\":{\"@id\":\"https:\\\/\\\/www.clearsky-network.com\\\/zh\\\/#\\\/schema\\\/logo\\\/image\\\/\"},\"sameAs\":[\"https:\\\/\\\/www.facebook.com\\\/clearskynetwork\",\"https:\\\/\\\/t.me\\\/Clearsky_Network\",\"https:\\\/\\\/www.linkedin.com\\\/company\\\/clearsky-network\\\/\"]}]}<\/script>\n<!-- \/ Yoast SEO plugin. -->","yoast_head_json":{"title":"Proveedor internacional de servicios corporativos que le ayuda a agilizar su negocio","description":"Somos una empresa internacional de consultor\u00eda empresarial que presta diversos servicios corporativos (registro, constituci\u00f3n, estructuraci\u00f3n, etc.) a empresas de todo el mundo.","robots":{"index":"index","follow":"follow","max-snippet":"max-snippet:-1","max-image-preview":"max-image-preview:large","max-video-preview":"max-video-preview:-1"},"canonical":"https:\/\/www.clearsky-network.com\/es\/corporate-services\/","og_locale":"es_ES","og_type":"article","og_title":"International Corporate Services Provider That Helps You Streamline Your Business","og_description":"We are an international business consultancy firm that provides a range of corporate services (registration, incorporation, structuring, etc.) to companies all over the world.","og_url":"https:\/\/www.clearsky-network.com\/es\/corporate-services\/","og_site_name":"Clearsky Network","article_publisher":"https:\/\/www.facebook.com\/clearskynetwork","article_modified_time":"2024-10-09T11:06:51+00:00","twitter_card":"summary_large_image","twitter_misc":{"Tiempo de lectura":"3 minutos"},"schema":{"@context":"https:\/\/schema.org","@graph":[{"@type":"WebPage","@id":"https:\/\/www.clearsky-network.com\/corporate-services\/","url":"https:\/\/www.clearsky-network.com\/corporate-services\/","name":"Proveedor internacional de servicios corporativos que le ayuda a agilizar su negocio","isPartOf":{"@id":"https:\/\/www.clearsky-network.com\/zh\/#website"},"datePublished":"2024-03-25T11:08:55+00:00","dateModified":"2024-10-09T11:06:51+00:00","description":"Somos una empresa internacional de consultor\u00eda empresarial que presta diversos servicios corporativos (registro, constituci\u00f3n, estructuraci\u00f3n, etc.) a empresas de todo el mundo.","breadcrumb":{"@id":"https:\/\/www.clearsky-network.com\/corporate-services\/#breadcrumb"},"inLanguage":"es","potentialAction":[{"@type":"ReadAction","target":["https:\/\/www.clearsky-network.com\/corporate-services\/"]}]},{"@type":"BreadcrumbList","@id":"https:\/\/www.clearsky-network.com\/corporate-services\/#breadcrumb","itemListElement":[{"@type":"ListItem","position":1,"name":"Home","item":"https:\/\/www.clearsky-network.com\/zh\/"},{"@type":"ListItem","position":2,"name":"Corporate Services"}]},{"@type":"WebSite","@id":"https:\/\/www.clearsky-network.com\/zh\/#website","url":"https:\/\/www.clearsky-network.com\/zh\/","name":"Red Clearsky","description":"Soluciones empresariales globales","publisher":{"@id":"https:\/\/www.clearsky-network.com\/zh\/#organization"},"potentialAction":[{"@type":"SearchAction","target":{"@type":"EntryPoint","urlTemplate":"https:\/\/www.clearsky-network.com\/zh\/?s={search_term_string}"},"query-input":{"@type":"PropertyValueSpecification","valueRequired":true,"valueName":"search_term_string"}}],"inLanguage":"es"},{"@type":"Organization","@id":"https:\/\/www.clearsky-network.com\/zh\/#organization","name":"Red Clearsky","url":"https:\/\/www.clearsky-network.com\/zh\/","logo":{"@type":"ImageObject","inLanguage":"es","@id":"https:\/\/www.clearsky-network.com\/zh\/#\/schema\/logo\/image\/","url":"https:\/\/www.clearsky-network.com\/wp-content\/uploads\/2024\/03\/CSN_Long_no-slogan-black.png","contentUrl":"https:\/\/www.clearsky-network.com\/wp-content\/uploads\/2024\/03\/CSN_Long_no-slogan-black.png","width":2474,"height":648,"caption":"Clearsky Network"},"image":{"@id":"https:\/\/www.clearsky-network.com\/zh\/#\/schema\/logo\/image\/"},"sameAs":["https:\/\/www.facebook.com\/clearskynetwork","https:\/\/t.me\/Clearsky_Network","https:\/\/www.linkedin.com\/company\/clearsky-network\/"]}]}},"_links":{"self":[{"href":"https:\/\/www.clearsky-network.com\/es\/wp-json\/wp\/v2\/pages\/911","targetHints":{"allow":["GET"]}}],"collection":[{"href":"https:\/\/www.clearsky-network.com\/es\/wp-json\/wp\/v2\/pages"}],"about":[{"href":"https:\/\/www.clearsky-network.com\/es\/wp-json\/wp\/v2\/types\/page"}],"author":[{"embeddable":true,"href":"https:\/\/www.clearsky-network.com\/es\/wp-json\/wp\/v2\/users\/1"}],"replies":[{"embeddable":true,"href":"https:\/\/www.clearsky-network.com\/es\/wp-json\/wp\/v2\/comments?post=911"}],"version-history":[{"count":47,"href":"https:\/\/www.clearsky-network.com\/es\/wp-json\/wp\/v2\/pages\/911\/revisions"}],"predecessor-version":[{"id":7312,"href":"https:\/\/www.clearsky-network.com\/es\/wp-json\/wp\/v2\/pages\/911\/revisions\/7312"}],"wp:attachment":[{"href":"https:\/\/www.clearsky-network.com\/es\/wp-json\/wp\/v2\/media?parent=911"}],"curies":[{"name":"wp","href":"https:\/\/api.w.org\/{rel}","templated":true}]}}