{"id":913,"date":"2024-03-25T11:09:09","date_gmt":"2024-03-25T11:09:09","guid":{"rendered":"https:\/\/www.clearsky-network.com\/?page_id=913"},"modified":"2024-10-09T11:08:04","modified_gmt":"2024-10-09T11:08:04","slug":"banking-and-payment-solutions","status":"publish","type":"page","link":"https:\/\/www.clearsky-network.com\/es\/banking-and-payment-solutions\/","title":{"rendered":"Soluciones bancarias y de pago"},"content":{"rendered":"<div data-elementor-type=\"wp-page\" data-elementor-id=\"913\" class=\"elementor elementor-913\" data-elementor-post-type=\"page\">\n\t\t\t\t<div class=\"elementor-element elementor-element-9a644e9 e-flex e-con-boxed e-con e-parent\" data-id=\"9a644e9\" data-element_type=\"container\" data-e-type=\"container\" data-settings=\"{&quot;background_background&quot;:&quot;classic&quot;}\">\n\t\t\t\t\t<div class=\"e-con-inner\">\n\t\t\t\t\t<\/div>\n\t\t\t\t<\/div>\n\t\t<div class=\"elementor-element elementor-element-0d3caa2 e-flex e-con-boxed e-con e-parent\" data-id=\"0d3caa2\" data-element_type=\"container\" data-e-type=\"container\">\n\t\t\t\t\t<div class=\"e-con-inner\">\n\t\t\t\t<div class=\"elementor-element elementor-element-e4ecd4d elementor-widget elementor-widget-heading\" data-id=\"e4ecd4d\" data-element_type=\"widget\" data-e-type=\"widget\" data-widget_type=\"heading.default\">\n\t\t\t\t\t<h2 class=\"elementor-heading-title elementor-size-default\">Soluciones de pago bancario ilimitadas, oportunidades de crecimiento infinitas<\/h2>\t\t\t\t<\/div>\n\t\t\t\t<div class=\"elementor-element elementor-element-d32c8a7 elementor-widget elementor-widget-text-editor\" data-id=\"d32c8a7\" data-element_type=\"widget\" data-e-type=\"widget\" data-widget_type=\"text-editor.default\">\n\t\t\t\t\t\t\t\t\t<p>Desde grandes empresas a particulares con grandes patrimonios, nuestras soluciones bancarias y de pago est\u00e1n a su servicio. Diversifique sin miedo, exp\u00e1ndase internacionalmente y asegure sus activos financieros con soluciones coherentes de un \u00fanico socio estrat\u00e9gico.<\/p><p>El panorama de la banca y los pagos es hoy m\u00e1s complejo que nunca, ya que la innovaci\u00f3n digital ha introducido una amplia gama de nuevas soluciones y productos de pago m\u00f3viles y en l\u00ednea.  Aunque en general esto es positivo, ya que fomenta tanto la inclusi\u00f3n financiera por parte de los consumidores como la promoci\u00f3n del acceso universal a los servicios financieros, no todas las opciones suelen ser igual de adecuadas o accesibles para todas las empresas.<\/p><p>Desde el punto de vista empresarial, la situaci\u00f3n se complica a\u00fan m\u00e1s por las cuestiones relacionadas con el cumplimiento de las leyes internacionales y nacionales que pueden garantizar la seguridad de las transacciones y la privacidad de los datos, as\u00ed como una gran capacidad de respuesta a las necesidades de los clientes, por un lado, y a las propias necesidades de pago de la empresa, por otro.<\/p><p>Adem\u00e1s, se sabe que muchos bancos s\u00f3lo trabajan con empresas locales en su jurisdicci\u00f3n de origen, lo que hace muy dif\u00edcil encontrar un banco adecuado para quienes, por diversos motivos, puedan necesitar una cuenta bancaria en un pa\u00eds en el que no residen de forma permanente. Algunos bancos tambi\u00e9n se niegan a abrir cuentas y proporcionar tarjetas de cr\u00e9dito, etc., a determinados tipos de empresas, lo que limita considerablemente las opciones de ciertas empresas.<\/p><p>Por lo tanto, elegir un banco o un proveedor de servicios de pago no es tan sencillo como uno podr\u00eda imaginarse antes de ponerse a ello.<\/p>\t\t\t\t\t\t\t\t<\/div>\n\t\t\t\t<div class=\"elementor-element elementor-element-c097cfe elementor-widget elementor-widget-heading\" data-id=\"c097cfe\" data-element_type=\"widget\" data-e-type=\"widget\" data-widget_type=\"heading.default\">\n\t\t\t\t\t<h2 class=\"elementor-heading-title elementor-size-default\">\u00bfC\u00f3mo puede ayudarle ClearSky Network a agilizar sus soluciones bancarias o de pago?<\/h2>\t\t\t\t<\/div>\n\t\t\t\t<div class=\"elementor-element elementor-element-6ef7e2f list elementor-widget elementor-widget-text-editor\" data-id=\"6ef7e2f\" data-element_type=\"widget\" data-e-type=\"widget\" data-widget_type=\"text-editor.default\">\n\t\t\t\t\t\t\t\t\t<p>La amplia experiencia de ClearSky Network en el comercio y los negocios internacionales nos ha permitido ofrecer una gran variedad de soluciones en cuanto a la apertura de cuentas bancarias, de pago y comerciales, con distintas tarifas y grados de flexibilidad, todo ello con el fin de adaptarnos al m\u00e1ximo a las necesidades y deseos del cliente.<\/p><p>Por tanto, estamos bien equipados para:<\/p><ul><li>Ofrezca recomendaciones personalizadas para cada empresa.<\/li><li>Presentar a cada cliente un banco y\/o proveedor de pagos que acepte su tipo de negocio para una cuenta corporativa.<\/li><li>Preparar toda la documentaci\u00f3n necesaria para la apertura de la\/s cuenta\/s.<\/li><li>Supervisar y ofrecer asistencia pr\u00e1ctica en caso necesario durante todo el proceso de apertura.<\/li><li>A\u00f1adir m\u00e1s servicios, como banca online, tarjetas de cr\u00e9dito, adem\u00e1s de la cuenta, si es necesario.<\/li><li>Ofrecer orientaci\u00f3n y asesoramiento continuos durante todo el proceso.<\/li><li>Presentar diversas soluciones de software y cajeros, adecuadas para la cascada de pagos y las herramientas de gesti\u00f3n de riesgos.<\/li><\/ul><p>Lo que nos diferencia<\/p><p>A diferencia de otras consultoras, ClearSky Network puede hacerlo en muchas jurisdicciones de todo el mundo, incluso en algunas jurisdicciones complejas. Tambi\u00e9n podemos ayudar a los clientes que tratan con cantidades sustanciales o m\u00e1s grandes de lo habitual, gracias a nuestra red sin precedentes.<\/p>\t\t\t\t\t\t\t\t<\/div>\n\t\t\t\t<div class=\"elementor-element elementor-element-607d6d9 elementor-widget elementor-widget-heading\" data-id=\"607d6d9\" data-element_type=\"widget\" data-e-type=\"widget\" data-widget_type=\"heading.default\">\n\t\t\t\t\t<h2 class=\"elementor-heading-title elementor-size-default\">Ejemplos de soluciones de pago clave que solicitan muchos clientes de ClearSky<\/h2>\t\t\t\t<\/div>\n\t\t\t\t<div class=\"elementor-element elementor-element-2253925 list elementor-widget elementor-widget-text-editor\" data-id=\"2253925\" data-element_type=\"widget\" data-e-type=\"widget\" data-widget_type=\"text-editor.default\">\n\t\t\t\t\t\t\t\t\t<p>Algunas de las soluciones de pago m\u00e1s populares que solicitan muchos de nuestros clientes son:<\/p><ul><li>Soluciones por cable (C2B, B2B)<\/li><li>Procesamiento de tarjetas de cr\u00e9dito<\/li><li>Pagos alternativos<\/li><li>Bolsas de criptomonedas<\/li><\/ul><p>Por lo tanto, ClearSky Network est\u00e1 especialmente bien posicionada para ayudar a cualquiera que busque estas soluciones de pago u otras similares.<\/p>\t\t\t\t\t\t\t\t<\/div>\n\t\t\t\t<div class=\"elementor-element elementor-element-a41d17c elementor-widget elementor-widget-heading\" data-id=\"a41d17c\" data-element_type=\"widget\" data-e-type=\"widget\" data-widget_type=\"heading.default\">\n\t\t\t\t\t<h2 class=\"elementor-heading-title elementor-size-default\">\u00bfA qu\u00e9 sectores servimos?<\/h2>\t\t\t\t<\/div>\n\t\t\t\t<div class=\"elementor-element elementor-element-7b4a91f list elementor-widget elementor-widget-text-editor\" data-id=\"7b4a91f\" data-element_type=\"widget\" data-e-type=\"widget\" data-widget_type=\"text-editor.default\">\n\t\t\t\t\t\t\t\t\t<p>Nuestros clientes que solicitan asistencia con sus servicios bancarios y de pagos proceden de multitud de sectores, pero algunos de los sectores con los que tratamos m\u00e1s a menudo son:<\/p><ul><li>Fintech<\/li><li>Empresas que trabajan con blockchain o criptomonedas<\/li><li>Divisas,<\/li><li>Regtech,<\/li><li>Empresas de iGaming e iGambling (casino, apuestas deportivas, rasca y gana, etc.)<\/li><li>Empresas de alta tecnolog\u00eda (empresas relacionadas con la inteligencia artificial, la ciberseguridad, el aprendizaje autom\u00e1tico, etc.)<\/li><li>Empresas de comercio electr\u00f3nico.<\/li><\/ul>\t\t\t\t\t\t\t\t<\/div>\n\t\t\t\t<div class=\"elementor-element elementor-element-bbb4730 elementor-widget elementor-widget-heading\" data-id=\"bbb4730\" data-element_type=\"widget\" data-e-type=\"widget\" data-widget_type=\"heading.default\">\n\t\t\t\t\t<h2 class=\"elementor-heading-title elementor-size-default\">\u00bfCon qui\u00e9n trabajamos?<\/h2>\t\t\t\t<\/div>\n\t\t\t\t<div class=\"elementor-element elementor-element-53ae451 elementor-widget elementor-widget-text-editor\" data-id=\"53ae451\" data-element_type=\"widget\" data-e-type=\"widget\" data-widget_type=\"text-editor.default\">\n\t\t\t\t\t\t\t\t\t<p>Gracias a nuestra dilatada experiencia, hemos establecido contactos con numerosos bancos y otros proveedores de servicios de pago de todo el mundo, lo que ha dado lugar a una red impresionante e inigualable de la que se benefician hoy nuestros clientes.<\/p><p>Trabajamos con algunos de los mayores bancos del mundo, en las principales jurisdicciones de prestigio, pero tambi\u00e9n con proveedores de pagos m\u00e1s peque\u00f1os y especializados para los clientes que lo prefieran o puedan beneficiarse de ello. Tambi\u00e9n tenemos conexiones en varias jurisdicciones extraterritoriales, dentro de la UE, y todo lo que hay entre medias.<\/p><p>Por ello, confiamos en que la mayor\u00eda de los clientes puedan encontrar una soluci\u00f3n adecuada a sus necesidades bancarias y de pago a trav\u00e9s de nosotros, sean cuales sean sus preferencias y circunstancias.<\/p><p>Nuestra \u00fanica limitaci\u00f3n en lo que respecta a los bancos e instituciones financieras con los que trabajamos es que s\u00f3lo trabajamos con socios que ofrecen banca en l\u00ednea y tarjetas de cr\u00e9dito internacionales, ya que hemos descubierto que pr\u00e1cticamente todos nuestros clientes necesitan ambas cosas para poder gestionar todos sus asuntos bancarios y de pagos de forma eficaz en el d\u00eda a d\u00eda.<\/p>\t\t\t\t\t\t\t\t<\/div>\n\t\t\t\t<div class=\"elementor-element elementor-element-b7a1e16 elementor-widget elementor-widget-text-editor\" data-id=\"b7a1e16\" data-element_type=\"widget\" data-e-type=\"widget\" data-widget_type=\"text-editor.default\">\n\t\t\t\t\t\t\t\t\t<p>Independientemente de la soluci\u00f3n bancaria o de pago que est\u00e9 buscando, Clearsky Network puede ser un socio fiable, especialmente cuando se trata de asuntos delicados o que requieren mucho tiempo. Los servicios bancarios y de pago de Clearsky Network pueden potenciar y potenciar\u00e1n su marca mediante soluciones de pago instant\u00e1neas y seguras para su empresa y sus clientes. Siempre que haya dinero en movimiento, estamos aqu\u00ed para salvaguardar su capital y estimular a\u00fan m\u00e1s su crecimiento en un entorno que cumpla la legislaci\u00f3n. P\u00f3ngase en contacto con nosotros hoy mismo para obtener soluciones de pago eficaces y optimizar sus operaciones comerciales.<\/p>\t\t\t\t\t\t\t\t<\/div>\n\t\t\t\t\t<\/div>\n\t\t\t\t<\/div>\n\t\t\t\t<\/div>","protected":false},"excerpt":{"rendered":"<p>Boundless banking payment solutions, endless growth opportunities From top corporations to high net-worth individuals, our payment &amp; banking solutions are at your service. Fearlessly diversify, expand internationally, and secure your financial holdings with coherent solutions from only one strategic partner. The banking and payments landscape today is more complex than it ever has been, as [&hellip;]<\/p>\n","protected":false},"author":1,"featured_media":0,"parent":0,"menu_order":0,"comment_status":"closed","ping_status":"closed","template":"elementor_header_footer","meta":{"_acf_changed":false,"footnotes":""},"class_list":["post-913","page","type-page","status-publish","hentry"],"acf":[],"yoast_head":"<!-- This site is optimized with the Yoast SEO plugin v27.5 - https:\/\/yoast.com\/product\/yoast-seo-wordpress\/ -->\n<title>We Help You Find Banking and Payments Solutions All Over The World<\/title>\n<meta name=\"description\" content=\"Need help finding the optimal banking\/payment solution for your company? ClearSky Network can help you figure out what you need, find it and set you up.\" \/>\n<meta name=\"robots\" content=\"index, follow, max-snippet:-1, max-image-preview:large, max-video-preview:-1\" \/>\n<link rel=\"canonical\" href=\"https:\/\/www.clearsky-network.com\/es\/banking-and-payment-solutions\/\" \/>\n<meta property=\"og:locale\" content=\"es_ES\" \/>\n<meta property=\"og:type\" content=\"article\" \/>\n<meta property=\"og:title\" content=\"We Help You Find Banking and Payments Solutions All Over The World\" \/>\n<meta property=\"og:description\" content=\"Need help finding the optimal banking\/payment solution for your company? ClearSky Network can help you figure out what you need, find it and set you up.\" \/>\n<meta property=\"og:url\" content=\"https:\/\/www.clearsky-network.com\/es\/banking-and-payment-solutions\/\" \/>\n<meta property=\"og:site_name\" content=\"Clearsky Network\" \/>\n<meta property=\"article:publisher\" content=\"https:\/\/www.facebook.com\/clearskynetwork\" \/>\n<meta property=\"article:modified_time\" content=\"2024-10-09T11:08:04+00:00\" \/>\n<meta name=\"twitter:card\" content=\"summary_large_image\" \/>\n<meta name=\"twitter:label1\" content=\"Tiempo de lectura\" \/>\n\t<meta name=\"twitter:data1\" content=\"4 minutos\" \/>\n<script type=\"application\/ld+json\" class=\"yoast-schema-graph\">{\"@context\":\"https:\\\/\\\/schema.org\",\"@graph\":[{\"@type\":\"WebPage\",\"@id\":\"https:\\\/\\\/www.clearsky-network.com\\\/banking-and-payment-solutions\\\/\",\"url\":\"https:\\\/\\\/www.clearsky-network.com\\\/banking-and-payment-solutions\\\/\",\"name\":\"We Help You Find Banking and Payments Solutions All Over The World\",\"isPartOf\":{\"@id\":\"https:\\\/\\\/www.clearsky-network.com\\\/zh\\\/#website\"},\"datePublished\":\"2024-03-25T11:09:09+00:00\",\"dateModified\":\"2024-10-09T11:08:04+00:00\",\"description\":\"Need help finding the optimal banking\\\/payment solution for your company? ClearSky Network can help you figure out what you need, find it and set you up.\",\"breadcrumb\":{\"@id\":\"https:\\\/\\\/www.clearsky-network.com\\\/banking-and-payment-solutions\\\/#breadcrumb\"},\"inLanguage\":\"es\",\"potentialAction\":[{\"@type\":\"ReadAction\",\"target\":[\"https:\\\/\\\/www.clearsky-network.com\\\/banking-and-payment-solutions\\\/\"]}]},{\"@type\":\"BreadcrumbList\",\"@id\":\"https:\\\/\\\/www.clearsky-network.com\\\/banking-and-payment-solutions\\\/#breadcrumb\",\"itemListElement\":[{\"@type\":\"ListItem\",\"position\":1,\"name\":\"Home\",\"item\":\"https:\\\/\\\/www.clearsky-network.com\\\/zh\\\/\"},{\"@type\":\"ListItem\",\"position\":2,\"name\":\"Banking And Payment Solutions\"}]},{\"@type\":\"WebSite\",\"@id\":\"https:\\\/\\\/www.clearsky-network.com\\\/zh\\\/#website\",\"url\":\"https:\\\/\\\/www.clearsky-network.com\\\/zh\\\/\",\"name\":\"Clearsky Network\",\"description\":\"Global Business Solutions\",\"publisher\":{\"@id\":\"https:\\\/\\\/www.clearsky-network.com\\\/zh\\\/#organization\"},\"potentialAction\":[{\"@type\":\"SearchAction\",\"target\":{\"@type\":\"EntryPoint\",\"urlTemplate\":\"https:\\\/\\\/www.clearsky-network.com\\\/zh\\\/?s={search_term_string}\"},\"query-input\":{\"@type\":\"PropertyValueSpecification\",\"valueRequired\":true,\"valueName\":\"search_term_string\"}}],\"inLanguage\":\"es\"},{\"@type\":\"Organization\",\"@id\":\"https:\\\/\\\/www.clearsky-network.com\\\/zh\\\/#organization\",\"name\":\"Clearsky Network\",\"url\":\"https:\\\/\\\/www.clearsky-network.com\\\/zh\\\/\",\"logo\":{\"@type\":\"ImageObject\",\"inLanguage\":\"es\",\"@id\":\"https:\\\/\\\/www.clearsky-network.com\\\/zh\\\/#\\\/schema\\\/logo\\\/image\\\/\",\"url\":\"https:\\\/\\\/www.clearsky-network.com\\\/wp-content\\\/uploads\\\/2024\\\/03\\\/CSN_Long_no-slogan-black.png\",\"contentUrl\":\"https:\\\/\\\/www.clearsky-network.com\\\/wp-content\\\/uploads\\\/2024\\\/03\\\/CSN_Long_no-slogan-black.png\",\"width\":2474,\"height\":648,\"caption\":\"Clearsky Network\"},\"image\":{\"@id\":\"https:\\\/\\\/www.clearsky-network.com\\\/zh\\\/#\\\/schema\\\/logo\\\/image\\\/\"},\"sameAs\":[\"https:\\\/\\\/www.facebook.com\\\/clearskynetwork\",\"https:\\\/\\\/t.me\\\/Clearsky_Network\",\"https:\\\/\\\/www.linkedin.com\\\/company\\\/clearsky-network\\\/\"]}]}<\/script>\n<!-- \/ Yoast SEO plugin. -->","yoast_head_json":{"title":"Le ayudamos a encontrar soluciones bancarias y de pago en todo el mundo","description":"\u00bfNecesita ayuda para encontrar la soluci\u00f3n bancaria\/pago \u00f3ptima para su empresa? ClearSky Network puede ayudarle a averiguar lo que necesita, encontrarlo y ponerlo en marcha.","robots":{"index":"index","follow":"follow","max-snippet":"max-snippet:-1","max-image-preview":"max-image-preview:large","max-video-preview":"max-video-preview:-1"},"canonical":"https:\/\/www.clearsky-network.com\/es\/banking-and-payment-solutions\/","og_locale":"es_ES","og_type":"article","og_title":"We Help You Find Banking and Payments Solutions All Over The World","og_description":"Need help finding the optimal banking\/payment solution for your company? ClearSky Network can help you figure out what you need, find it and set you up.","og_url":"https:\/\/www.clearsky-network.com\/es\/banking-and-payment-solutions\/","og_site_name":"Clearsky Network","article_publisher":"https:\/\/www.facebook.com\/clearskynetwork","article_modified_time":"2024-10-09T11:08:04+00:00","twitter_card":"summary_large_image","twitter_misc":{"Tiempo de lectura":"4 minutos"},"schema":{"@context":"https:\/\/schema.org","@graph":[{"@type":"WebPage","@id":"https:\/\/www.clearsky-network.com\/banking-and-payment-solutions\/","url":"https:\/\/www.clearsky-network.com\/banking-and-payment-solutions\/","name":"Le ayudamos a encontrar soluciones bancarias y de pago en todo el mundo","isPartOf":{"@id":"https:\/\/www.clearsky-network.com\/zh\/#website"},"datePublished":"2024-03-25T11:09:09+00:00","dateModified":"2024-10-09T11:08:04+00:00","description":"\u00bfNecesita ayuda para encontrar la soluci\u00f3n bancaria\/pago \u00f3ptima para su empresa? ClearSky Network puede ayudarle a averiguar lo que necesita, encontrarlo y ponerlo en marcha.","breadcrumb":{"@id":"https:\/\/www.clearsky-network.com\/banking-and-payment-solutions\/#breadcrumb"},"inLanguage":"es","potentialAction":[{"@type":"ReadAction","target":["https:\/\/www.clearsky-network.com\/banking-and-payment-solutions\/"]}]},{"@type":"BreadcrumbList","@id":"https:\/\/www.clearsky-network.com\/banking-and-payment-solutions\/#breadcrumb","itemListElement":[{"@type":"ListItem","position":1,"name":"Home","item":"https:\/\/www.clearsky-network.com\/zh\/"},{"@type":"ListItem","position":2,"name":"Banking And Payment Solutions"}]},{"@type":"WebSite","@id":"https:\/\/www.clearsky-network.com\/zh\/#website","url":"https:\/\/www.clearsky-network.com\/zh\/","name":"Red Clearsky","description":"Soluciones empresariales globales","publisher":{"@id":"https:\/\/www.clearsky-network.com\/zh\/#organization"},"potentialAction":[{"@type":"SearchAction","target":{"@type":"EntryPoint","urlTemplate":"https:\/\/www.clearsky-network.com\/zh\/?s={search_term_string}"},"query-input":{"@type":"PropertyValueSpecification","valueRequired":true,"valueName":"search_term_string"}}],"inLanguage":"es"},{"@type":"Organization","@id":"https:\/\/www.clearsky-network.com\/zh\/#organization","name":"Red Clearsky","url":"https:\/\/www.clearsky-network.com\/zh\/","logo":{"@type":"ImageObject","inLanguage":"es","@id":"https:\/\/www.clearsky-network.com\/zh\/#\/schema\/logo\/image\/","url":"https:\/\/www.clearsky-network.com\/wp-content\/uploads\/2024\/03\/CSN_Long_no-slogan-black.png","contentUrl":"https:\/\/www.clearsky-network.com\/wp-content\/uploads\/2024\/03\/CSN_Long_no-slogan-black.png","width":2474,"height":648,"caption":"Clearsky Network"},"image":{"@id":"https:\/\/www.clearsky-network.com\/zh\/#\/schema\/logo\/image\/"},"sameAs":["https:\/\/www.facebook.com\/clearskynetwork","https:\/\/t.me\/Clearsky_Network","https:\/\/www.linkedin.com\/company\/clearsky-network\/"]}]}},"_links":{"self":[{"href":"https:\/\/www.clearsky-network.com\/es\/wp-json\/wp\/v2\/pages\/913","targetHints":{"allow":["GET"]}}],"collection":[{"href":"https:\/\/www.clearsky-network.com\/es\/wp-json\/wp\/v2\/pages"}],"about":[{"href":"https:\/\/www.clearsky-network.com\/es\/wp-json\/wp\/v2\/types\/page"}],"author":[{"embeddable":true,"href":"https:\/\/www.clearsky-network.com\/es\/wp-json\/wp\/v2\/users\/1"}],"replies":[{"embeddable":true,"href":"https:\/\/www.clearsky-network.com\/es\/wp-json\/wp\/v2\/comments?post=913"}],"version-history":[{"count":15,"href":"https:\/\/www.clearsky-network.com\/es\/wp-json\/wp\/v2\/pages\/913\/revisions"}],"predecessor-version":[{"id":7314,"href":"https:\/\/www.clearsky-network.com\/es\/wp-json\/wp\/v2\/pages\/913\/revisions\/7314"}],"wp:attachment":[{"href":"https:\/\/www.clearsky-network.com\/es\/wp-json\/wp\/v2\/media?parent=913"}],"curies":[{"name":"wp","href":"https:\/\/api.w.org\/{rel}","templated":true}]}}