{"id":917,"date":"2024-03-25T11:09:42","date_gmt":"2024-03-25T11:09:42","guid":{"rendered":"https:\/\/www.clearsky-network.com\/?page_id=917"},"modified":"2025-07-24T19:52:58","modified_gmt":"2025-07-24T19:52:58","slug":"licensing-regulation","status":"publish","type":"page","link":"https:\/\/www.clearsky-network.com\/es\/licensing-regulation\/","title":{"rendered":"Licencias y normativa"},"content":{"rendered":"<div data-elementor-type=\"wp-page\" data-elementor-id=\"917\" class=\"elementor elementor-917\" data-elementor-post-type=\"page\">\n\t\t\t\t<div class=\"elementor-element elementor-element-0e3f32a e-flex e-con-boxed e-con e-parent\" data-id=\"0e3f32a\" data-element_type=\"container\" data-e-type=\"container\">\n\t\t\t\t\t<div class=\"e-con-inner\">\n\t\t\t\t<div class=\"elementor-element elementor-element-1d4a14f elementor-widget elementor-widget-heading\" data-id=\"1d4a14f\" data-element_type=\"widget\" data-e-type=\"widget\" data-widget_type=\"heading.default\">\n\t\t\t\t\t<h2 class=\"elementor-heading-title elementor-size-default\">Crecimiento empresarial seguro y conforme a las normas mediante la concesi\u00f3n de licencias y la regulaci\u00f3n<\/h2>\t\t\t\t<\/div>\n\t\t\t\t<div class=\"elementor-element elementor-element-371eaa0 elementor-widget elementor-widget-heading\" data-id=\"371eaa0\" data-element_type=\"widget\" data-e-type=\"widget\" data-widget_type=\"heading.default\">\n\t\t\t\t\t<h2 class=\"elementor-heading-title elementor-size-default\">Navegue por las normativas y retos relevantes para su negocio con nuestro pragm\u00e1tico y diligente equipo de profesionales, y asistencia en una amplia gama de asuntos jur\u00eddicos delicados. Las pol\u00edticas y legislaciones pueden estar cambiando continuamente, pero nuestra dedicaci\u00f3n permanece estable. Estamos preparados para representar sus intereses en todo momento, en el momento oportuno y con los recursos adecuados.<\/h2>\t\t\t\t<\/div>\n\t\t\t\t<div class=\"elementor-element elementor-element-5d4d80d elementor-widget elementor-widget-text-editor\" data-id=\"5d4d80d\" data-element_type=\"widget\" data-e-type=\"widget\" data-widget_type=\"text-editor.default\">\n\t\t\t\t\t\t\t\t\t<p style=\"font-weight: 400;\">La mayor\u00eda de los tipos de empresas en l\u00ednea (desde sitios de marketing de afiliaci\u00f3n, empresas de marketing digital, empresas de comercio electr\u00f3nico, mercados, plataformas en l\u00ednea, corredur\u00edas en l\u00ednea, entidades de pago, empresas de criptomoneda como intercambios de criptomoneda y carteras de criptomoneda, empresas de juegos y apuestas en l\u00ednea, y otras) se enfrentan a demandas y requisitos cada vez mayores a medida que los entornos normativos se vuelven m\u00e1s desafiantes, complejos e innovadores con el fin de hacer frente a los nuevos problemas derivados del nuevo dominio en l\u00ednea. Esta presi\u00f3n externa se combina a menudo con el deseo de aumentar los ingresos y mejorar los m\u00e1rgenes, garantizando al mismo tiempo la consecuci\u00f3n de los objetivos empresariales en mercados nuevos y\/o a veces inciertos. Por lo tanto, cada vez es m\u00e1s importante que los negocios en l\u00ednea est\u00e9n regulados y, adem\u00e1s, suele ser de suma importancia elegir bien la jurisdicci\u00f3n para la regulaci\u00f3n, ya que no todas las jurisdicciones ofrecen las mismas ventajas y prestigio. La mayor\u00eda de los propietarios o gerentes de empresas no conocen suficientes jurisdicciones para poder tomar una decisi\u00f3n informada sobre d\u00f3nde licenciar su negocio, ni saben lo suficiente sobre el propio proceso de regulaci\u00f3n para poder ejecutarlo de la manera m\u00e1s eficiente.<\/p><p style=\"font-weight: 400;\"><strong>Aqu\u00ed es donde entra ClearSky Network<\/strong>.<\/p><p style=\"font-weight: 400;\">Clearsky ofrece tanto el establecimiento de licencias como la venta de licencias existentes.  Nuestro equipo est\u00e1 formado por abogados con una experiencia impresionante en el proceso de regulaci\u00f3n de una amplia gama de licencias para negocios en l\u00ednea, en una gran cantidad de jurisdicciones diferentes. Adem\u00e1s, colaboramos con bufetes de abogados de varios pa\u00edses que cuentan con una experiencia inigualable en materia de licencias y regulaci\u00f3n en sus respectivos pa\u00edses.<\/p>\t\t\t\t\t\t\t\t<\/div>\n\t\t\t\t<div class=\"elementor-element elementor-element-311b485 elementor-widget elementor-widget-button\" data-id=\"311b485\" data-element_type=\"widget\" data-e-type=\"widget\" data-widget_type=\"button.default\">\n\t\t\t\t\t\t\t\t\t\t<a class=\"elementor-button elementor-button-link elementor-size-sm\" href=\"#elementor-action%3Aaction%3Dpopup%3Aopen%26settings%3DeyJpZCI6Ijc1NTkiLCJ0b2dnbGUiOmZhbHNlfQ%3D%3D\">\n\t\t\t\t\t\t<span class=\"elementor-button-content-wrapper\">\n\t\t\t\t\t\t\t\t\t<span class=\"elementor-button-text\">P\u00f3ngase en contacto con nosotros<\/span>\n\t\t\t\t\t<\/span>\n\t\t\t\t\t<\/a>\n\t\t\t\t\t\t\t\t<\/div>\n\t\t\t\t\t<\/div>\n\t\t\t\t<\/div>\n\t\t<div class=\"elementor-element elementor-element-8cc531c e-flex e-con-boxed e-con e-parent\" data-id=\"8cc531c\" data-element_type=\"container\" data-e-type=\"container\">\n\t\t\t\t\t<div class=\"e-con-inner\">\n\t\t<div class=\"elementor-element elementor-element-0b9d120 e-con-full e-flex e-con e-child\" data-id=\"0b9d120\" data-element_type=\"container\" data-e-type=\"container\">\n\t\t\t\t<div class=\"elementor-element elementor-element-8646205 elementor-widget elementor-widget-heading\" data-id=\"8646205\" data-element_type=\"widget\" data-e-type=\"widget\" data-widget_type=\"heading.default\">\n\t\t\t\t\t<h2 class=\"elementor-heading-title elementor-size-default\">licencias y normativa Soluciones<\/h2>\t\t\t\t<\/div>\n\t\t\t\t<div class=\"elementor-element elementor-element-060e047 elementor-widget elementor-widget-text-editor\" data-id=\"060e047\" data-element_type=\"widget\" data-e-type=\"widget\" data-widget_type=\"text-editor.default\">\n\t\t\t\t\t\t\t\t\tHaga clic para explorar y comparar nuestras empresas disponibles\t\t\t\t\t\t\t\t<\/div>\n\t\t\t\t<\/div>\n\t\t\t\t\t<\/div>\n\t\t\t\t<\/div>\n\t\t<div class=\"elementor-element elementor-element-206226a e-flex e-con-boxed e-con e-parent\" data-id=\"206226a\" data-element_type=\"container\" data-e-type=\"container\">\n\t\t\t\t\t<div class=\"e-con-inner\">\n\t\t<div class=\"elementor-element elementor-element-41196ae e-con-full e-flex e-con e-child\" data-id=\"41196ae\" data-element_type=\"container\" data-e-type=\"container\">\n\t\t\t\t<div class=\"elementor-element elementor-element-8a4ab9c elementor-widget__width-inherit eael-infobox-content-align--center elementor-widget elementor-widget-eael-info-box\" data-id=\"8a4ab9c\" data-element_type=\"widget\" data-e-type=\"widget\" data-widget_type=\"eael-info-box.default\">\n\t\t\t\t\t            <a href=\"https:\/\/www.clearsky-network.com\/es\/crypto-exchange-vasp\/\">\n\t            <div class=\"eael-infobox icon-on-top\">\n\t            <div class=\"infobox-content\">\n                    <div class=\"infobox-title-section\">\n                <h2 class=\"title\">Bolsa de criptomonedas VASP <\/h2>            <\/div>\n                    <\/div>\n            <\/div>\n\n\t\t            <\/a>\n\t\t\t\t\t\t<\/div>\n\t\t\t\t<\/div>\n\t\t<div class=\"elementor-element elementor-element-ff217ac e-con-full e-flex e-con e-child\" data-id=\"ff217ac\" data-element_type=\"container\" data-e-type=\"container\">\n\t\t\t\t<div class=\"elementor-element elementor-element-63abdf1 elementor-widget__width-inherit eael-infobox-content-align--center elementor-widget elementor-widget-eael-info-box\" data-id=\"63abdf1\" data-element_type=\"widget\" data-e-type=\"widget\" data-widget_type=\"eael-info-box.default\">\n\t\t\t\t\t            <a href=\"https:\/\/www.clearsky-network.com\/es\/igaming-igambling\/\">\n\t            <div class=\"eael-infobox icon-on-top\">\n\t            <div class=\"infobox-content\">\n                    <div class=\"infobox-title-section\">\n                <h2 class=\"title\">iJuegos y apuestas<\/h2>            <\/div>\n                    <\/div>\n            <\/div>\n\n\t\t            <\/a>\n\t\t\t\t\t\t<\/div>\n\t\t\t\t<\/div>\n\t\t<div class=\"elementor-element elementor-element-ddb2107 e-con-full e-flex e-con e-child\" data-id=\"ddb2107\" data-element_type=\"container\" data-e-type=\"container\">\n\t\t\t\t<div class=\"elementor-element elementor-element-6c883c3 elementor-widget__width-inherit eael-infobox-content-align--center elementor-widget elementor-widget-eael-info-box\" data-id=\"6c883c3\" data-element_type=\"widget\" data-e-type=\"widget\" data-widget_type=\"eael-info-box.default\">\n\t\t\t\t\t            <a href=\"https:\/\/www.clearsky-network.com\/es\/brokerage-investment-firm\/\">\n\t            <div class=\"eael-infobox icon-on-top\">\n\t            <div class=\"infobox-content\">\n                    <div class=\"infobox-title-section\">\n                <h2 class=\"title\">Corredur\u00eda y sociedad de inversi\u00f3n <\/h2>            <\/div>\n                    <\/div>\n            <\/div>\n\n\t\t            <\/a>\n\t\t\t\t\t\t<\/div>\n\t\t\t\t<\/div>\n\t\t<div class=\"elementor-element elementor-element-f3d1d73 e-con-full e-flex e-con e-child\" data-id=\"f3d1d73\" data-element_type=\"container\" data-e-type=\"container\">\n\t\t\t\t<div class=\"elementor-element elementor-element-d4e1024 elementor-widget__width-inherit eael-infobox-content-align--center elementor-widget elementor-widget-eael-info-box\" data-id=\"d4e1024\" data-element_type=\"widget\" data-e-type=\"widget\" data-widget_type=\"eael-info-box.default\">\n\t\t\t\t\t            <a href=\"https:\/\/www.clearsky-network.com\/es\/compliance-aml-advisory-training\/\">\n\t            <div class=\"eael-infobox icon-on-top\">\n\t            <div class=\"infobox-content\">\n                    <div class=\"infobox-title-section\">\n                <h2 class=\"title\">Cumplimiento Normativo Asesoramiento y formaci\u00f3n en materia de prevenci\u00f3n del blanqueo de capitales<\/h2>            <\/div>\n                    <\/div>\n            <\/div>\n\n\t\t            <\/a>\n\t\t\t\t\t\t<\/div>\n\t\t\t\t<\/div>\n\t\t<div class=\"elementor-element elementor-element-838aae3 e-con-full e-flex e-con e-child\" data-id=\"838aae3\" data-element_type=\"container\" data-e-type=\"container\">\n\t\t\t\t<div class=\"elementor-element elementor-element-e8c5f89 elementor-widget__width-inherit eael-infobox-content-align--center elementor-widget elementor-widget-eael-info-box\" data-id=\"e8c5f89\" data-element_type=\"widget\" data-e-type=\"widget\" data-widget_type=\"eael-info-box.default\">\n\t\t\t\t\t            <a href=\"https:\/\/www.clearsky-network.com\/es\/payment-institutions\/\">\n\t            <div class=\"eael-infobox icon-on-top\">\n\t            <div class=\"infobox-content\">\n                    <div class=\"infobox-title-section\">\n                <h2 class=\"title\"> Instituciones de pago<\/h2>            <\/div>\n                    <\/div>\n            <\/div>\n\n\t\t            <\/a>\n\t\t\t\t\t\t<\/div>\n\t\t\t\t<\/div>\n\t\t<div class=\"elementor-element elementor-element-811b0a7 e-con-full e-flex e-con e-child\" data-id=\"811b0a7\" data-element_type=\"container\" data-e-type=\"container\">\n\t\t\t\t<div class=\"elementor-element elementor-element-83bcf38 elementor-widget__width-inherit eael-infobox-content-align--center elementor-widget elementor-widget-eael-info-box\" data-id=\"83bcf38\" data-element_type=\"widget\" data-e-type=\"widget\" data-widget_type=\"eael-info-box.default\">\n\t\t\t\t\t            <a href=\"https:\/\/www.clearsky-network.com\/es\/affiliate\/\">\n\t            <div class=\"eael-infobox icon-on-top\">\n\t            <div class=\"infobox-content\">\n                    <div class=\"infobox-title-section\">\n                <h2 class=\"title\">Marketing de afiliaci\u00f3n<\/h2>            <\/div>\n                    <\/div>\n            <\/div>\n\n\t\t            <\/a>\n\t\t\t\t\t\t<\/div>\n\t\t\t\t<\/div>\n\t\t\t\t\t<\/div>\n\t\t\t\t<\/div>\n\t\t<div class=\"elementor-element elementor-element-29bddbe e-flex e-con-boxed e-con e-parent\" data-id=\"29bddbe\" data-element_type=\"container\" data-e-type=\"container\">\n\t\t\t\t\t<div class=\"e-con-inner\">\n\t\t\t\t<div class=\"elementor-element elementor-element-98ecc89 elementor-widget elementor-widget-text-editor\" data-id=\"98ecc89\" data-element_type=\"widget\" data-e-type=\"widget\" data-widget_type=\"text-editor.default\">\n\t\t\t\t\t\t\t\t\t<p>En Clearsky Network, hemos desarrollado una cartera de servicios integrales para permitir a nuestros clientes superar cualquier cuesti\u00f3n reglamentaria conducente a estimular el crecimiento y agilizar sus operaciones empresariales desde el punto de vista jur\u00eddico, todo ello en un marco de plena conformidad. En consecuencia, independientemente del sector principal, a lo largo de nuestras asociaciones, empezando por la concesi\u00f3n de licencias, nuestro equipo de abogados versados proporciona representaci\u00f3n y asesoramiento jur\u00eddicos continuos para cubrir las necesidades de todas las empresas en crecimiento y expansi\u00f3n en la b\u00fasqueda de la diversificaci\u00f3n, estructuraci\u00f3n y protecci\u00f3n del capital de la empresa. Gestione sus objetivos empresariales - nosotros nos encargamos del resto. Explore el potencial de su negocio poni\u00e9ndose en contacto con nosotros hoy mismo.<\/p>\t\t\t\t\t\t\t\t<\/div>\n\t\t<div class=\"elementor-element elementor-element-37354fc e-con-full e-flex e-con e-child\" data-id=\"37354fc\" data-element_type=\"container\" data-e-type=\"container\">\n\t\t\t\t<div class=\"elementor-element elementor-element-9c2b250 elementor-align-center elementor-widget elementor-widget-button\" data-id=\"9c2b250\" data-element_type=\"widget\" data-e-type=\"widget\" data-widget_type=\"button.default\">\n\t\t\t\t\t\t\t\t\t\t<a class=\"elementor-button elementor-button-link elementor-size-sm\" href=\"https:\/\/t.me\/+LmcfEcUHF7c0OGU8\" target=\"_blank\">\n\t\t\t\t\t\t<span class=\"elementor-button-content-wrapper\">\n\t\t\t\t\t\t<span class=\"elementor-button-icon\">\n\t\t\t\t<svg aria-hidden=\"true\" class=\"e-font-icon-svg e-fab-telegram-plane\" viewbox=\"0 0 448 512\" xmlns=\"http:\/\/www.w3.org\/2000\/svg\"><path d=\"M446.7 98.6l-67.6 318.8c-5.1 22.5-18.4 28.1-37.3 17.5l-103-75.9-49.7 47.8c-5.5 5.5-10.1 10.1-20.7 10.1l7.4-104.9 190.9-172.5c8.3-7.4-1.8-11.5-12.9-4.1L117.8 284 16.2 252.2c-22.1-6.9-22.5-22.1 4.6-32.7L418.2 66.4c18.4-6.9 34.5 4.1 28.5 32.2z\"><\/path><\/svg>\t\t\t<\/span>\n\t\t\t\t\t\t\t\t\t<span class=\"elementor-button-text\">Canal de juegos <\/span>\n\t\t\t\t\t<\/span>\n\t\t\t\t\t<\/a>\n\t\t\t\t\t\t\t\t<\/div>\n\t\t\t\t<div class=\"elementor-element elementor-element-13be333 elementor-align-center elementor-widget elementor-widget-button\" data-id=\"13be333\" data-element_type=\"widget\" data-e-type=\"widget\" data-widget_type=\"button.default\">\n\t\t\t\t\t\t\t\t\t\t<a class=\"elementor-button elementor-button-link elementor-size-sm\" href=\"https:\/\/t.me\/+T6e_Sc4b7QEwZDJk\" target=\"_blank\">\n\t\t\t\t\t\t<span class=\"elementor-button-content-wrapper\">\n\t\t\t\t\t\t<span class=\"elementor-button-icon\">\n\t\t\t\t<svg aria-hidden=\"true\" class=\"e-font-icon-svg e-fab-telegram-plane\" viewbox=\"0 0 448 512\" xmlns=\"http:\/\/www.w3.org\/2000\/svg\"><path d=\"M446.7 98.6l-67.6 318.8c-5.1 22.5-18.4 28.1-37.3 17.5l-103-75.9-49.7 47.8c-5.5 5.5-10.1 10.1-20.7 10.1l7.4-104.9 190.9-172.5c8.3-7.4-1.8-11.5-12.9-4.1L117.8 284 16.2 252.2c-22.1-6.9-22.5-22.1 4.6-32.7L418.2 66.4c18.4-6.9 34.5 4.1 28.5 32.2z\"><\/path><\/svg>\t\t\t<\/span>\n\t\t\t\t\t\t\t\t\t<span class=\"elementor-button-text\">Canal criptogr\u00e1fico<\/span>\n\t\t\t\t\t<\/span>\n\t\t\t\t\t<\/a>\n\t\t\t\t\t\t\t\t<\/div>\n\t\t\t\t<\/div>\n\t\t\t\t\t<\/div>\n\t\t\t\t<\/div>\n\t\t\t\t<\/div>","protected":false},"excerpt":{"rendered":"<p>Safe and compliant business growth through licensing and regulation Navigate the relevant regulations &amp; challenges for your business with our pragmatic and diligent team of professionals, and assistance in a wide range of sensitive legal matters. Policies and legislations might be continuously changing, but our dedication remains stable. We are ready to represent your best [&hellip;]<\/p>\n","protected":false},"author":1,"featured_media":0,"parent":0,"menu_order":0,"comment_status":"closed","ping_status":"closed","template":"elementor_header_footer","meta":{"_acf_changed":false,"footnotes":""},"class_list":["post-917","page","type-page","status-publish","hentry"],"acf":[],"yoast_head":"<!-- This site is optimized with the Yoast SEO plugin v27.4 - https:\/\/yoast.com\/product\/yoast-seo-wordpress\/ -->\n<title>ClearSky Network helps you grow your business in a safe, compliant manner<\/title>\n<meta name=\"description\" content=\"All about the licensing and regulation services that ClearSky Network can offer in various jurisdictions worldwide.\" \/>\n<meta name=\"robots\" content=\"index, follow, max-snippet:-1, max-image-preview:large, max-video-preview:-1\" \/>\n<link rel=\"canonical\" href=\"https:\/\/www.clearsky-network.com\/es\/licensing-regulation\/\" \/>\n<meta property=\"og:locale\" content=\"es_ES\" \/>\n<meta property=\"og:type\" content=\"article\" \/>\n<meta property=\"og:title\" content=\"ClearSky Network helps you grow your business in a safe, compliant manner\" \/>\n<meta property=\"og:description\" content=\"All about the licensing and regulation services that ClearSky Network can offer in various jurisdictions worldwide.\" \/>\n<meta property=\"og:url\" content=\"https:\/\/www.clearsky-network.com\/es\/licensing-regulation\/\" \/>\n<meta property=\"og:site_name\" content=\"Clearsky Network\" \/>\n<meta property=\"article:publisher\" content=\"https:\/\/www.facebook.com\/clearskynetwork\" \/>\n<meta property=\"article:modified_time\" content=\"2025-07-24T19:52:58+00:00\" \/>\n<meta name=\"twitter:card\" content=\"summary_large_image\" \/>\n<meta name=\"twitter:label1\" content=\"Tiempo de lectura\" \/>\n\t<meta name=\"twitter:data1\" content=\"2 minutos\" \/>\n<script type=\"application\/ld+json\" class=\"yoast-schema-graph\">{\"@context\":\"https:\\\/\\\/schema.org\",\"@graph\":[{\"@type\":\"WebPage\",\"@id\":\"https:\\\/\\\/www.clearsky-network.com\\\/licensing-regulation\\\/\",\"url\":\"https:\\\/\\\/www.clearsky-network.com\\\/licensing-regulation\\\/\",\"name\":\"ClearSky Network helps you grow your business in a safe, compliant manner\",\"isPartOf\":{\"@id\":\"https:\\\/\\\/www.clearsky-network.com\\\/#website\"},\"datePublished\":\"2024-03-25T11:09:42+00:00\",\"dateModified\":\"2025-07-24T19:52:58+00:00\",\"description\":\"All about the licensing and regulation services that ClearSky Network can offer in various jurisdictions worldwide.\",\"breadcrumb\":{\"@id\":\"https:\\\/\\\/www.clearsky-network.com\\\/licensing-regulation\\\/#breadcrumb\"},\"inLanguage\":\"es\",\"potentialAction\":[{\"@type\":\"ReadAction\",\"target\":[\"https:\\\/\\\/www.clearsky-network.com\\\/licensing-regulation\\\/\"]}]},{\"@type\":\"BreadcrumbList\",\"@id\":\"https:\\\/\\\/www.clearsky-network.com\\\/licensing-regulation\\\/#breadcrumb\",\"itemListElement\":[{\"@type\":\"ListItem\",\"position\":1,\"name\":\"Home\",\"item\":\"https:\\\/\\\/www.clearsky-network.com\\\/\"},{\"@type\":\"ListItem\",\"position\":2,\"name\":\"Licensing &#038; Regulation\"}]},{\"@type\":\"WebSite\",\"@id\":\"https:\\\/\\\/www.clearsky-network.com\\\/#website\",\"url\":\"https:\\\/\\\/www.clearsky-network.com\\\/\",\"name\":\"Clearsky Network\",\"description\":\"Global Business Solutions\",\"publisher\":{\"@id\":\"https:\\\/\\\/www.clearsky-network.com\\\/#organization\"},\"potentialAction\":[{\"@type\":\"SearchAction\",\"target\":{\"@type\":\"EntryPoint\",\"urlTemplate\":\"https:\\\/\\\/www.clearsky-network.com\\\/?s={search_term_string}\"},\"query-input\":{\"@type\":\"PropertyValueSpecification\",\"valueRequired\":true,\"valueName\":\"search_term_string\"}}],\"inLanguage\":\"es\"},{\"@type\":\"Organization\",\"@id\":\"https:\\\/\\\/www.clearsky-network.com\\\/#organization\",\"name\":\"Clearsky Network\",\"url\":\"https:\\\/\\\/www.clearsky-network.com\\\/\",\"logo\":{\"@type\":\"ImageObject\",\"inLanguage\":\"es\",\"@id\":\"https:\\\/\\\/www.clearsky-network.com\\\/#\\\/schema\\\/logo\\\/image\\\/\",\"url\":\"https:\\\/\\\/www.clearsky-network.com\\\/wp-content\\\/uploads\\\/2024\\\/03\\\/CSN_Long_no-slogan-black.png\",\"contentUrl\":\"https:\\\/\\\/www.clearsky-network.com\\\/wp-content\\\/uploads\\\/2024\\\/03\\\/CSN_Long_no-slogan-black.png\",\"width\":2474,\"height\":648,\"caption\":\"Clearsky Network\"},\"image\":{\"@id\":\"https:\\\/\\\/www.clearsky-network.com\\\/#\\\/schema\\\/logo\\\/image\\\/\"},\"sameAs\":[\"https:\\\/\\\/www.facebook.com\\\/clearskynetwork\",\"https:\\\/\\\/t.me\\\/Clearsky_Network\",\"https:\\\/\\\/www.linkedin.com\\\/company\\\/clearsky-network\\\/\"]}]}<\/script>\n<!-- \/ Yoast SEO plugin. -->","yoast_head_json":{"title":"ClearSky Network le ayuda a hacer crecer su negocio de forma segura y conforme a las normas","description":"Todo sobre los servicios de concesi\u00f3n de licencias y regulaci\u00f3n que ClearSky Network puede ofrecer en diversas jurisdicciones de todo el mundo.","robots":{"index":"index","follow":"follow","max-snippet":"max-snippet:-1","max-image-preview":"max-image-preview:large","max-video-preview":"max-video-preview:-1"},"canonical":"https:\/\/www.clearsky-network.com\/es\/licensing-regulation\/","og_locale":"es_ES","og_type":"article","og_title":"ClearSky Network helps you grow your business in a safe, compliant manner","og_description":"All about the licensing and regulation services that ClearSky Network can offer in various jurisdictions worldwide.","og_url":"https:\/\/www.clearsky-network.com\/es\/licensing-regulation\/","og_site_name":"Clearsky Network","article_publisher":"https:\/\/www.facebook.com\/clearskynetwork","article_modified_time":"2025-07-24T19:52:58+00:00","twitter_card":"summary_large_image","twitter_misc":{"Tiempo de lectura":"2 minutos"},"schema":{"@context":"https:\/\/schema.org","@graph":[{"@type":"WebPage","@id":"https:\/\/www.clearsky-network.com\/licensing-regulation\/","url":"https:\/\/www.clearsky-network.com\/licensing-regulation\/","name":"ClearSky Network le ayuda a hacer crecer su negocio de forma segura y conforme a las normas","isPartOf":{"@id":"https:\/\/www.clearsky-network.com\/#website"},"datePublished":"2024-03-25T11:09:42+00:00","dateModified":"2025-07-24T19:52:58+00:00","description":"Todo sobre los servicios de concesi\u00f3n de licencias y regulaci\u00f3n que ClearSky Network puede ofrecer en diversas jurisdicciones de todo el mundo.","breadcrumb":{"@id":"https:\/\/www.clearsky-network.com\/licensing-regulation\/#breadcrumb"},"inLanguage":"es","potentialAction":[{"@type":"ReadAction","target":["https:\/\/www.clearsky-network.com\/licensing-regulation\/"]}]},{"@type":"BreadcrumbList","@id":"https:\/\/www.clearsky-network.com\/licensing-regulation\/#breadcrumb","itemListElement":[{"@type":"ListItem","position":1,"name":"Home","item":"https:\/\/www.clearsky-network.com\/"},{"@type":"ListItem","position":2,"name":"Licensing &#038; Regulation"}]},{"@type":"WebSite","@id":"https:\/\/www.clearsky-network.com\/#website","url":"https:\/\/www.clearsky-network.com\/","name":"Red Clearsky","description":"Soluciones empresariales globales","publisher":{"@id":"https:\/\/www.clearsky-network.com\/#organization"},"potentialAction":[{"@type":"SearchAction","target":{"@type":"EntryPoint","urlTemplate":"https:\/\/www.clearsky-network.com\/?s={search_term_string}"},"query-input":{"@type":"PropertyValueSpecification","valueRequired":true,"valueName":"search_term_string"}}],"inLanguage":"es"},{"@type":"Organization","@id":"https:\/\/www.clearsky-network.com\/#organization","name":"Red Clearsky","url":"https:\/\/www.clearsky-network.com\/","logo":{"@type":"ImageObject","inLanguage":"es","@id":"https:\/\/www.clearsky-network.com\/#\/schema\/logo\/image\/","url":"https:\/\/www.clearsky-network.com\/wp-content\/uploads\/2024\/03\/CSN_Long_no-slogan-black.png","contentUrl":"https:\/\/www.clearsky-network.com\/wp-content\/uploads\/2024\/03\/CSN_Long_no-slogan-black.png","width":2474,"height":648,"caption":"Clearsky Network"},"image":{"@id":"https:\/\/www.clearsky-network.com\/#\/schema\/logo\/image\/"},"sameAs":["https:\/\/www.facebook.com\/clearskynetwork","https:\/\/t.me\/Clearsky_Network","https:\/\/www.linkedin.com\/company\/clearsky-network\/"]}]}},"_links":{"self":[{"href":"https:\/\/www.clearsky-network.com\/es\/wp-json\/wp\/v2\/pages\/917","targetHints":{"allow":["GET"]}}],"collection":[{"href":"https:\/\/www.clearsky-network.com\/es\/wp-json\/wp\/v2\/pages"}],"about":[{"href":"https:\/\/www.clearsky-network.com\/es\/wp-json\/wp\/v2\/types\/page"}],"author":[{"embeddable":true,"href":"https:\/\/www.clearsky-network.com\/es\/wp-json\/wp\/v2\/users\/1"}],"replies":[{"embeddable":true,"href":"https:\/\/www.clearsky-network.com\/es\/wp-json\/wp\/v2\/comments?post=917"}],"version-history":[{"count":159,"href":"https:\/\/www.clearsky-network.com\/es\/wp-json\/wp\/v2\/pages\/917\/revisions"}],"predecessor-version":[{"id":8794,"href":"https:\/\/www.clearsky-network.com\/es\/wp-json\/wp\/v2\/pages\/917\/revisions\/8794"}],"wp:attachment":[{"href":"https:\/\/www.clearsky-network.com\/es\/wp-json\/wp\/v2\/media?parent=917"}],"curies":[{"name":"wp","href":"https:\/\/api.w.org\/{rel}","templated":true}]}}