{"id":925,"date":"2024-03-25T11:10:47","date_gmt":"2024-03-25T11:10:47","guid":{"rendered":"https:\/\/www.clearsky-network.com\/?page_id=925"},"modified":"2024-10-09T11:03:12","modified_gmt":"2024-10-09T11:03:12","slug":"financial-institutions","status":"publish","type":"page","link":"https:\/\/www.clearsky-network.com\/es\/financial-institutions\/","title":{"rendered":"Instituciones financieras"},"content":{"rendered":"<div data-elementor-type=\"wp-page\" data-elementor-id=\"925\" class=\"elementor elementor-925\" data-elementor-post-type=\"page\">\n\t\t\t\t<div class=\"elementor-element elementor-element-c1bd7ca e-flex e-con-boxed e-con e-parent\" data-id=\"c1bd7ca\" data-element_type=\"container\" data-e-type=\"container\" data-settings=\"{&quot;background_background&quot;:&quot;classic&quot;}\">\n\t\t\t\t\t<div class=\"e-con-inner\">\n\t\t\t\t\t<\/div>\n\t\t\t\t<\/div>\n\t\t<div class=\"elementor-element elementor-element-a112565 e-flex e-con-boxed e-con e-parent\" data-id=\"a112565\" data-element_type=\"container\" data-e-type=\"container\">\n\t\t\t\t\t<div class=\"e-con-inner\">\n\t\t\t\t<div class=\"elementor-element elementor-element-5bf7256 elementor-widget elementor-widget-heading\" data-id=\"5bf7256\" data-element_type=\"widget\" data-e-type=\"widget\" data-widget_type=\"heading.default\">\n\t\t\t\t\t<h2 class=\"elementor-heading-title elementor-size-default\">Superar la fragilidad del mercado y sumar sus oportunidades<\/h2>\t\t\t\t<\/div>\n\t\t\t\t<div class=\"elementor-element elementor-element-48bcd76 elementor-widget elementor-widget-text-editor\" data-id=\"48bcd76\" data-element_type=\"widget\" data-e-type=\"widget\" data-widget_type=\"text-editor.default\">\n\t\t\t\t\t\t\t\t\t<p>La aceptaci\u00f3n social global de la tecnolog\u00eda de vanguardia ha acelerado la pronta adopci\u00f3n de la Internet de las Cosas y la ciencia de datos; ahora vivimos en una era en la que la brecha entre el entorno en l\u00ednea y fuera de l\u00ednea es imperceptible. Sin embargo, los cambios en el panorama normativo y las expectativas transitorias de los clientes son sorprendentes: entre en conformidad y alinee sus objetivos empresariales con su potencial con los recursos y soluciones personalizados de Clearsky Network.<\/p><p>En primera l\u00ednea de las incertidumbres econ\u00f3micas mundiales y la volatilidad de los mercados, las empresas financieras de todo el mundo, desde emisores y procesadores de tarjetas, bancos hasta gestores de inversiones, compa\u00f1\u00edas de seguros, agencias de valores y organismos reguladores, son objeto de los cambiantes cambios en el panorama normativo.<\/p><p>Con la creciente presi\u00f3n hacia la conformidad legal, las empresas financieras se ven obligadas a enfrentarse a amplias subestructuras normativas. Adem\u00e1s, se ven obligadas a responder a las diversas necesidades de sus clientes, lo que plantea una nueva serie de retos en relaci\u00f3n con la seguridad de los pagos, la protecci\u00f3n de datos y la mejora de la experiencia del cliente.<\/p><p>Nuestra experiencia en asuntos regulatorios y de transacciones nos ha permitido desarrollar una perspectiva inestimable a la hora de tratar los asuntos urgentes de nuestros clientes para garantizar que sus negocios est\u00e9n salvaguardados en cada paso del proceso. Como tal, por la naturaleza de Clearsky Network, nuestras soluciones centradas en la industria financiera est\u00e1n dirigidas a:<\/p>\t\t\t\t\t\t\t\t<\/div>\n\t\t\t\t<div class=\"elementor-element elementor-element-4fa1d0b elementor-widget elementor-widget-heading\" data-id=\"4fa1d0b\" data-element_type=\"widget\" data-e-type=\"widget\" data-widget_type=\"heading.default\">\n\t\t\t\t\t<h2 class=\"elementor-heading-title elementor-size-default\">Registro y licencias<\/h2>\t\t\t\t<\/div>\n\t\t\t\t<div class=\"elementor-element elementor-element-32db9c6 elementor-widget elementor-widget-text-editor\" data-id=\"32db9c6\" data-element_type=\"widget\" data-e-type=\"widget\" data-widget_type=\"text-editor.default\">\n\t\t\t\t\t\t\t\t\t<p>Enrevesado y confuso para algunos, el proceso de registro y autorizaci\u00f3n puede convertirse en una aventura apasionante con Clearsky Network. Nos enorgullecemos de nuestro enfoque integral, desde la constituci\u00f3n y administraci\u00f3n de una Nueva Empresa, los servicios de secretar\u00eda hasta la gesti\u00f3n de riesgos, y podemos ayudarle a navegar por el registro y la autorizaci\u00f3n, incluyendo la gobernanza, los sistemas de cumplimiento y el capital reglamentario.<\/p><p>Como tal, a lo largo de nuestra asociaci\u00f3n, ofrecemos asistencia continua con el proceso de concesi\u00f3n de licencias para cualquier empresa (incluidas las instituciones financieras autorizadas) que tengan la intenci\u00f3n de llevar a cabo cualquiera de las actividades reguladas (como la negociaci\u00f3n de valores, la negociaci\u00f3n de contratos de futuros y el asesoramiento) y a cualquier persona que planee llevar a cabo las acciones en nombre de una empresa autorizada.<\/p><p>Nuestras capacidades se centran, aunque no exclusivamente, en:<\/p><ul><li>Licencia para Crypto\/ Forex (incluyendo Seychelles Securities Dealer License y Market Maker License);<\/li><li>Juegos y apuestas;<\/li><li>Licencias de dinero electr\u00f3nico;<\/li><li>Licencia financiera;<\/li><li>Licencias bancarias.<\/li><\/ul><p>Independientemente del tipo de licencia que est\u00e9 buscando (onshore\/ offshore, o basada en la industria), nuestro apoyo comprende la preparaci\u00f3n y presentaci\u00f3n de los documentos necesarios, la representaci\u00f3n legal frente a los organismos reguladores, la revisi\u00f3n de la elegibilidad de su estructura corporativa, la organizaci\u00f3n de la empresa y la estructuraci\u00f3n corporativa, el mantenimiento y la renovaci\u00f3n de licencias, y otros servicios personalizados para satisfacer sus necesidades y sus mejores intereses. Aumentar la credibilidad al tiempo que se reducen los riesgos empieza aqu\u00ed.<\/p>\t\t\t\t\t\t\t\t<\/div>\n\t\t\t\t<div class=\"elementor-element elementor-element-60fa6a3 elementor-widget elementor-widget-heading\" data-id=\"60fa6a3\" data-element_type=\"widget\" data-e-type=\"widget\" data-widget_type=\"heading.default\">\n\t\t\t\t\t<h2 class=\"elementor-heading-title elementor-size-default\">Operaciones contables y asesoramiento fiscal<\/h2>\t\t\t\t<\/div>\n\t\t\t\t<div class=\"elementor-element elementor-element-6f92047 elementor-widget elementor-widget-text-editor\" data-id=\"6f92047\" data-element_type=\"widget\" data-e-type=\"widget\" data-widget_type=\"text-editor.default\">\n\t\t\t\t\t\t\t\t\t<p>Nuestro competente y multidisciplinar equipo global desarrolla y ejecuta estrategias de transacciones fiscales especializadas dise\u00f1adas para las necesidades de su negocio, a la vez que mantiene sus amplios conocimientos sobre transacciones transfronterizas y asuntos de cumplimiento fiscal. Reducir sus impuestos al tiempo que maximiza su rendimiento en el mercado es nuestro sello distintivo, y podemos consolidarlo con:<\/p><ul><li>Asesoramiento fiscal sobre precios de transferencia, IVA, derechos de aduana, impuestos locales y nacionales, impuestos sobre la renta\/salarios y asistencia durante auditor\u00edas fiscales;<\/li><li>Estructuraci\u00f3n fiscal internacional;<\/li><li>Revisiones fiscales y gesti\u00f3n de riesgos;<\/li><li>Servicio continuo durante los procesos de litigios fiscales.<\/li><\/ul>\t\t\t\t\t\t\t\t<\/div>\n\t\t\t\t<div class=\"elementor-element elementor-element-f40d51f elementor-widget elementor-widget-heading\" data-id=\"f40d51f\" data-element_type=\"widget\" data-e-type=\"widget\" data-widget_type=\"heading.default\">\n\t\t\t\t\t<h2 class=\"elementor-heading-title elementor-size-default\">Banca y pagos<\/h2>\t\t\t\t<\/div>\n\t\t\t\t<div class=\"elementor-element elementor-element-c2144eb elementor-widget elementor-widget-text-editor\" data-id=\"c2144eb\" data-element_type=\"widget\" data-e-type=\"widget\" data-widget_type=\"text-editor.default\">\n\t\t\t\t\t\t\t\t\t<p>En este sector, nuestro \u00e1mbito de actuaci\u00f3n es la provisi\u00f3n de soluciones de pago a medida. Dado que los modelos de negocio, los objetivos y los mercados de inter\u00e9s crean diferencias en las estrategias que planificamos, nuestra cartera incorpora PSP, cuentas bancarias, soluciones de transferencia (EMI), servicios de pago de dinero electr\u00f3nico y m\u00e9todos de pago alternativos.<\/p><p>Nuestra extensa red sin fronteras nos ha permitido crear valiosas alianzas con proveedores locales, regionales e internacionales para beneficiar los esfuerzos de crecimiento de nuestros clientes.<\/p>\t\t\t\t\t\t\t\t<\/div>\n\t\t\t\t<div class=\"elementor-element elementor-element-b01f3d0 elementor-widget elementor-widget-heading\" data-id=\"b01f3d0\" data-element_type=\"widget\" data-e-type=\"widget\" data-widget_type=\"heading.default\">\n\t\t\t\t\t<h2 class=\"elementor-heading-title elementor-size-default\">Asesoramiento sobre propiedad intelectual y derechos de autor<\/h2>\t\t\t\t<\/div>\n\t\t\t\t<div class=\"elementor-element elementor-element-e26d272 elementor-widget elementor-widget-text-editor\" data-id=\"e26d272\" data-element_type=\"widget\" data-e-type=\"widget\" data-widget_type=\"text-editor.default\">\n\t\t\t\t\t\t\t\t\t<p>Fomentar su innovaci\u00f3n y obtener seguridad jur\u00eddica nunca ha sido tan f\u00e1cil. Ayudamos a nuestros clientes a mapear la calidad de los activos de PI de su empresa, desarrollar estrategias espec\u00edficas de PI y aplicarlas con \u00e9xito, independientemente de su especialidad principal.<\/p><p>En un mercado tan competitivo, defendemos el valor y los activos de las empresas de nuestros clientes y les ayudamos a generar nuevas fuentes de ingresos, todo ello con el objetivo de maximizar el rendimiento de sus inversiones en activos de propiedad intelectual.<\/p><ul><li>Auditor\u00eda IP;<\/li><li>Diligencia debida en materia de propiedad intelectual comercial;<\/li><li>Comercializaci\u00f3n de la PI;<\/li><li>Asesoramiento en caso de litigios de propiedad intelectual.<\/li><\/ul>\t\t\t\t\t\t\t\t<\/div>\n\t\t\t\t<div class=\"elementor-element elementor-element-8fbac80 elementor-widget elementor-widget-heading\" data-id=\"8fbac80\" data-element_type=\"widget\" data-e-type=\"widget\" data-widget_type=\"heading.default\">\n\t\t\t\t\t<h2 class=\"elementor-heading-title elementor-size-default\">Privacidad y seguridad de los datos<\/h2>\t\t\t\t<\/div>\n\t\t\t\t<div class=\"elementor-element elementor-element-7f40885 elementor-widget elementor-widget-text-editor\" data-id=\"7f40885\" data-element_type=\"widget\" data-e-type=\"widget\" data-widget_type=\"text-editor.default\">\n\t\t\t\t\t\t\t\t\t<p>Nuestro equipo est\u00e1 bien equipado para ayudarle a digitalizar y proteger su negocio, desde acuerdos de condiciones de uso (incluida la pol\u00edtica de privacidad, la pol\u00edtica de cookies y las condiciones generales) hasta la seguridad de la informaci\u00f3n, pasando por el asesoramiento en materia de ciberdelincuencia, gesti\u00f3n de riesgos cibern\u00e9ticos, defensa de demandas colectivas y transacciones comerciales complejas. Nuestro enfoque hol\u00edstico garantizar\u00e1 su orientaci\u00f3n continua desde una postura de aseguramiento del flujo una vez que se hayan evaluado y elaborado estrategias para los riesgos potenciales.<\/p><p>Independientemente de las especificaciones de su empresa, podemos ayudarle a navegar con \u00e9xito por el panorama normativo y las opciones bancarias, todo ello mientras mitiga el riesgo y elabora estrategias proactivas para su pr\u00f3xima transformaci\u00f3n.<\/p><p>Los asuntos reglamentarios pueden estar encriptados, pero la comunicaci\u00f3n no tiene por qu\u00e9 estarlo.\u00a0<\/p>\t\t\t\t\t\t\t\t<\/div>\n\t\t\t\t\t<\/div>\n\t\t\t\t<\/div>\n\t\t\t\t<\/div>","protected":false},"excerpt":{"rendered":"<p>Surpass the market&#8217;s fragility and aggregate its opportunities The global social acceptance of frontier technology has accelerated the early adoption of the Internet of Things &amp; data science; we now live in an era where the online and offline environment gap is unnoticeable. However, the changes within the regulatory landscape and the customer\u2019s transitory expectations [&hellip;]<\/p>\n","protected":false},"author":1,"featured_media":0,"parent":0,"menu_order":0,"comment_status":"closed","ping_status":"closed","template":"elementor_header_footer","meta":{"_acf_changed":false,"footnotes":""},"class_list":["post-925","page","type-page","status-publish","hentry"],"acf":[],"yoast_head":"<!-- This site is optimized with the Yoast SEO plugin v27.6 - https:\/\/yoast.com\/product\/yoast-seo-wordpress\/ -->\n<title>Financial Institutions - Clearsky Network<\/title>\n<meta name=\"description\" content=\"Regardless of your business\u2019 specifications, Clearsky Network can help you successfully navigate the regulatory landscape and banking options\" \/>\n<meta name=\"robots\" content=\"index, follow, max-snippet:-1, max-image-preview:large, max-video-preview:-1\" \/>\n<link rel=\"canonical\" href=\"https:\/\/www.clearsky-network.com\/es\/financial-institutions\/\" \/>\n<meta property=\"og:locale\" content=\"es_ES\" \/>\n<meta property=\"og:type\" content=\"article\" \/>\n<meta property=\"og:title\" content=\"Financial Institutions - Clearsky Network\" \/>\n<meta property=\"og:description\" content=\"Regardless of your business\u2019 specifications, Clearsky Network can help you successfully navigate the regulatory landscape and banking options\" \/>\n<meta property=\"og:url\" content=\"https:\/\/www.clearsky-network.com\/es\/financial-institutions\/\" \/>\n<meta property=\"og:site_name\" content=\"Clearsky Network\" \/>\n<meta property=\"article:publisher\" content=\"https:\/\/www.facebook.com\/clearskynetwork\" \/>\n<meta property=\"article:modified_time\" content=\"2024-10-09T11:03:12+00:00\" \/>\n<meta name=\"twitter:card\" content=\"summary_large_image\" \/>\n<meta name=\"twitter:label1\" content=\"Tiempo de lectura\" \/>\n\t<meta name=\"twitter:data1\" content=\"4 minutos\" \/>\n<script type=\"application\/ld+json\" class=\"yoast-schema-graph\">{\"@context\":\"https:\\\/\\\/schema.org\",\"@graph\":[{\"@type\":\"WebPage\",\"@id\":\"https:\\\/\\\/www.clearsky-network.com\\\/es\\\/financial-institutions\\\/\",\"url\":\"https:\\\/\\\/www.clearsky-network.com\\\/es\\\/financial-institutions\\\/\",\"name\":\"Financial Institutions - Clearsky Network\",\"isPartOf\":{\"@id\":\"https:\\\/\\\/www.clearsky-network.com\\\/zh\\\/#website\"},\"datePublished\":\"2024-03-25T11:10:47+00:00\",\"dateModified\":\"2024-10-09T11:03:12+00:00\",\"description\":\"Regardless of your business\u2019 specifications, Clearsky Network can help you successfully navigate the regulatory landscape and banking options\",\"breadcrumb\":{\"@id\":\"https:\\\/\\\/www.clearsky-network.com\\\/es\\\/financial-institutions\\\/#breadcrumb\"},\"inLanguage\":\"es\",\"potentialAction\":[{\"@type\":\"ReadAction\",\"target\":[\"https:\\\/\\\/www.clearsky-network.com\\\/es\\\/financial-institutions\\\/\"]}]},{\"@type\":\"BreadcrumbList\",\"@id\":\"https:\\\/\\\/www.clearsky-network.com\\\/es\\\/financial-institutions\\\/#breadcrumb\",\"itemListElement\":[{\"@type\":\"ListItem\",\"position\":1,\"name\":\"Home\",\"item\":\"https:\\\/\\\/www.clearsky-network.com\\\/zh\\\/\"},{\"@type\":\"ListItem\",\"position\":2,\"name\":\"Financial Institutions\"}]},{\"@type\":\"WebSite\",\"@id\":\"https:\\\/\\\/www.clearsky-network.com\\\/zh\\\/#website\",\"url\":\"https:\\\/\\\/www.clearsky-network.com\\\/zh\\\/\",\"name\":\"Clearsky Network\",\"description\":\"Global Business Solutions\",\"publisher\":{\"@id\":\"https:\\\/\\\/www.clearsky-network.com\\\/zh\\\/#organization\"},\"potentialAction\":[{\"@type\":\"SearchAction\",\"target\":{\"@type\":\"EntryPoint\",\"urlTemplate\":\"https:\\\/\\\/www.clearsky-network.com\\\/zh\\\/?s={search_term_string}\"},\"query-input\":{\"@type\":\"PropertyValueSpecification\",\"valueRequired\":true,\"valueName\":\"search_term_string\"}}],\"inLanguage\":\"es\"},{\"@type\":\"Organization\",\"@id\":\"https:\\\/\\\/www.clearsky-network.com\\\/zh\\\/#organization\",\"name\":\"Clearsky Network\",\"url\":\"https:\\\/\\\/www.clearsky-network.com\\\/zh\\\/\",\"logo\":{\"@type\":\"ImageObject\",\"inLanguage\":\"es\",\"@id\":\"https:\\\/\\\/www.clearsky-network.com\\\/zh\\\/#\\\/schema\\\/logo\\\/image\\\/\",\"url\":\"https:\\\/\\\/www.clearsky-network.com\\\/wp-content\\\/uploads\\\/2024\\\/03\\\/CSN_Long_no-slogan-black.png\",\"contentUrl\":\"https:\\\/\\\/www.clearsky-network.com\\\/wp-content\\\/uploads\\\/2024\\\/03\\\/CSN_Long_no-slogan-black.png\",\"width\":2474,\"height\":648,\"caption\":\"Clearsky Network\"},\"image\":{\"@id\":\"https:\\\/\\\/www.clearsky-network.com\\\/zh\\\/#\\\/schema\\\/logo\\\/image\\\/\"},\"sameAs\":[\"https:\\\/\\\/www.facebook.com\\\/clearskynetwork\",\"https:\\\/\\\/t.me\\\/Clearsky_Network\",\"https:\\\/\\\/www.linkedin.com\\\/company\\\/clearsky-network\\\/\"]}]}<\/script>\n<!-- \/ Yoast SEO plugin. -->","yoast_head_json":{"title":"Instituciones financieras - Clearsky Network","description":"Independientemente de las especificaciones de su empresa, Clearsky Network puede ayudarle a navegar con \u00e9xito por el panorama normativo y las opciones bancarias","robots":{"index":"index","follow":"follow","max-snippet":"max-snippet:-1","max-image-preview":"max-image-preview:large","max-video-preview":"max-video-preview:-1"},"canonical":"https:\/\/www.clearsky-network.com\/es\/financial-institutions\/","og_locale":"es_ES","og_type":"article","og_title":"Financial Institutions - Clearsky Network","og_description":"Regardless of your business\u2019 specifications, Clearsky Network can help you successfully navigate the regulatory landscape and banking options","og_url":"https:\/\/www.clearsky-network.com\/es\/financial-institutions\/","og_site_name":"Clearsky Network","article_publisher":"https:\/\/www.facebook.com\/clearskynetwork","article_modified_time":"2024-10-09T11:03:12+00:00","twitter_card":"summary_large_image","twitter_misc":{"Tiempo de lectura":"4 minutos"},"schema":{"@context":"https:\/\/schema.org","@graph":[{"@type":"WebPage","@id":"https:\/\/www.clearsky-network.com\/es\/financial-institutions\/","url":"https:\/\/www.clearsky-network.com\/es\/financial-institutions\/","name":"Instituciones financieras - Clearsky Network","isPartOf":{"@id":"https:\/\/www.clearsky-network.com\/zh\/#website"},"datePublished":"2024-03-25T11:10:47+00:00","dateModified":"2024-10-09T11:03:12+00:00","description":"Independientemente de las especificaciones de su empresa, Clearsky Network puede ayudarle a navegar con \u00e9xito por el panorama normativo y las opciones bancarias","breadcrumb":{"@id":"https:\/\/www.clearsky-network.com\/es\/financial-institutions\/#breadcrumb"},"inLanguage":"es","potentialAction":[{"@type":"ReadAction","target":["https:\/\/www.clearsky-network.com\/es\/financial-institutions\/"]}]},{"@type":"BreadcrumbList","@id":"https:\/\/www.clearsky-network.com\/es\/financial-institutions\/#breadcrumb","itemListElement":[{"@type":"ListItem","position":1,"name":"Home","item":"https:\/\/www.clearsky-network.com\/zh\/"},{"@type":"ListItem","position":2,"name":"Financial Institutions"}]},{"@type":"WebSite","@id":"https:\/\/www.clearsky-network.com\/zh\/#website","url":"https:\/\/www.clearsky-network.com\/zh\/","name":"Red Clearsky","description":"Soluciones empresariales globales","publisher":{"@id":"https:\/\/www.clearsky-network.com\/zh\/#organization"},"potentialAction":[{"@type":"SearchAction","target":{"@type":"EntryPoint","urlTemplate":"https:\/\/www.clearsky-network.com\/zh\/?s={search_term_string}"},"query-input":{"@type":"PropertyValueSpecification","valueRequired":true,"valueName":"search_term_string"}}],"inLanguage":"es"},{"@type":"Organization","@id":"https:\/\/www.clearsky-network.com\/zh\/#organization","name":"Red Clearsky","url":"https:\/\/www.clearsky-network.com\/zh\/","logo":{"@type":"ImageObject","inLanguage":"es","@id":"https:\/\/www.clearsky-network.com\/zh\/#\/schema\/logo\/image\/","url":"https:\/\/www.clearsky-network.com\/wp-content\/uploads\/2024\/03\/CSN_Long_no-slogan-black.png","contentUrl":"https:\/\/www.clearsky-network.com\/wp-content\/uploads\/2024\/03\/CSN_Long_no-slogan-black.png","width":2474,"height":648,"caption":"Clearsky Network"},"image":{"@id":"https:\/\/www.clearsky-network.com\/zh\/#\/schema\/logo\/image\/"},"sameAs":["https:\/\/www.facebook.com\/clearskynetwork","https:\/\/t.me\/Clearsky_Network","https:\/\/www.linkedin.com\/company\/clearsky-network\/"]}]}},"_links":{"self":[{"href":"https:\/\/www.clearsky-network.com\/es\/wp-json\/wp\/v2\/pages\/925","targetHints":{"allow":["GET"]}}],"collection":[{"href":"https:\/\/www.clearsky-network.com\/es\/wp-json\/wp\/v2\/pages"}],"about":[{"href":"https:\/\/www.clearsky-network.com\/es\/wp-json\/wp\/v2\/types\/page"}],"author":[{"embeddable":true,"href":"https:\/\/www.clearsky-network.com\/es\/wp-json\/wp\/v2\/users\/1"}],"replies":[{"embeddable":true,"href":"https:\/\/www.clearsky-network.com\/es\/wp-json\/wp\/v2\/comments?post=925"}],"version-history":[{"count":5,"href":"https:\/\/www.clearsky-network.com\/es\/wp-json\/wp\/v2\/pages\/925\/revisions"}],"predecessor-version":[{"id":7309,"href":"https:\/\/www.clearsky-network.com\/es\/wp-json\/wp\/v2\/pages\/925\/revisions\/7309"}],"wp:attachment":[{"href":"https:\/\/www.clearsky-network.com\/es\/wp-json\/wp\/v2\/media?parent=925"}],"curies":[{"name":"wp","href":"https:\/\/api.w.org\/{rel}","templated":true}]}}