{"id":927,"date":"2024-03-25T11:11:03","date_gmt":"2024-03-25T11:11:03","guid":{"rendered":"https:\/\/www.clearsky-network.com\/?page_id=927"},"modified":"2024-10-09T11:03:54","modified_gmt":"2024-10-09T11:03:54","slug":"ecommerce","status":"publish","type":"page","link":"https:\/\/www.clearsky-network.com\/es\/ecommerce\/","title":{"rendered":"Comercio electr\u00f3nico"},"content":{"rendered":"<div data-elementor-type=\"wp-page\" data-elementor-id=\"927\" class=\"elementor elementor-927\" data-elementor-post-type=\"page\">\n\t\t\t\t<div class=\"elementor-element elementor-element-28ecb24 e-flex e-con-boxed e-con e-parent\" data-id=\"28ecb24\" data-element_type=\"container\" data-e-type=\"container\" data-settings=\"{&quot;background_background&quot;:&quot;classic&quot;}\">\n\t\t\t\t\t<div class=\"e-con-inner\">\n\t\t\t\t\t<\/div>\n\t\t\t\t<\/div>\n\t\t<div class=\"elementor-element elementor-element-abc924d e-flex e-con-boxed e-con e-parent\" data-id=\"abc924d\" data-element_type=\"container\" data-e-type=\"container\">\n\t\t\t\t\t<div class=\"e-con-inner\">\n\t\t\t\t<div class=\"elementor-element elementor-element-4cee021 elementor-widget elementor-widget-heading\" data-id=\"4cee021\" data-element_type=\"widget\" data-e-type=\"widget\" data-widget_type=\"heading.default\">\n\t\t\t\t\t<h2 class=\"elementor-heading-title elementor-size-default\">Soluciones electr\u00f3nicas de gran alcance para un comercio electr\u00f3nico de alto potencial<\/h2>\t\t\t\t<\/div>\n\t\t\t\t<div class=\"elementor-element elementor-element-9aeb36f elementor-widget elementor-widget-text-editor\" data-id=\"9aeb36f\" data-element_type=\"widget\" data-e-type=\"widget\" data-widget_type=\"text-editor.default\">\n\t\t\t\t\t\t\t\t\t<p>Muestre su potencial y nosotros protegeremos sus intereses comerciales y la privacidad de sus clientes. Como el comercio electr\u00f3nico ya no es solo comercio, Clearsky Network puede ayudarle a maniobrar su presencia en l\u00ednea limitando al mismo tiempo la exposici\u00f3n al riesgo.<\/p><p>Cada vez hay m\u00e1s exigencias y expectativas en materia de digitalizaci\u00f3n forzosa y transparencia en cuanto a opciones de pago y recopilaci\u00f3n de datos por parte del comprador en general. Por otro lado, las instituciones reguladoras est\u00e1n desarrollando y adaptando marcos jur\u00eddicos a un ritmo acelerado para proteger a los consumidores y regular los mercados digitales, a veces a expensas de los empresarios y emprendedores.<\/p><p>Adentrarse en asuntos tan complejos puede ser una tarea dif\u00edcil, pero no para Clearsky Network. Nuestras soluciones pretenden agilizar y optimizar las operaciones de su negocio de comercio electr\u00f3nico desde el primer d\u00eda en un marco totalmente compatible y resistente.<\/p><p>Por ello, nuestros servicios de comercio electr\u00f3nico y negocios en Internet son cruciales:<\/p>\t\t\t\t\t\t\t\t<\/div>\n\t\t\t\t<div class=\"elementor-element elementor-element-b643bac elementor-widget elementor-widget-heading\" data-id=\"b643bac\" data-element_type=\"widget\" data-e-type=\"widget\" data-widget_type=\"heading.default\">\n\t\t\t\t\t<h2 class=\"elementor-heading-title elementor-size-default\">Privacidad y protecci\u00f3n de datos<\/h2>\t\t\t\t<\/div>\n\t\t\t\t<div class=\"elementor-element elementor-element-a0edbb1 elementor-widget elementor-widget-text-editor\" data-id=\"a0edbb1\" data-element_type=\"widget\" data-e-type=\"widget\" data-widget_type=\"text-editor.default\">\n\t\t\t\t\t\t\t\t\t<p>Los \u00faltimos a\u00f1os han tra\u00eddo responsabilidades m\u00e1s inclusivas para las empresas, ya que las regulaciones en este campo se han vuelto cada vez m\u00e1s estrictas para garantizar pr\u00e1cticas transparentes dentro del marco de GDPR y, si corresponde, la Ley de Privacidad del Consumidor de California. Como tal, nuestro equipo t\u00e1ctico de abogados est\u00e1 bien familiarizado con las mejores pr\u00e1cticas de las industrias y puede garantizar el cumplimiento legal en el establecimiento y respeto de los Acuerdos de T\u00e9rminos de Uso (incluyendo la Pol\u00edtica de Privacidad, Pol\u00edtica de Cookies, Condiciones Generales, el cumplimiento de la DMCA) y la privacidad en l\u00ednea.<\/p>\t\t\t\t\t\t\t\t<\/div>\n\t\t\t\t<div class=\"elementor-element elementor-element-3f1a505 elementor-widget elementor-widget-heading\" data-id=\"3f1a505\" data-element_type=\"widget\" data-e-type=\"widget\" data-widget_type=\"heading.default\">\n\t\t\t\t\t<h2 class=\"elementor-heading-title elementor-size-default\">Acuerdos del sitio web<\/h2>\t\t\t\t<\/div>\n\t\t\t\t<div class=\"elementor-element elementor-element-ecf47ae elementor-widget elementor-widget-text-editor\" data-id=\"ecf47ae\" data-element_type=\"widget\" data-e-type=\"widget\" data-widget_type=\"text-editor.default\">\n\t\t\t\t\t\t\t\t\t<p>Los clientes digitales tienen que conocer las condiciones de uso, sus derechos y responsabilidades, y si dispone de acuerdos claros y exhaustivos para su sitio web, su empresa estar\u00e1 protegida frente a confusiones, acciones coercitivas y responsabilidades, especialmente en el mercado actual, en el que se hace un uso intensivo de los datos de los consumidores.<\/p><p>Nuestro amplio conjunto de servicios abarca:<\/p><ul><li>Acuerdos de desarrollo de sitios web<\/li><li>Acuerdos de licencia de usuario final<\/li><li>Derechos y permisos de los usuarios<\/li><li>Uso adecuado de los servicios<\/li><li>Datos de pago<\/li><li>Pol\u00edtica de devoluciones<\/li><li>Acuerdos inform\u00e1ticos auxiliares (incluidos acuerdos de mantenimiento y asistencia, servicios de integraci\u00f3n, acuerdos de nivel de servicio, modificaciones, acuerdos de confidencialidad y acuerdos de custodia).<\/li><\/ul>\t\t\t\t\t\t\t\t<\/div>\n\t\t\t\t<div class=\"elementor-element elementor-element-b992d6d elementor-widget elementor-widget-heading\" data-id=\"b992d6d\" data-element_type=\"widget\" data-e-type=\"widget\" data-widget_type=\"heading.default\">\n\t\t\t\t\t<h2 class=\"elementor-heading-title elementor-size-default\">Derecho de las redes sociales<\/h2>\t\t\t\t<\/div>\n\t\t\t\t<div class=\"elementor-element elementor-element-6ed6bc7 elementor-widget elementor-widget-text-editor\" data-id=\"6ed6bc7\" data-element_type=\"widget\" data-e-type=\"widget\" data-widget_type=\"text-editor.default\">\n\t\t\t\t\t\t\t\t\t<p>Dado que la presencia en los medios sociales se ha convertido en una norma de marketing, las empresas tienen que hacer frente a los posibles peligros y riesgos legales que rodean a las cuentas sociales empresariales. Para evitar reclamaciones por infracci\u00f3n y confusi\u00f3n de marca, Clearsky Network puede prestar servicios dirigidos a:<\/p><ul><li>Servicios de asesoramiento sobre el cumplimiento de la ley de medios sociales y formaci\u00f3n para promover el uso justo de los activos de propiedad intelectual;<\/li><li>Salvaguardamos la reputaci\u00f3n en l\u00ednea de nuestros clientes al tiempo que fomentamos su libertad de expresi\u00f3n en las estrategias de marca.<\/li><\/ul>\t\t\t\t\t\t\t\t<\/div>\n\t\t\t\t<div class=\"elementor-element elementor-element-62327f6 elementor-widget elementor-widget-heading\" data-id=\"62327f6\" data-element_type=\"widget\" data-e-type=\"widget\" data-widget_type=\"heading.default\">\n\t\t\t\t\t<h2 class=\"elementor-heading-title elementor-size-default\">Propiedad intelectual, infracci\u00f3n de marcas, suplantaci\u00f3n de identidad y servicios de cese de usurpaci\u00f3n de nombres de usuario<\/h2>\t\t\t\t<\/div>\n\t\t\t\t<div class=\"elementor-element elementor-element-f99213e elementor-widget elementor-widget-text-editor\" data-id=\"f99213e\" data-element_type=\"widget\" data-e-type=\"widget\" data-widget_type=\"text-editor.default\">\n\t\t\t\t\t\t\t\t\t<p>Las marcas y las cuentas de usuario son aspectos constitutivos de la identidad de cada marca. Nuestros servicios de comercio electr\u00f3nico abarcan asuntos tan delicados como la ciberpirater\u00eda, los litigios sobre nombres de dominio, los secretos comerciales, las infracciones de los distribuidores y los servicios de vigilancia de marcas nacionales e internacionales. A pesar de los retos que puedan surgir, nuestro experimentado equipo ofrece asesoramiento permanente. Blinde su creaci\u00f3n, proteja su marca.<\/p><p>Los servicios de comercio electr\u00f3nico de Clearsky Network cubren un amplio espectro de leyes relacionadas con las pr\u00e1cticas tecnol\u00f3gicas y las cuestiones centradas en los negocios en torno a la Ley del Consumidor, la Ley de Tecnolog\u00eda y la Ley de Privacidad. Junto con nuestras soluciones integrales de pago y servicios corporativos, podemos ayudarle a establecer una operaci\u00f3n comercial de principio a fin, desde la concesi\u00f3n de licencias hasta la b\u00fasqueda de personal clave en el mercado.<\/p>\t\t\t\t\t\t\t\t<\/div>\n\t\t\t\t<div class=\"elementor-element elementor-element-1238aa8 elementor-widget elementor-widget-text-editor\" data-id=\"1238aa8\" data-element_type=\"widget\" data-e-type=\"widget\" data-widget_type=\"text-editor.default\">\n\t\t\t\t\t\t\t\t\t<p>En un sector tan emergente, la libertad de expresi\u00f3n es vital. P\u00f3ngase en contacto con nosotros hoy mismo para obtener soluciones de comercio electr\u00f3nico a medida.<\/p>\t\t\t\t\t\t\t\t<\/div>\n\t\t\t\t\t<\/div>\n\t\t\t\t<\/div>\n\t\t\t\t<\/div>","protected":false},"excerpt":{"rendered":"<p>Far-reaching e-Solutions for High-potential e-Commerce Showcase your potential, and we will protect your business interests as well as your clients\u2019 privacy. As e-Commerce is no longer only about commerce, Clearsky Network can help you maneuver your online presence while limiting risk exposure. There is an increasing number of demands and expectancies in forced digitalization and [&hellip;]<\/p>\n","protected":false},"author":1,"featured_media":0,"parent":0,"menu_order":0,"comment_status":"closed","ping_status":"closed","template":"elementor_header_footer","meta":{"_acf_changed":false,"footnotes":""},"class_list":["post-927","page","type-page","status-publish","hentry"],"acf":[],"yoast_head":"<!-- This site is optimized with the Yoast SEO plugin v27.5 - https:\/\/yoast.com\/product\/yoast-seo-wordpress\/ -->\n<title>e-Commerce Services - Clearsky Network<\/title>\n<meta name=\"description\" content=\"As e-Commerce is no longer only about commerce, Clearsky Network can help you maneuver your online presence while limiting risk exposure.\" \/>\n<meta name=\"robots\" content=\"index, follow, max-snippet:-1, max-image-preview:large, max-video-preview:-1\" \/>\n<link rel=\"canonical\" href=\"https:\/\/www.clearsky-network.com\/es\/ecommerce\/\" \/>\n<meta property=\"og:locale\" content=\"es_ES\" \/>\n<meta property=\"og:type\" content=\"article\" \/>\n<meta property=\"og:title\" content=\"e-Commerce Services - Clearsky Network\" \/>\n<meta property=\"og:description\" content=\"As e-Commerce is no longer only about commerce, Clearsky Network can help you maneuver your online presence while limiting risk exposure.\" \/>\n<meta property=\"og:url\" content=\"https:\/\/www.clearsky-network.com\/es\/ecommerce\/\" \/>\n<meta property=\"og:site_name\" content=\"Clearsky Network\" \/>\n<meta property=\"article:publisher\" content=\"https:\/\/www.facebook.com\/clearskynetwork\" \/>\n<meta property=\"article:modified_time\" content=\"2024-10-09T11:03:54+00:00\" \/>\n<meta name=\"twitter:card\" content=\"summary_large_image\" \/>\n<meta name=\"twitter:label1\" content=\"Tiempo de lectura\" \/>\n\t<meta name=\"twitter:data1\" content=\"3 minutos\" \/>\n<script type=\"application\/ld+json\" class=\"yoast-schema-graph\">{\"@context\":\"https:\\\/\\\/schema.org\",\"@graph\":[{\"@type\":\"WebPage\",\"@id\":\"https:\\\/\\\/www.clearsky-network.com\\\/ecommerce\\\/\",\"url\":\"https:\\\/\\\/www.clearsky-network.com\\\/ecommerce\\\/\",\"name\":\"e-Commerce Services - Clearsky Network\",\"isPartOf\":{\"@id\":\"https:\\\/\\\/www.clearsky-network.com\\\/zh\\\/#website\"},\"datePublished\":\"2024-03-25T11:11:03+00:00\",\"dateModified\":\"2024-10-09T11:03:54+00:00\",\"description\":\"As e-Commerce is no longer only about commerce, Clearsky Network can help you maneuver your online presence while limiting risk exposure.\",\"breadcrumb\":{\"@id\":\"https:\\\/\\\/www.clearsky-network.com\\\/ecommerce\\\/#breadcrumb\"},\"inLanguage\":\"es\",\"potentialAction\":[{\"@type\":\"ReadAction\",\"target\":[\"https:\\\/\\\/www.clearsky-network.com\\\/ecommerce\\\/\"]}]},{\"@type\":\"BreadcrumbList\",\"@id\":\"https:\\\/\\\/www.clearsky-network.com\\\/ecommerce\\\/#breadcrumb\",\"itemListElement\":[{\"@type\":\"ListItem\",\"position\":1,\"name\":\"Home\",\"item\":\"https:\\\/\\\/www.clearsky-network.com\\\/zh\\\/\"},{\"@type\":\"ListItem\",\"position\":2,\"name\":\"eCommerce\"}]},{\"@type\":\"WebSite\",\"@id\":\"https:\\\/\\\/www.clearsky-network.com\\\/zh\\\/#website\",\"url\":\"https:\\\/\\\/www.clearsky-network.com\\\/zh\\\/\",\"name\":\"Clearsky Network\",\"description\":\"Global Business Solutions\",\"publisher\":{\"@id\":\"https:\\\/\\\/www.clearsky-network.com\\\/zh\\\/#organization\"},\"potentialAction\":[{\"@type\":\"SearchAction\",\"target\":{\"@type\":\"EntryPoint\",\"urlTemplate\":\"https:\\\/\\\/www.clearsky-network.com\\\/zh\\\/?s={search_term_string}\"},\"query-input\":{\"@type\":\"PropertyValueSpecification\",\"valueRequired\":true,\"valueName\":\"search_term_string\"}}],\"inLanguage\":\"es\"},{\"@type\":\"Organization\",\"@id\":\"https:\\\/\\\/www.clearsky-network.com\\\/zh\\\/#organization\",\"name\":\"Clearsky Network\",\"url\":\"https:\\\/\\\/www.clearsky-network.com\\\/zh\\\/\",\"logo\":{\"@type\":\"ImageObject\",\"inLanguage\":\"es\",\"@id\":\"https:\\\/\\\/www.clearsky-network.com\\\/zh\\\/#\\\/schema\\\/logo\\\/image\\\/\",\"url\":\"https:\\\/\\\/www.clearsky-network.com\\\/wp-content\\\/uploads\\\/2024\\\/03\\\/CSN_Long_no-slogan-black.png\",\"contentUrl\":\"https:\\\/\\\/www.clearsky-network.com\\\/wp-content\\\/uploads\\\/2024\\\/03\\\/CSN_Long_no-slogan-black.png\",\"width\":2474,\"height\":648,\"caption\":\"Clearsky Network\"},\"image\":{\"@id\":\"https:\\\/\\\/www.clearsky-network.com\\\/zh\\\/#\\\/schema\\\/logo\\\/image\\\/\"},\"sameAs\":[\"https:\\\/\\\/www.facebook.com\\\/clearskynetwork\",\"https:\\\/\\\/t.me\\\/Clearsky_Network\",\"https:\\\/\\\/www.linkedin.com\\\/company\\\/clearsky-network\\\/\"]}]}<\/script>\n<!-- \/ Yoast SEO plugin. -->","yoast_head_json":{"title":"Servicios de comercio electr\u00f3nico - Clearsky Network","description":"Como el comercio electr\u00f3nico ya no es s\u00f3lo comercio, Clearsky Network puede ayudarle a maniobrar su presencia en l\u00ednea limitando al mismo tiempo la exposici\u00f3n al riesgo.","robots":{"index":"index","follow":"follow","max-snippet":"max-snippet:-1","max-image-preview":"max-image-preview:large","max-video-preview":"max-video-preview:-1"},"canonical":"https:\/\/www.clearsky-network.com\/es\/ecommerce\/","og_locale":"es_ES","og_type":"article","og_title":"e-Commerce Services - Clearsky Network","og_description":"As e-Commerce is no longer only about commerce, Clearsky Network can help you maneuver your online presence while limiting risk exposure.","og_url":"https:\/\/www.clearsky-network.com\/es\/ecommerce\/","og_site_name":"Clearsky Network","article_publisher":"https:\/\/www.facebook.com\/clearskynetwork","article_modified_time":"2024-10-09T11:03:54+00:00","twitter_card":"summary_large_image","twitter_misc":{"Tiempo de lectura":"3 minutos"},"schema":{"@context":"https:\/\/schema.org","@graph":[{"@type":"WebPage","@id":"https:\/\/www.clearsky-network.com\/ecommerce\/","url":"https:\/\/www.clearsky-network.com\/ecommerce\/","name":"Servicios de comercio electr\u00f3nico - Clearsky Network","isPartOf":{"@id":"https:\/\/www.clearsky-network.com\/zh\/#website"},"datePublished":"2024-03-25T11:11:03+00:00","dateModified":"2024-10-09T11:03:54+00:00","description":"Como el comercio electr\u00f3nico ya no es s\u00f3lo comercio, Clearsky Network puede ayudarle a maniobrar su presencia en l\u00ednea limitando al mismo tiempo la exposici\u00f3n al riesgo.","breadcrumb":{"@id":"https:\/\/www.clearsky-network.com\/ecommerce\/#breadcrumb"},"inLanguage":"es","potentialAction":[{"@type":"ReadAction","target":["https:\/\/www.clearsky-network.com\/ecommerce\/"]}]},{"@type":"BreadcrumbList","@id":"https:\/\/www.clearsky-network.com\/ecommerce\/#breadcrumb","itemListElement":[{"@type":"ListItem","position":1,"name":"Home","item":"https:\/\/www.clearsky-network.com\/zh\/"},{"@type":"ListItem","position":2,"name":"eCommerce"}]},{"@type":"WebSite","@id":"https:\/\/www.clearsky-network.com\/zh\/#website","url":"https:\/\/www.clearsky-network.com\/zh\/","name":"Red Clearsky","description":"Soluciones empresariales globales","publisher":{"@id":"https:\/\/www.clearsky-network.com\/zh\/#organization"},"potentialAction":[{"@type":"SearchAction","target":{"@type":"EntryPoint","urlTemplate":"https:\/\/www.clearsky-network.com\/zh\/?s={search_term_string}"},"query-input":{"@type":"PropertyValueSpecification","valueRequired":true,"valueName":"search_term_string"}}],"inLanguage":"es"},{"@type":"Organization","@id":"https:\/\/www.clearsky-network.com\/zh\/#organization","name":"Red Clearsky","url":"https:\/\/www.clearsky-network.com\/zh\/","logo":{"@type":"ImageObject","inLanguage":"es","@id":"https:\/\/www.clearsky-network.com\/zh\/#\/schema\/logo\/image\/","url":"https:\/\/www.clearsky-network.com\/wp-content\/uploads\/2024\/03\/CSN_Long_no-slogan-black.png","contentUrl":"https:\/\/www.clearsky-network.com\/wp-content\/uploads\/2024\/03\/CSN_Long_no-slogan-black.png","width":2474,"height":648,"caption":"Clearsky Network"},"image":{"@id":"https:\/\/www.clearsky-network.com\/zh\/#\/schema\/logo\/image\/"},"sameAs":["https:\/\/www.facebook.com\/clearskynetwork","https:\/\/t.me\/Clearsky_Network","https:\/\/www.linkedin.com\/company\/clearsky-network\/"]}]}},"_links":{"self":[{"href":"https:\/\/www.clearsky-network.com\/es\/wp-json\/wp\/v2\/pages\/927","targetHints":{"allow":["GET"]}}],"collection":[{"href":"https:\/\/www.clearsky-network.com\/es\/wp-json\/wp\/v2\/pages"}],"about":[{"href":"https:\/\/www.clearsky-network.com\/es\/wp-json\/wp\/v2\/types\/page"}],"author":[{"embeddable":true,"href":"https:\/\/www.clearsky-network.com\/es\/wp-json\/wp\/v2\/users\/1"}],"replies":[{"embeddable":true,"href":"https:\/\/www.clearsky-network.com\/es\/wp-json\/wp\/v2\/comments?post=927"}],"version-history":[{"count":5,"href":"https:\/\/www.clearsky-network.com\/es\/wp-json\/wp\/v2\/pages\/927\/revisions"}],"predecessor-version":[{"id":7310,"href":"https:\/\/www.clearsky-network.com\/es\/wp-json\/wp\/v2\/pages\/927\/revisions\/7310"}],"wp:attachment":[{"href":"https:\/\/www.clearsky-network.com\/es\/wp-json\/wp\/v2\/media?parent=927"}],"curies":[{"name":"wp","href":"https:\/\/api.w.org\/{rel}","templated":true}]}}