{"id":929,"date":"2024-03-25T11:11:14","date_gmt":"2024-03-25T11:11:14","guid":{"rendered":"https:\/\/www.clearsky-network.com\/?page_id=929"},"modified":"2024-10-09T11:05:25","modified_gmt":"2024-10-09T11:05:25","slug":"real-estate","status":"publish","type":"page","link":"https:\/\/www.clearsky-network.com\/es\/real-estate\/","title":{"rendered":"Inmobiliario"},"content":{"rendered":"<div data-elementor-type=\"wp-page\" data-elementor-id=\"929\" class=\"elementor elementor-929\" data-elementor-post-type=\"page\">\n\t\t\t\t<div class=\"elementor-element elementor-element-485e78f e-flex e-con-boxed e-con e-parent\" data-id=\"485e78f\" data-element_type=\"container\" data-e-type=\"container\" data-settings=\"{&quot;background_background&quot;:&quot;classic&quot;}\">\n\t\t\t\t\t<div class=\"e-con-inner\">\n\t\t\t\t\t<\/div>\n\t\t\t\t<\/div>\n\t\t<div class=\"elementor-element elementor-element-9ef28dd e-flex e-con-boxed e-con e-parent\" data-id=\"9ef28dd\" data-element_type=\"container\" data-e-type=\"container\">\n\t\t\t\t\t<div class=\"e-con-inner\">\n\t\t\t\t<div class=\"elementor-element elementor-element-fc1894b elementor-widget elementor-widget-heading\" data-id=\"fc1894b\" data-element_type=\"widget\" data-e-type=\"widget\" data-widget_type=\"heading.default\">\n\t\t\t\t\t<h2 class=\"elementor-heading-title elementor-size-default\">La base inquebrantable que necesitan sus proyectos<\/h2>\t\t\t\t<\/div>\n\t\t\t\t<div class=\"elementor-element elementor-element-f7f4f52 elementor-widget elementor-widget-text-editor\" data-id=\"f7f4f52\" data-element_type=\"widget\" data-e-type=\"widget\" data-widget_type=\"text-editor.default\">\n\t\t\t\t\t\t\t\t\t<p>Desde la vivienda residencial al desarrollo inmobiliario comercial, la inversi\u00f3n inmobiliaria y el crecimiento y maduraci\u00f3n de los activos est\u00e1n plagados de retos legales, y estamos aqu\u00ed para guiarle a trav\u00e9s del complejo laberinto de leyes locales y nacionales, y nos aseguraremos de que su proyecto llegue a buen puerto.<\/p><p>Combinamos una presencia local con una experiencia global para ofrecer a nuestros clientes una pl\u00e9tora de servicios jur\u00eddicos y de consultor\u00eda adaptados a inversiones y desarrollos inmobiliarios de todos los tama\u00f1os.<\/p><p>Nuestros abogados inmobiliarios ayudan a los clientes de nuestro bufete a satisfacer las necesidades y expectativas inmobiliarias de sus negocios prest\u00e1ndoles un servicio de primera categor\u00eda, que incluye atenci\u00f3n personalizada, gran capacidad de respuesta y profesionalidad tanto desde el punto de vista empresarial como jur\u00eddico.<\/p><p>Con dominio de varios idiomas, nuestro equipo inmobiliario es capaz de prestar servicios en diversas \u00e1reas del sector inmobiliario, y principalmente en los campos del desarrollo, la construcci\u00f3n y la comercializaci\u00f3n de inmuebles residenciales, comerciales e industriales, tanto en Israel como en el extranjero.<\/p><p>Esta amplia gama de especializaciones permite a nuestros abogados inmobiliarios ofrecer un servicio integral y eficaz sin renunciar a su toque personal \u00fanico. Adem\u00e1s, trabajar con nosotros significa que usted gestiona una relaci\u00f3n \u00fanica y desarrolla un socio de confianza que le representar\u00e1 continuamente ante las entidades de pago, los organismos reguladores y siempre tendr\u00e1 en mente su mejor inter\u00e9s legal.<\/p>\t\t\t\t\t\t\t\t<\/div>\n\t\t\t\t<div class=\"elementor-element elementor-element-2917b04 elementor-widget elementor-widget-heading\" data-id=\"2917b04\" data-element_type=\"widget\" data-e-type=\"widget\" data-widget_type=\"heading.default\">\n\t\t\t\t\t<h2 class=\"elementor-heading-title elementor-size-default\">Sectores clave accionables<\/h2>\t\t\t\t<\/div>\n\t\t\t\t<div class=\"elementor-element elementor-element-de59d00 elementor-widget elementor-widget-text-editor\" data-id=\"de59d00\" data-element_type=\"widget\" data-e-type=\"widget\" data-widget_type=\"text-editor.default\">\n\t\t\t\t\t\t\t\t\t<p>Nuestro diligente equipo jur\u00eddico inmobiliario representa a empresas privadas y corporativas locales e internacionales de diversos sectores, como:<\/p><ul><li>Viviendas residenciales;<\/li><li>Planificaci\u00f3n y zonificaci\u00f3n;<\/li><li>Renovaci\u00f3n urbana;<\/li><li>Financiaci\u00f3n del proyecto;<\/li><li>Banca;<\/li><li>Fondo inmobiliario;<\/li><li>Fondos mezzanine;<\/li><li>Financiaci\u00f3n descentralizada y criptomonedas;<\/li><li>Infraestructuras;<\/li><li>Proyectos residenciales de gama alta;<\/li><li>Impuestos - Fiscalidad internacional y fiscalidad inmobiliaria;<\/li><li>Derecho municipal y fiscalidad;<\/li><li>Licitaciones;<\/li><\/ul>\t\t\t\t\t\t\t\t<\/div>\n\t\t\t\t<div class=\"elementor-element elementor-element-9d3d7ad elementor-widget elementor-widget-heading\" data-id=\"9d3d7ad\" data-element_type=\"widget\" data-e-type=\"widget\" data-widget_type=\"heading.default\">\n\t\t\t\t\t<h2 class=\"elementor-heading-title elementor-size-default\">Desarrollo inmobiliario comercial e industrial<\/h2>\t\t\t\t<\/div>\n\t\t\t\t<div class=\"elementor-element elementor-element-d7972f2 elementor-widget elementor-widget-text-editor\" data-id=\"d7972f2\" data-element_type=\"widget\" data-e-type=\"widget\" data-widget_type=\"text-editor.default\">\n\t\t\t\t\t\t\t\t\t<p>Respaldadas por activos bien elegidos, las acciones de promoci\u00f3n inmobiliaria pueden garantizar un flujo de caja previsible y una diversificaci\u00f3n sostenible de los flujos de ingresos. Dado que las propiedades de inversi\u00f3n pueden aumentar a\u00fan m\u00e1s sus plusval\u00edas debido a su revalorizaci\u00f3n en el tiempo, nuestra minuciosa mir\u00edada de soluciones est\u00e1 dirigida a a\u00f1adir valor a su cartera con puertas de entrada convincentes.<\/p>\t\t\t\t\t\t\t\t<\/div>\n\t\t\t\t<div class=\"elementor-element elementor-element-f99b376 elementor-widget elementor-widget-heading\" data-id=\"f99b376\" data-element_type=\"widget\" data-e-type=\"widget\" data-widget_type=\"heading.default\">\n\t\t\t\t\t<h2 class=\"elementor-heading-title elementor-size-default\">Derecho de la construcci\u00f3n<\/h2>\t\t\t\t<\/div>\n\t\t\t\t<div class=\"elementor-element elementor-element-d66e57f elementor-widget elementor-widget-text-editor\" data-id=\"d66e57f\" data-element_type=\"widget\" data-e-type=\"widget\" data-widget_type=\"text-editor.default\">\n\t\t\t\t\t\t\t\t\t<p>Clearsky Network proporciona asesoramiento y representaci\u00f3n legal continuos a lo largo de todas las fases de la construcci\u00f3n, desde la adquisici\u00f3n del terreno y la obtenci\u00f3n de los permisos de construcci\u00f3n adecuados hasta la resoluci\u00f3n de conflictos posteriores a la construcci\u00f3n, como defectos de construcci\u00f3n, cuestiones contractuales y gesti\u00f3n de proyectos. El objetivo principal de nuestro enfoque es desarrollar con \u00e9xito una estrategia que garantice sus operaciones de construcci\u00f3n, junto con la prevenci\u00f3n de costosos litigios futuros. En esencia, el espectro de nuestra asistencia converge:<\/p><ul><li>Preparaci\u00f3n de contratos\/documentaci\u00f3n y administraci\u00f3n de proyectos;<\/li><li>Reclamaciones y litigios de construcci\u00f3n;<\/li><li>Representaci\u00f3n jur\u00eddica espec\u00edfica;<\/li><li>Contratos gubernamentales y p\u00fablicos;<\/li><li>Cumplimiento gubernamental;<\/li><li>Asesoramiento en materia de garant\u00eda de construcci\u00f3n (litigios, mediaci\u00f3n, arbitraje).<\/li><\/ul>\t\t\t\t\t\t\t\t<\/div>\n\t\t\t\t<div class=\"elementor-element elementor-element-72b5b4b elementor-widget elementor-widget-heading\" data-id=\"72b5b4b\" data-element_type=\"widget\" data-e-type=\"widget\" data-widget_type=\"heading.default\">\n\t\t\t\t\t<h2 class=\"elementor-heading-title elementor-size-default\">Fiscalidad internacional y fiscalidad inmobiliaria\n<\/h2>\t\t\t\t<\/div>\n\t\t\t\t<div class=\"elementor-element elementor-element-a6e0d20 elementor-widget elementor-widget-text-editor\" data-id=\"a6e0d20\" data-element_type=\"widget\" data-e-type=\"widget\" data-widget_type=\"text-editor.default\">\n\t\t\t\t\t\t\t\t\t<p>Teniendo en cuenta el valor de los bienes inmuebles dentro de la econom\u00eda de un pa\u00eds, junto con su potencial de incremento de valor, los inversores inmobiliarios pueden beneficiarse de una multitud de desgravaciones y deducciones fiscales calculadas, dependiendo de la jurisdicci\u00f3n de inter\u00e9s. Nuestro pragm\u00e1tico equipo puede ayudarle a descubrir las ventajas ocultas del mercado y aprovechar las oportunidades que ofrece la propiedad, explotaci\u00f3n y gesti\u00f3n de un inmueble.<\/p><p>D\u00e9 el primer paso hacia una base jur\u00eddica s\u00f3lida y considere la posibilidad de que nos encarguemos de sus principales contratos y acuerdos legales. Nuestros experimentados abogados est\u00e1n aqu\u00ed para planificar todas las necesidades de su empresa y asegurarse de que est\u00e1 cubierta en todos los aspectos legales que estamos aqu\u00ed para salvaguardar sus operaciones y ayudarle a alcanzar sus objetivos desde el primer d\u00eda.<\/p>\t\t\t\t\t\t\t\t<\/div>\n\t\t\t\t<div class=\"elementor-element elementor-element-7df3595 elementor-widget elementor-widget-text-editor\" data-id=\"7df3595\" data-element_type=\"widget\" data-e-type=\"widget\" data-widget_type=\"text-editor.default\">\n\t\t\t\t\t\t\t\t\t<p>La innovaci\u00f3n empieza con una elecci\u00f3n y un socio.<\/p>\t\t\t\t\t\t\t\t<\/div>\n\t\t\t\t\t<\/div>\n\t\t\t\t<\/div>\n\t\t\t\t<\/div>","protected":false},"excerpt":{"rendered":"<p>The unwavering foundation your projects need From residential housing to commercial real estate development, real estate investment and asset growth &amp; maturation are fraught with legal challenges, and we\u2019re here to guide you through the complex maze of local and national laws, and we\u2019ll ensure your project comes to fruition. We combine a local presence [&hellip;]<\/p>\n","protected":false},"author":1,"featured_media":0,"parent":0,"menu_order":0,"comment_status":"closed","ping_status":"closed","template":"elementor_header_footer","meta":{"_acf_changed":false,"footnotes":""},"class_list":["post-929","page","type-page","status-publish","hentry"],"acf":[],"yoast_head":"<!-- This site is optimized with the Yoast SEO plugin v27.3 - https:\/\/yoast.com\/product\/yoast-seo-wordpress\/ -->\n<title>Real Estate Services - Clearsky Network<\/title>\n<meta name=\"description\" content=\"We combine a local presence with global experience we offer legal and consulting services custom-tailored to all real estate developments\" \/>\n<meta name=\"robots\" content=\"index, follow, max-snippet:-1, max-image-preview:large, max-video-preview:-1\" \/>\n<link rel=\"canonical\" href=\"https:\/\/www.clearsky-network.com\/es\/real-estate\/\" \/>\n<meta property=\"og:locale\" content=\"es_ES\" \/>\n<meta property=\"og:type\" content=\"article\" \/>\n<meta property=\"og:title\" content=\"Real Estate Services - Clearsky Network\" \/>\n<meta property=\"og:description\" content=\"We combine a local presence with global experience we offer legal and consulting services custom-tailored to all real estate developments\" \/>\n<meta property=\"og:url\" content=\"https:\/\/www.clearsky-network.com\/es\/real-estate\/\" \/>\n<meta property=\"og:site_name\" content=\"Clearsky Network\" \/>\n<meta property=\"article:publisher\" content=\"https:\/\/www.facebook.com\/clearskynetwork\" \/>\n<meta property=\"article:modified_time\" content=\"2024-10-09T11:05:25+00:00\" \/>\n<meta name=\"twitter:card\" content=\"summary_large_image\" \/>\n<meta name=\"twitter:label1\" content=\"Tiempo de lectura\" \/>\n\t<meta name=\"twitter:data1\" content=\"3 minutos\" \/>\n<script type=\"application\/ld+json\" class=\"yoast-schema-graph\">{\"@context\":\"https:\\\/\\\/schema.org\",\"@graph\":[{\"@type\":\"WebPage\",\"@id\":\"https:\\\/\\\/www.clearsky-network.com\\\/real-estate\\\/\",\"url\":\"https:\\\/\\\/www.clearsky-network.com\\\/real-estate\\\/\",\"name\":\"Real Estate Services - Clearsky Network\",\"isPartOf\":{\"@id\":\"https:\\\/\\\/www.clearsky-network.com\\\/#website\"},\"datePublished\":\"2024-03-25T11:11:14+00:00\",\"dateModified\":\"2024-10-09T11:05:25+00:00\",\"description\":\"We combine a local presence with global experience we offer legal and consulting services custom-tailored to all real estate developments\",\"breadcrumb\":{\"@id\":\"https:\\\/\\\/www.clearsky-network.com\\\/real-estate\\\/#breadcrumb\"},\"inLanguage\":\"es\",\"potentialAction\":[{\"@type\":\"ReadAction\",\"target\":[\"https:\\\/\\\/www.clearsky-network.com\\\/real-estate\\\/\"]}]},{\"@type\":\"BreadcrumbList\",\"@id\":\"https:\\\/\\\/www.clearsky-network.com\\\/real-estate\\\/#breadcrumb\",\"itemListElement\":[{\"@type\":\"ListItem\",\"position\":1,\"name\":\"Home\",\"item\":\"https:\\\/\\\/www.clearsky-network.com\\\/\"},{\"@type\":\"ListItem\",\"position\":2,\"name\":\"Real-Estate\"}]},{\"@type\":\"WebSite\",\"@id\":\"https:\\\/\\\/www.clearsky-network.com\\\/#website\",\"url\":\"https:\\\/\\\/www.clearsky-network.com\\\/\",\"name\":\"Clearsky Network\",\"description\":\"Global Business Solutions\",\"publisher\":{\"@id\":\"https:\\\/\\\/www.clearsky-network.com\\\/#organization\"},\"potentialAction\":[{\"@type\":\"SearchAction\",\"target\":{\"@type\":\"EntryPoint\",\"urlTemplate\":\"https:\\\/\\\/www.clearsky-network.com\\\/?s={search_term_string}\"},\"query-input\":{\"@type\":\"PropertyValueSpecification\",\"valueRequired\":true,\"valueName\":\"search_term_string\"}}],\"inLanguage\":\"es\"},{\"@type\":\"Organization\",\"@id\":\"https:\\\/\\\/www.clearsky-network.com\\\/#organization\",\"name\":\"Clearsky Network\",\"url\":\"https:\\\/\\\/www.clearsky-network.com\\\/\",\"logo\":{\"@type\":\"ImageObject\",\"inLanguage\":\"es\",\"@id\":\"https:\\\/\\\/www.clearsky-network.com\\\/#\\\/schema\\\/logo\\\/image\\\/\",\"url\":\"https:\\\/\\\/www.clearsky-network.com\\\/wp-content\\\/uploads\\\/2024\\\/03\\\/CSN_Long_no-slogan-black.png\",\"contentUrl\":\"https:\\\/\\\/www.clearsky-network.com\\\/wp-content\\\/uploads\\\/2024\\\/03\\\/CSN_Long_no-slogan-black.png\",\"width\":2474,\"height\":648,\"caption\":\"Clearsky Network\"},\"image\":{\"@id\":\"https:\\\/\\\/www.clearsky-network.com\\\/#\\\/schema\\\/logo\\\/image\\\/\"},\"sameAs\":[\"https:\\\/\\\/www.facebook.com\\\/clearskynetwork\",\"https:\\\/\\\/t.me\\\/Clearsky_Network\",\"https:\\\/\\\/www.linkedin.com\\\/company\\\/clearsky-network\\\/\"]}]}<\/script>\n<!-- \/ Yoast SEO plugin. -->","yoast_head_json":{"title":"Servicios inmobiliarios - Clearsky Network","description":"Combinamos una presencia local con una experiencia global. Ofrecemos servicios jur\u00eddicos y de consultor\u00eda adaptados a todos los desarrollos inmobiliarios.","robots":{"index":"index","follow":"follow","max-snippet":"max-snippet:-1","max-image-preview":"max-image-preview:large","max-video-preview":"max-video-preview:-1"},"canonical":"https:\/\/www.clearsky-network.com\/es\/real-estate\/","og_locale":"es_ES","og_type":"article","og_title":"Real Estate Services - Clearsky Network","og_description":"We combine a local presence with global experience we offer legal and consulting services custom-tailored to all real estate developments","og_url":"https:\/\/www.clearsky-network.com\/es\/real-estate\/","og_site_name":"Clearsky Network","article_publisher":"https:\/\/www.facebook.com\/clearskynetwork","article_modified_time":"2024-10-09T11:05:25+00:00","twitter_card":"summary_large_image","twitter_misc":{"Tiempo de lectura":"3 minutos"},"schema":{"@context":"https:\/\/schema.org","@graph":[{"@type":"WebPage","@id":"https:\/\/www.clearsky-network.com\/real-estate\/","url":"https:\/\/www.clearsky-network.com\/real-estate\/","name":"Servicios inmobiliarios - Clearsky Network","isPartOf":{"@id":"https:\/\/www.clearsky-network.com\/#website"},"datePublished":"2024-03-25T11:11:14+00:00","dateModified":"2024-10-09T11:05:25+00:00","description":"Combinamos una presencia local con una experiencia global. Ofrecemos servicios jur\u00eddicos y de consultor\u00eda adaptados a todos los desarrollos inmobiliarios.","breadcrumb":{"@id":"https:\/\/www.clearsky-network.com\/real-estate\/#breadcrumb"},"inLanguage":"es","potentialAction":[{"@type":"ReadAction","target":["https:\/\/www.clearsky-network.com\/real-estate\/"]}]},{"@type":"BreadcrumbList","@id":"https:\/\/www.clearsky-network.com\/real-estate\/#breadcrumb","itemListElement":[{"@type":"ListItem","position":1,"name":"Home","item":"https:\/\/www.clearsky-network.com\/"},{"@type":"ListItem","position":2,"name":"Real-Estate"}]},{"@type":"WebSite","@id":"https:\/\/www.clearsky-network.com\/#website","url":"https:\/\/www.clearsky-network.com\/","name":"Red Clearsky","description":"Soluciones empresariales globales","publisher":{"@id":"https:\/\/www.clearsky-network.com\/#organization"},"potentialAction":[{"@type":"SearchAction","target":{"@type":"EntryPoint","urlTemplate":"https:\/\/www.clearsky-network.com\/?s={search_term_string}"},"query-input":{"@type":"PropertyValueSpecification","valueRequired":true,"valueName":"search_term_string"}}],"inLanguage":"es"},{"@type":"Organization","@id":"https:\/\/www.clearsky-network.com\/#organization","name":"Red Clearsky","url":"https:\/\/www.clearsky-network.com\/","logo":{"@type":"ImageObject","inLanguage":"es","@id":"https:\/\/www.clearsky-network.com\/#\/schema\/logo\/image\/","url":"https:\/\/www.clearsky-network.com\/wp-content\/uploads\/2024\/03\/CSN_Long_no-slogan-black.png","contentUrl":"https:\/\/www.clearsky-network.com\/wp-content\/uploads\/2024\/03\/CSN_Long_no-slogan-black.png","width":2474,"height":648,"caption":"Clearsky Network"},"image":{"@id":"https:\/\/www.clearsky-network.com\/#\/schema\/logo\/image\/"},"sameAs":["https:\/\/www.facebook.com\/clearskynetwork","https:\/\/t.me\/Clearsky_Network","https:\/\/www.linkedin.com\/company\/clearsky-network\/"]}]}},"_links":{"self":[{"href":"https:\/\/www.clearsky-network.com\/es\/wp-json\/wp\/v2\/pages\/929","targetHints":{"allow":["GET"]}}],"collection":[{"href":"https:\/\/www.clearsky-network.com\/es\/wp-json\/wp\/v2\/pages"}],"about":[{"href":"https:\/\/www.clearsky-network.com\/es\/wp-json\/wp\/v2\/types\/page"}],"author":[{"embeddable":true,"href":"https:\/\/www.clearsky-network.com\/es\/wp-json\/wp\/v2\/users\/1"}],"replies":[{"embeddable":true,"href":"https:\/\/www.clearsky-network.com\/es\/wp-json\/wp\/v2\/comments?post=929"}],"version-history":[{"count":5,"href":"https:\/\/www.clearsky-network.com\/es\/wp-json\/wp\/v2\/pages\/929\/revisions"}],"predecessor-version":[{"id":7311,"href":"https:\/\/www.clearsky-network.com\/es\/wp-json\/wp\/v2\/pages\/929\/revisions\/7311"}],"wp:attachment":[{"href":"https:\/\/www.clearsky-network.com\/es\/wp-json\/wp\/v2\/media?parent=929"}],"curies":[{"name":"wp","href":"https:\/\/api.w.org\/{rel}","templated":true}]}}